{"id":438,"date":"2023-10-17T19:51:27","date_gmt":"2023-10-17T22:51:27","guid":{"rendered":"https:\/\/hificlub.com.br\/loja2\/produto\/kimber-ks1116-cobre-1m\/"},"modified":"2026-03-03T22:21:14","modified_gmt":"2026-03-04T01:21:14","slug":"kimber-ks1116-cobre-1m","status":"publish","type":"product","link":"https:\/\/hificlub.com.br\/loja\/produto\/kimber-ks1116-cobre-1m\/","title":{"rendered":"KIMBER KS1116  XLR 1 metro"},"content":{"rendered":"<p>Somente o melhor cobre hiperpuro e molecularmente otimizado \u00e9 utilizado no Kimber Select KS1116. O KS1116 \u00e9 constru\u00eddo utilizando nossa geometria tran\u00e7ada ortogonalmente com matriz restrita. O sil\u00eancio \u00e9 o recurso mais poderoso deste cabo. A geometria e os diel\u00e9tricos do KS 1116 reduzem drasticamente o ru\u00eddo de fundo e o ru\u00eddo de fundo. Menor ru\u00eddo de fundo significa maior detalhe din\u00e2mico. O KS1116 tem uma presen\u00e7a marcante. Sem ru\u00eddos esp\u00farios para competir pelos seus ouvidos, toda a gama sonora pode ser apresentada da mesma forma que ocorreria naturalmente. Nosso objetivo final com este cabo sem concess\u00f5es era encontrar os limites de um design totalmente em cobre. Meticulosamente constru\u00eddo \u00e0 m\u00e3o pela mesma equipe h\u00e1 mais de 10 anos, o Kimber Select representa nosso melhor trabalho. O KS 1116 possui conectores tipo XLR &#8220;de n\u00edvel de est\u00fadio&#8221; com contatos banhados a prata.<\/p>\n","protected":false},"excerpt":{"rendered":"<p>Somente o melhor cobre hiperpuro e molecularmente otimizado \u00e9 utilizado no Kimber Select KS1116. O KS1116 \u00e9 constru\u00eddo utilizando nossa geometria tran\u00e7ada ortogonalmente com matriz restrita. O sil\u00eancio \u00e9 o recurso mais poderoso deste cabo. A geometria e os diel\u00e9tricos do KS 1116 reduzem drasticamente o ru\u00eddo de fundo e o ru\u00eddo de fundo. Menor [&hellip;]<\/p>\n","protected":false},"featured_media":437,"template":"","meta":{"_acf_changed":false},"product_brand":[],"product_cat":[61,73,64],"product_tag":[],"class_list":{"0":"post-438","1":"product","2":"type-product","3":"status-publish","4":"has-post-thumbnail","6":"product_cat-cabos","7":"product_cat-interconnect-xlr","8":"product_cat-kimber","10":"first","11":"instock","12":"sold-individually","13":"shipping-taxable","14":"purchasable","15":"product-type-simple"},"acf":[],"aioseo_notices":[],"_links":{"self":[{"href":"https:\/\/hificlub.com.br\/loja\/wp-json\/wp\/v2\/product\/438","targetHints":{"allow":["GET"]}}],"collection":[{"href":"https:\/\/hificlub.com.br\/loja\/wp-json\/wp\/v2\/product"}],"about":[{"href":"https:\/\/hificlub.com.br\/loja\/wp-json\/wp\/v2\/types\/product"}],"wp:featuredmedia":[{"embeddable":true,"href":"https:\/\/hificlub.com.br\/loja\/wp-json\/wp\/v2\/media\/437"}],"wp:attachment":[{"href":"https:\/\/hificlub.com.br\/loja\/wp-json\/wp\/v2\/media?parent=438"}],"wp:term":[{"taxonomy":"product_brand","embeddable":true,"href":"https:\/\/hificlub.com.br\/loja\/wp-json\/wp\/v2\/product_brand?post=438"},{"taxonomy":"product_cat","embeddable":true,"href":"https:\/\/hificlub.com.br\/loja\/wp-json\/wp\/v2\/product_cat?post=438"},{"taxonomy":"product_tag","embeddable":true,"href":"https:\/\/hificlub.com.br\/loja\/wp-json\/wp\/v2\/product_tag?post=438"}],"curies":[{"name":"wp","href":"https:\/\/api.w.org\/{rel}","templated":true}]}}