{"id":4340,"date":"2023-10-17T20:11:18","date_gmt":"2023-10-17T23:11:18","guid":{"rendered":"https:\/\/hificlub.com.br\/loja2\/produto\/mcintosh-mc1502-150-watts\/"},"modified":"2026-03-03T22:20:35","modified_gmt":"2026-03-04T01:20:35","slug":"mcintosh-mc1502-150-watts","status":"publish","type":"product","link":"https:\/\/hificlub.com.br\/loja\/produto\/mcintosh-mc1502-150-watts\/","title":{"rendered":"McINTOSH MC1502 150 Watts"},"content":{"rendered":"<p>O amplificador valvulado MC1502 \u00e9 um amplificador est\u00e9reo projetado para sistemas de \u00e1udio e m\u00fasica dom\u00e9sticos que produz 150 Watts por canal.\u00a0\u00c9 a substitui\u00e7\u00e3o direta do nosso\u00a0<a href=\"https:\/\/www-mcintoshlabs-com.translate.goog\/products\/amplifiers\/MC2152AN?_x_tr_sl=en&amp;_x_tr_tl=pt&amp;_x_tr_hl=pt-BR&amp;_x_tr_pto=sc\">premiado amplificador de tubo de v\u00e1cuo de edi\u00e7\u00e3o limitada MC2152 70\u00ba anivers\u00e1rio<\/a>\u00a0, que foi lan\u00e7ado em comemora\u00e7\u00e3o ao nosso 70\u00ba anivers\u00e1rio ocorrido em 2019. O novo MC1502 tem especifica\u00e7\u00f5es de \u00e1udio id\u00eanticas e desempenho de reprodu\u00e7\u00e3o de som do anunciado MC2152, mas em um design McIntosh mais habitual.<\/p>\n<div class=\"display-table \">\n<div class=\"table-cell w50 vertical-middle to-load-b delay-1 noPad loaded\">\n<blockquote><p>O MC1502 &#8220;combina controle brutal e quantidades de pot\u00eancia, com abertura e sofistica\u00e7\u00e3o. O amplificador \u00e9 potente o suficiente para alimentar a maioria dos alto-falantes e s\u00f3 soar\u00e1 melhor quanto mais ele tiver para trabalhar.&#8221;\u00a0Altamente recomendado.\u00a0\u2013\u00a0<a href=\"https:\/\/www-mcintoshlabs-com.translate.goog\/brand\/news\/MC1502-Lyd-Bilde?_x_tr_sl=en&amp;_x_tr_tl=pt&amp;_x_tr_hl=pt-BR&amp;_x_tr_pto=sc\">Lyd &amp; Bilde<\/a><\/p><\/blockquote>\n<\/div>\n<\/div>\n<div class=\"display-table \">\n<div class=\"table-cell w50 vertical-middle to-load-b delay-1 noPad loaded\">\n<p>O MC1502 compartilha o estilo atemporal do nosso cl\u00e1ssico amplificador de v\u00e1lvula a v\u00e1cuo MC275.\u00a0Como o MC1502 tem o dobro da pot\u00eancia nominal do MC275 (150 Watts vs. 75 Watts) e \u00e9 fisicamente maior, em muitos aspectos ele pode ser considerado o irm\u00e3o mais velho do MC275.\u00a0E enquanto um par de MC275s pode ser executado em mono para atingir a sa\u00edda de 150 Watts por canal do MC1502, o MC1502 possui uma melhor rela\u00e7\u00e3o sinal-ru\u00eddo de 112dB vs. 105dB para o emparelhamento MC275 &#8211; produzindo um desempenho ainda mais silencioso do que o j\u00e1 silencioso MC275.<\/p>\n<div class=\"display-table \">\n<div class=\"table-cell w50 vertical-middle to-load-b delay-1 noPad loaded\">\n<blockquote><p>O MC1502 \u00e9 &#8220;um sucesso absoluto&#8221;.\u00a0Ele tem a &#8220;limpeza, baixo ru\u00eddo e largura de banda dos designs de amplificadores modernos com melhor som, com apenas o suficiente do molho especial que adoro em tubos e transformadores. Som audi\u00f3filo de alta qualidade em toda a sua gl\u00f3ria refinada, sem nenhum tipo de tubo raro , configura\u00e7\u00e3o meticulosa ou idiossincrasias de uso. Al\u00e9m disso, MUITA pot\u00eancia e alguns recursos divertidos, tudo em um belo pacote criado para durar uma vida inteira e al\u00e9m. Altamente recomendado.&#8221;\u00a0\u2013\u00a0<a href=\"https:\/\/www-mcintoshlabs-com.translate.goog\/brand\/news\/MC1502-Part-Time-Audiophile?_x_tr_sl=en&amp;_x_tr_tl=pt&amp;_x_tr_hl=pt-BR&amp;_x_tr_pto=sc\">Audi\u00f3filo em tempo parcial<\/a><\/p><\/blockquote>\n<\/div>\n<\/div>\n<div class=\"display-table \">\n<div class=\"table-cell w50 vertical-middle to-load-b delay-1 noPad loaded\">\n<p>O MC1502 \u00e9 alimentado por oito tubos de v\u00e1cuo de sa\u00edda KT88, com quatro atribu\u00eddos a cada canal est\u00e9reo.\u00a0Ele tamb\u00e9m possui oito pequenos tubos de sinal, consistindo em quatro tubos de v\u00e1cuo 12AX7A e quatro 12AT7;\u00a0dois de cada um desses tubos de v\u00e1cuo s\u00e3o dedicados a cada canal de \u00e1udio.\u00a0As v\u00e1lvulas 12AX7A s\u00e3o para os amplificadores balanceados e de entrada, enquanto as v\u00e1lvulas 12AT7 s\u00e3o para os amplificadores Voltage e Driver.\u00a0Todos os tubos de v\u00e1cuo s\u00e3o cobertos por uma gaiola de arame de a\u00e7o inoxid\u00e1vel de calibre 12 com acabamento em p\u00f3 preto.<\/p>\n<div class=\"display-table \">\n<div class=\"table-cell w50 vertical-middle to-load-b delay-1 noPad loaded\">\n<blockquote><p>O amplificador de tubo de v\u00e1cuo MC1502 e o pr\u00e9-amplificador de tubo de v\u00e1cuo\u00a0<a href=\"https:\/\/www-mcintoshlabs-com.translate.goog\/products\/preamplifiers\/C22-Mk-V?_x_tr_sl=en&amp;_x_tr_tl=pt&amp;_x_tr_hl=pt-BR&amp;_x_tr_pto=sc\">C22<\/a>\u00a0\u00a0Mk V representam o som de heran\u00e7a tradicional de McIntosh e com a tecnologia McIntosh moderna adicionada, outra obra-prima nasce.\u00a0\u2013\u00a0<a href=\"https:\/\/translate.google.com\/website?sl=en&amp;tl=pt&amp;hl=pt-BR&amp;prev=search&amp;u=http:\/\/www.audioht.co.kr\/news\/articleView.html?idxno%3D11730\" target=\"_blank\" rel=\"noopener noreferrer\">HiFi e \u00e1udio de home theater<\/a><\/p><\/blockquote>\n<\/div>\n<\/div>\n<div class=\"display-table \">\n<div class=\"table-cell w50 vertical-middle to-load-b delay-1 noPad loaded\">\n<p>Os soquetes do tubo de v\u00e1cuo KT88 incluem refrigera\u00e7\u00e3o Air-Pipe em suas bases para ajudar a facilitar a longa vida \u00fatil.\u00a0Os oito soquetes do tubo de sinal t\u00eam constru\u00e7\u00e3o de base de cer\u00e2mica com contatos banhados a ouro, proporcionando prote\u00e7\u00e3o contra contamina\u00e7\u00e3o atmosf\u00e9rica.\u00a0Todos os tubos de v\u00e1cuo ficam sobre o chassi de a\u00e7o inoxid\u00e1vel polido com precis\u00e3o para um acabamento espelhado.\u00a0Nossa tecnologia Sentry Monitor\u00a0\u2122\u00a0monitora a corrente de sa\u00edda e desliga o amplificador se ele exceder os limites de seguran\u00e7a;\u00a0os tubos de sinal piscar\u00e3o em vermelho se o Monitor Sentinela for ativado.<\/p>\n<p>Ao contr\u00e1rio de muitos outros amplificadores, os 150 Watts completos do MC1502 podem ser fornecidos a quase qualquer par de alto-falantes, independentemente de terem imped\u00e2ncia de 2, 4 ou 8 Ohm. Isso se deve \u00e0 nossa tecnologia patenteada de transformador de sa\u00edda Unity Coupled Circuit \u2013 a mesma tecnologia na qual a McIntosh foi fundada em 1949. Dois transformadores de sa\u00edda Unity Coupled Circuit flanqueiam o transformador de pot\u00eancia que est\u00e1 posicionado entre eles. Cada transformador \u00e9 alojado em um inv\u00f3lucro extrudado com tampo de vidro que exibe o diagrama de fia\u00e7\u00e3o de cada transformador. Dois crach\u00e1s vintage de alum\u00ednio fundido adornam os dois lados do MC1502, enquanto um crach\u00e1 abreviado \u00e9 centralizado entre os bot\u00f5es Tube Lights e Power.<\/p>\n<h4 class=\"c-blue text-uppercase specs-title\"><strong>ESPECIFICA\u00c7\u00d5ES ELETR\u00d4NICAS<\/strong><\/h4>\n<ul class=\"specs-list f-fix\">\n<li>\n<dl>\n<dt>Sa\u00edda de energia por canal<\/dt>\n<dd>150 W @ 2, 4 ou 8 Ohms<\/dd>\n<\/dl>\n<\/li>\n<li>\n<dl>\n<dt>N\u00famero de canais<\/dt>\n<dd>2<\/dd>\n<\/dl>\n<\/li>\n<li>\n<dl>\n<dt>Distor\u00e7\u00e3o Harm\u00f4nica Total<\/dt>\n<dd>0,5% de distor\u00e7\u00e3o harm\u00f4nica m\u00e1xima em qualquer n\u00edvel de pot\u00eancia de 250 miliwatts \u00e0 pot\u00eancia nominal, 20 Hz a 20.000 Hz<br \/>\n&lt;0,20% a 1 W, 20 Hz a 20.000 Hz<\/dd>\n<\/dl>\n<\/li>\n<li>\n<dl>\n<dt>S\/N abaixo da sa\u00edda nominal<\/dt>\n<dd>112dB<\/dd>\n<\/dl>\n<\/li>\n<li>\n<dl>\n<dt>Altura Din\u00e2mica<\/dt>\n<dd>1,2dB<\/dd>\n<\/dl>\n<\/li>\n<li>\n<dl>\n<dt>Fator de amortecimento<\/dt>\n<dd>&gt;18<\/dd>\n<\/dl>\n<\/li>\n<li>\n<dl>\n<dt>Faixa de pot\u00eancia nominal<\/dt>\n<dd>20Hz a 20kHz<\/dd>\n<\/dl>\n<\/li>\n<li>\n<dl>\n<dt>Resposta de frequ\u00eancia<\/dt>\n<dd>+0, -0,25dB de 20Hz a 20.000Hz<br \/>\n+0, -3dB de 10Hz a 70.000Hz<\/dd>\n<\/dl>\n<\/li>\n<\/ul>\n<h4 class=\"c-blue text-uppercase specs-title\"><strong><span style=\"font-size: small;\">AO CONTROLE<\/span><\/strong><\/h4>\n<ul class=\"specs-list f-fix\">\n<li>\n<dl>\n<dt>Controle Remoto de Energia<\/dt>\n<dd>Sim<\/dd>\n<\/dl>\n<\/li>\n<li>\n<dl>\n<dt>Cabo DB25 multicanal<\/dt>\n<dd>N \/ D<\/dd>\n<\/dl>\n<\/li>\n<\/ul>\n<h4 class=\"c-blue text-uppercase specs-title\">CONECTIVIDADE<\/h4>\n<ul class=\"specs-list f-fix\">\n<li>\n<dl>\n<dt>Tipo de poste de encaderna\u00e7\u00e3o do alto-falante<\/dt>\n<dd>Postes de encaderna\u00e7\u00e3o de alto-falante patenteados Solid Cinch\u2122<\/dd>\n<\/dl>\n<\/li>\n<\/ul>\n<h4 class=\"c-blue text-uppercase specs-title\">ESPECIFICA\u00c7\u00d5ES GERAIS<\/h4>\n<ul class=\"specs-list f-fix\">\n<li>\n<dl>\n<dt>Configura\u00e7\u00e3o do Circuito<\/dt>\n<dd>Unidade Acoplada<\/dd>\n<\/dl>\n<\/li>\n<li>\n<dl>\n<dt>Projeto de Circuito<\/dt>\n<dd>Tubo de v\u00e1cuo<\/dd>\n<\/dl>\n<\/li>\n<li>\n<dl>\n<dt>Ponte Mono<\/dt>\n<dd>N\u00e3o<\/dd>\n<\/dl>\n<\/li>\n<li>\n<dl>\n<dt>Mono Paralelo<\/dt>\n<dd>N\u00e3o<\/dd>\n<\/dl>\n<\/li>\n<li>\n<dl>\n<dt>Tipo de sa\u00edda<\/dt>\n<dd>Transformador de Sa\u00edda Acoplado Unity<\/dd>\n<\/dl>\n<\/li>\n<li>\n<dl>\n<dt>metros<\/dt>\n<dd>N\u00e3o<\/dd>\n<\/dl>\n<\/li>\n<li>\n<dl>\n<dt>Interruptor de luz do medidor<\/dt>\n<dd>N \/ D<\/dd>\n<\/dl>\n<\/li>\n<li>\n<dl>\n<dt>Entrada Balanceada<\/dt>\n<dd>2<\/dd>\n<\/dl>\n<\/li>\n<li>\n<dl>\n<dt>Painel frontal<\/dt>\n<dd>N \/ D<\/dd>\n<\/dl>\n<\/li>\n<li>\n<dl>\n<dt>Ilumina\u00e7\u00e3o<\/dt>\n<dd>Pequenos Tubos de Sinal: Verde, Natural<\/dd>\n<\/dl>\n<\/li>\n<li>\n<dl>\n<dt>Estilo do Chassi<\/dt>\n<dd>A\u00e7o inoxid\u00e1vel polido<\/dd>\n<\/dl>\n<\/li>\n<\/ul>\n<h4 class=\"c-blue text-uppercase specs-title\">PESOS E DIMENS\u00d5ES<\/h4>\n<ul class=\"specs-list f-fix\">\n<li>\n<dl>\n<dt>Dimens\u00f5es da Unidade (L x A x D)<\/dt>\n<dd>18-1\/4&#8243; (46,4 cm) x 10-1\/4&#8243; (26 cm) (incluindo os p\u00e9s) x 21&#8243; (53,3 cm)<\/dd>\n<\/dl>\n<\/li>\n<li>\n<dl>\n<dt>Unidade de peso<\/dt>\n<dd>118 libras (53,5 kg)<\/dd>\n<\/dl>\n<\/li>\n<li>\n<dl>\n<dt>Peso<\/dt>\n<dd>135 libras (61,2 kg)<\/dd>\n<\/dl>\n<\/li>\n<\/ul>\n<\/div>\n<\/div>\n<\/div>\n<\/div>\n<\/div>\n<\/div>\n","protected":false},"excerpt":{"rendered":"<p>O amplificador valvulado MC1502 \u00e9 um amplificador est\u00e9reo projetado para sistemas de \u00e1udio e m\u00fasica dom\u00e9sticos que produz 150 Watts por canal.\u00a0\u00c9 a substitui\u00e7\u00e3o direta do nosso\u00a0premiado amplificador de tubo de v\u00e1cuo de edi\u00e7\u00e3o limitada MC2152 70\u00ba anivers\u00e1rio\u00a0, que foi lan\u00e7ado em comemora\u00e7\u00e3o ao nosso 70\u00ba anivers\u00e1rio ocorrido em 2019. O novo MC1502 tem especifica\u00e7\u00f5es [&hellip;]<\/p>\n","protected":false},"featured_media":4332,"template":"","meta":{"_acf_changed":false},"product_brand":[],"product_cat":[27,28],"product_tag":[],"class_list":{"0":"post-4340","1":"product","2":"type-product","3":"status-publish","4":"has-post-thumbnail","6":"product_cat-amplificador","7":"product_cat-estereo","9":"first","10":"instock","11":"sold-individually","12":"shipping-taxable","13":"product-type-simple"},"acf":[],"aioseo_notices":[],"_links":{"self":[{"href":"https:\/\/hificlub.com.br\/loja\/wp-json\/wp\/v2\/product\/4340","targetHints":{"allow":["GET"]}}],"collection":[{"href":"https:\/\/hificlub.com.br\/loja\/wp-json\/wp\/v2\/product"}],"about":[{"href":"https:\/\/hificlub.com.br\/loja\/wp-json\/wp\/v2\/types\/product"}],"wp:featuredmedia":[{"embeddable":true,"href":"https:\/\/hificlub.com.br\/loja\/wp-json\/wp\/v2\/media\/4332"}],"wp:attachment":[{"href":"https:\/\/hificlub.com.br\/loja\/wp-json\/wp\/v2\/media?parent=4340"}],"wp:term":[{"taxonomy":"product_brand","embeddable":true,"href":"https:\/\/hificlub.com.br\/loja\/wp-json\/wp\/v2\/product_brand?post=4340"},{"taxonomy":"product_cat","embeddable":true,"href":"https:\/\/hificlub.com.br\/loja\/wp-json\/wp\/v2\/product_cat?post=4340"},{"taxonomy":"product_tag","embeddable":true,"href":"https:\/\/hificlub.com.br\/loja\/wp-json\/wp\/v2\/product_tag?post=4340"}],"curies":[{"name":"wp","href":"https:\/\/api.w.org\/{rel}","templated":true}]}}