{"id":4304,"date":"2023-10-17T20:11:06","date_gmt":"2023-10-17T23:11:06","guid":{"rendered":"https:\/\/hificlub.com.br\/loja2\/produto\/mass-fidelity-core\/"},"modified":"2024-10-07T17:03:17","modified_gmt":"2024-10-07T20:03:17","slug":"mass-fidelity-core","status":"publish","type":"product","link":"https:\/\/hificlub.com.br\/loja\/produto\/mass-fidelity-core\/","title":{"rendered":"MASS FIDELITY CORE"},"content":{"rendered":"<p>Speaker Bluetooth com um som de alta-fidelidade.<\/p>\n<p>\u00d3timos reviews.<\/p>\n<p>Pode ser usado na sala, mas \u00e9 ideal para o quarto ou ambientes menores. Para quem tem seu \u00f3timo sistema na sala e gosta de ouvir m\u00fasica em outros lugares da casa ou ambientes menores esta \u00e9 uma \u00f3tima op\u00e7\u00e3o.<\/p>\n","protected":false},"excerpt":{"rendered":"<p>Speaker Bluetooth com um som de alta-fidelidade. \u00d3timos reviews. Pode ser usado na sala, mas \u00e9 ideal para o quarto ou ambientes menores. Para quem tem seu \u00f3timo sistema na sala e gosta de ouvir m\u00fasica em outros lugares da casa ou ambientes menores esta \u00e9 uma \u00f3tima op\u00e7\u00e3o.<\/p>\n","protected":false},"featured_media":4303,"template":"","meta":{"_acf_changed":false},"product_brand":[],"product_cat":[17],"product_tag":[],"class_list":{"0":"post-4304","1":"product","2":"type-product","3":"status-publish","4":"has-post-thumbnail","6":"product_cat-caixas","8":"first","9":"instock","10":"sold-individually","11":"shipping-taxable","12":"purchasable","13":"product-type-simple"},"acf":[],"aioseo_notices":[],"_links":{"self":[{"href":"https:\/\/hificlub.com.br\/loja\/wp-json\/wp\/v2\/product\/4304","targetHints":{"allow":["GET"]}}],"collection":[{"href":"https:\/\/hificlub.com.br\/loja\/wp-json\/wp\/v2\/product"}],"about":[{"href":"https:\/\/hificlub.com.br\/loja\/wp-json\/wp\/v2\/types\/product"}],"wp:featuredmedia":[{"embeddable":true,"href":"https:\/\/hificlub.com.br\/loja\/wp-json\/wp\/v2\/media\/4303"}],"wp:attachment":[{"href":"https:\/\/hificlub.com.br\/loja\/wp-json\/wp\/v2\/media?parent=4304"}],"wp:term":[{"taxonomy":"product_brand","embeddable":true,"href":"https:\/\/hificlub.com.br\/loja\/wp-json\/wp\/v2\/product_brand?post=4304"},{"taxonomy":"product_cat","embeddable":true,"href":"https:\/\/hificlub.com.br\/loja\/wp-json\/wp\/v2\/product_cat?post=4304"},{"taxonomy":"product_tag","embeddable":true,"href":"https:\/\/hificlub.com.br\/loja\/wp-json\/wp\/v2\/product_tag?post=4304"}],"curies":[{"name":"wp","href":"https:\/\/api.w.org\/{rel}","templated":true}]}}