{"id":4208,"date":"2023-10-17T20:10:38","date_gmt":"2023-10-17T23:10:38","guid":{"rendered":"https:\/\/hificlub.com.br\/loja2\/produto\/jbl-l100-classic\/"},"modified":"2026-03-03T22:20:36","modified_gmt":"2026-03-04T01:20:36","slug":"jbl-l100-classic","status":"publish","type":"product","link":"https:\/\/hificlub.com.br\/loja\/produto\/jbl-l100-classic\/","title":{"rendered":"JBL L100 CLASSIC MK2"},"content":{"rendered":"<p>O JBL Classic L100 MK2 \u00e9 uma releitura moderna de um \u00edcone dos anos 70, projetado para oferecer uma experi\u00eancia sonora premium com um design que remete ao estilo vintage. Esta caixa ac\u00fastica de estante possui um sistema de 3 vias, proporcionando excelente desempenho em todas as frequ\u00eancias, com graves profundos, m\u00e9dios precisos e agudos cristalinos.<\/p>\n<p>Caracter\u00edsticas principais:<\/p>\n<p>Sistema de 3 Vias: Composto por um woofer de 12&#8243; em cone de polpa branca, midrange de 5&#8243; e tweeter de 1&#8243;.<br \/>\nPot\u00eancia M\u00e1xima: 200W RMS.<br \/>\nResposta de Frequ\u00eancia: 40 Hz a 40 kHz, proporcionando um som amplo e equilibrado.<br \/>\nImped\u00e2ncia Nominal: 4 ohms.<br \/>\nSensibilidade: 90 dB, garantindo alta efici\u00eancia.<br \/>\nTecnologia de Guia de Ondas: O tweeter de domo de tit\u00e2nio conta com a tecnologia de guia de ondas para uma reprodu\u00e7\u00e3o precisa de altas frequ\u00eancias.<br \/>\nConstru\u00e7\u00e3o Robusta: Gabinete em madeira com acabamento de alta qualidade e a ic\u00f4nica grade de espuma Quadrex dispon\u00edvel em diversas cores, como laranja, azul e preta.<br \/>\nDesign:<\/p>\n<p>Estilo Vintage: O JBL Classic L100 MK2 apresenta um visual retr\u00f4 que homenageia o design original dos anos 70, sendo uma pe\u00e7a de destaque em qualquer ambiente.<br \/>\nGrade Quadrex Remov\u00edvel: Dispon\u00edvel em v\u00e1rias cores, a grade de espuma \u00e9 um elemento ic\u00f4nico de design.<br \/>\nDimens\u00f5es e Peso:<\/p>\n<p>Dimens\u00f5es: 637 x 390 x 372 mm (cada unidade).<br \/>\nPeso: 26,7 kg (cada unidade).<br \/>\nAplica\u00e7\u00f5es:<br \/>\nIdeal para audi\u00f3filos que apreciam o equil\u00edbrio entre estilo vintage e tecnologia moderna, o JBL Classic L100 MK2 oferece uma experi\u00eancia auditiva superior, sendo perfeito para sistemas de \u00e1udio est\u00e9reo de alta fidelidade e home theater. O visual cl\u00e1ssico combinado com a performance moderna faz dele uma escolha excelente para quem deseja qualidade sonora de ponta sem abrir m\u00e3o do design retro.<\/p>\n<p>Combinando um design ic\u00f4nico com componentes de alta qualidade, o JBL Classic L100 MK2 proporciona som de alta fidelidade e \u00e9 uma pe\u00e7a central para qualquer configura\u00e7\u00e3o de \u00e1udio dom\u00e9stico de alta performance.<\/p>\n<p>Especifica\u00e7\u00f5es gerais<br \/>\nTipo de alto-falante<br \/>\nAlto-falante de estante de 12 polegadas (300 mm) de 3 vias<br \/>\nDriver de baixa frequ\u00eancia<br \/>\nWoofer c\u00f4nico Pure Pulp de estrutura fundida de 12 polegadas (300 mm) com Dual Spider (JW300SW-8)<br \/>\nDriver de m\u00e9dia frequ\u00eancia<br \/>\nCone de polpa pura revestido com pol\u00edmero de 5,25 polegadas (130 mm) (JM125PC-8)<br \/>\nDriver de alta frequ\u00eancia<br \/>\nTweeter de domo de tit\u00e2nio de 1 polegada (25 mm) acoplado a lente ac\u00fastica e guia de onda (JT025Ti2-4)<br \/>\nPot\u00eancia de amplificador recomendada<br \/>\n25-200 Watts RMS<br \/>\nImped\u00e2ncia<br \/>\n4 ohms<br \/>\nSensibilidade (2,83 V\/1 m)<br \/>\n90 dB<br \/>\nResposta de frequ\u00eancia<br \/>\n40Hz-40kHz (-6dB)<br \/>\nFrequ\u00eancias de Crossover<br \/>\n450Hz, 3,5kHz<br \/>\nTerminar<br \/>\nFolheado de nogueira natural com grade de espuma Quadrex preta, laranja ou azul<br \/>\nDimens\u00f5es com grelha (AxLxP)<br \/>\n25,3 polegadas x 15,4 polegadas x 14,4 polegadas<br \/>\nControles<br \/>\nAtenuadores para controle de n\u00edvel MF e HF<br \/>\nTipo de conector<br \/>\nConjuntos duplos de postes de encaderna\u00e7\u00e3o banhados a ouro<br \/>\nPeso do produto<br \/>\n63 lb (28,6 kg) cada<br \/>\nPeso de envio ea<br \/>\n73 lb (33,1 kg) cada<br \/>\nUnidades de medida de envio<br \/>\nOrador \u00danico<br \/>\nAltura recomendada do suporte<br \/>\n7 pol (180 mm)<br \/>\nSuporte recomendado<br \/>\nJBL JS-120 ou JS-150 (vendido separadamente)<\/p>\n","protected":false},"excerpt":{"rendered":"<p>O JBL Classic L100 MK2 \u00e9 uma releitura moderna de um \u00edcone dos anos 70, projetado para oferecer uma experi\u00eancia sonora premium com um design que remete ao estilo vintage. Esta caixa ac\u00fastica de estante possui um sistema de 3 vias, proporcionando excelente desempenho em todas as frequ\u00eancias, com graves profundos, m\u00e9dios precisos e agudos [&hellip;]<\/p>\n","protected":false},"featured_media":20541,"template":"","meta":{"_acf_changed":false},"product_brand":[],"product_cat":[25,17,47,18,26],"product_tag":[],"class_list":{"0":"post-4208","1":"product","2":"type-product","3":"status-publish","4":"has-post-thumbnail","6":"product_cat-bookshelf","7":"product_cat-caixas","8":"product_cat-linha-profissional","9":"product_cat-torres","10":"product_cat-vintage","12":"first","13":"instock","14":"sold-individually","15":"shipping-taxable","16":"purchasable","17":"product-type-simple"},"acf":[],"aioseo_notices":[],"_links":{"self":[{"href":"https:\/\/hificlub.com.br\/loja\/wp-json\/wp\/v2\/product\/4208","targetHints":{"allow":["GET"]}}],"collection":[{"href":"https:\/\/hificlub.com.br\/loja\/wp-json\/wp\/v2\/product"}],"about":[{"href":"https:\/\/hificlub.com.br\/loja\/wp-json\/wp\/v2\/types\/product"}],"wp:featuredmedia":[{"embeddable":true,"href":"https:\/\/hificlub.com.br\/loja\/wp-json\/wp\/v2\/media\/20541"}],"wp:attachment":[{"href":"https:\/\/hificlub.com.br\/loja\/wp-json\/wp\/v2\/media?parent=4208"}],"wp:term":[{"taxonomy":"product_brand","embeddable":true,"href":"https:\/\/hificlub.com.br\/loja\/wp-json\/wp\/v2\/product_brand?post=4208"},{"taxonomy":"product_cat","embeddable":true,"href":"https:\/\/hificlub.com.br\/loja\/wp-json\/wp\/v2\/product_cat?post=4208"},{"taxonomy":"product_tag","embeddable":true,"href":"https:\/\/hificlub.com.br\/loja\/wp-json\/wp\/v2\/product_tag?post=4208"}],"curies":[{"name":"wp","href":"https:\/\/api.w.org\/{rel}","templated":true}]}}