{"id":4201,"date":"2023-10-17T20:10:34","date_gmt":"2023-10-17T23:10:34","guid":{"rendered":"https:\/\/hificlub.com.br\/loja2\/produto\/bluesound-node-wi-fi-bluetooth-hdmi\/"},"modified":"2026-04-08T06:09:27","modified_gmt":"2026-04-08T09:09:27","slug":"bluesound-node-wi-fi-bluetooth-hdmi","status":"publish","type":"product","link":"https:\/\/hificlub.com.br\/loja\/produto\/bluesound-node-wi-fi-bluetooth-hdmi\/","title":{"rendered":"BLUESOUND NODE  Wireless Music Streamer"},"content":{"rendered":"<p>Estado de conserva\u00e7\u00e3o: Demo<strong><br \/>\n<\/strong><\/p>\n<p>O Bluesound NODE desbloqueia o mundo do streaming de m\u00fasica de alta resolu\u00e7\u00e3o e \u00e1udio multi-sala para criar uma adi\u00e7\u00e3o moderna aos sistemas HiFi existentes ou ao seu conjunto favorito de alto-falantes amplificados.\u00a0Descubra todas as m\u00fasicas j\u00e1 gravadas com acesso a centenas de esta\u00e7\u00f5es de r\u00e1dio na Internet, dezenas de servi\u00e7os de streaming de m\u00fasica ou at\u00e9 mesmo sua pr\u00f3pria biblioteca de m\u00fasica digital, com alguns toques no aplicativo BluOS Controller para iOS, Android ou computadores Mac ou PC.<\/p>\n<ul class=\"resp-tabs-list\" role=\"tablist\">\n<li>Conecte a qualquer amplificador est\u00e9reo existente, receptor AV ou sistema de \u00e1udio alimentado.<\/li>\n<li>Alimentado por um processador ARM\u00ae Cortex\u2122 A53 Quad-Core de 1,8 GHz de \u00faltima gera\u00e7\u00e3o e um design DAC premium de 32 bits\/384 khz.<\/li>\n<li>Conectividade HDMI eARC, op\u00e7\u00f5es de entrada\/sa\u00edda digital, \u00f3tica e anal\u00f3gica, com sa\u00eddas de fone de ouvido e subwoofer com e sem fio.<\/li>\n<li>Streaming de \u00e1udio de alta resolu\u00e7\u00e3o com acesso a esta\u00e7\u00f5es de r\u00e1dio na Internet, servi\u00e7os de m\u00fasica em nuvem e sua pr\u00f3pria biblioteca de m\u00fasica local.<\/li>\n<li>Wi-Fi de banda dupla, Gigabit Ethernet e suporte para Bluetooth bidirecional aptX\u2122 HD Bluetooth garante a reprodu\u00e7\u00e3o de m\u00fasica sem interrup\u00e7\u00e3o.<\/li>\n<li>Crie e controle um sistema integrado de v\u00e1rias salas com o aplicativo BluOS Controller intuitivo.<\/li>\n<li>Controles de toque do painel superior com predefini\u00e7\u00f5es.<\/li>\n<li>Entrada IR e capacidade de aprendizado remoto &#8211; Controle-o com o controle remoto Bluesound\u00a0<a href=\"https:\/\/www-bluesound-com.translate.goog\/products\/rc1-remote-control\/?_x_tr_sl=en&amp;_x_tr_tl=pt&amp;_x_tr_hl=pt-BR&amp;_x_tr_pto=sc\">RC1<\/a>\u00a0opcional .<\/li>\n<li>Conecte-se com a habilidade BluVoice no aplicativo Alexa e use o assistente de voz\u00a0<a href=\"https:\/\/www-bluesound-com.translate.goog\/voice\/?_x_tr_sl=en&amp;_x_tr_tl=pt&amp;_x_tr_hl=pt-BR&amp;_x_tr_pto=sc\">Alexa da Amazon<\/a>\u00a0para controlar os jogadores em casa.<\/li>\n<li>O AirPlay 2 permite que voc\u00ea reproduza m\u00fasicas ou podcasts de\u202f\u00a0<a href=\"https:\/\/www-bluesound-com.translate.goog\/wireless-components\/?_x_tr_sl=en&amp;_x_tr_tl=pt&amp;_x_tr_hl=pt-BR&amp;_x_tr_pto=sc\">componentes est\u00e9reo sem fio<\/a>\u00a0\u202fem toda a sua casa &#8211; tudo em sincronia.<\/li>\n<li>\n<p class=\"full-block\">ESPECIFICA\u00c7\u00d5ES<\/p>\n<div id=\"product-specs-tabs\" class=\"woocommerce-tabs\"><\/div>\n<\/li>\n<li>\n<div id=\"product-specs-tabs\" class=\"woocommerce-tabs\">LIGA\u00c7\u00d5ES<\/div>\n<\/li>\n<li>Rede<br \/>\nWi-Fi 5 (802.11ac, 2,4 \/ 5 GHz)<br \/>\nEthernet RJ45, GigE 1000 MbpsEntrada de \u00e1udio<br \/>\nMini TOSLINK \/ combo est\u00e9reo de 3,5 mm<br \/>\nHDMI eARCSa\u00edda de \u00e1udio<br \/>\nEst\u00e9reo anal\u00f3gico RCA (fixo ou vari\u00e1vel)<br \/>\nCoaxial RCA<br \/>\nTOSLINK<br \/>\nUSB \u00f3tico digital de \u00e1udio 2.0 *Bluetooth<br \/>\nBluetooth 5.0 aptX HD<br \/>\nbidirecional (transmitir e receber)<\/p>\n<p>Fones de ouvido<br \/>\nSa\u00edda est\u00e9reo de 3,5 mm sa\u00edda<br \/>\nsem fio Bluetooth<\/p>\n<p>Subwoofer<\/p>\n<p>Emparelhamento de rede RCA Out com PULSE SUB +<\/p>\n<p>USB<br \/>\nPorta Tipo A para conex\u00e3o de unidade externa (formatada em Fat32 ou NTFS)<\/p>\n<p>Desencadear<br \/>\n12V Trigger Out<\/p>\n<p>IR Remoto<br \/>\nSensor IR integrado \u2013 painel frontal com<br \/>\nentrada IR de aprendizado remoto IR com entrada de 3,5 mm<\/p>\n<p>Poder<br \/>\nUniversal bi-pin AC cord input (100-240AC)<\/p>\n<p>*Observa\u00e7\u00e3o<br \/>\n* Dispon\u00edvel gratuitamente com futuras atualiza\u00e7\u00f5es de software<\/p>\n<p>\u00c1UDIO<br \/>\nFormatos de arquivo de \u00e1udio compat\u00edveis<br \/>\nMP3, AAC, WMA, WMA-L, OGG, ALAC, OPUS<\/p>\n<p>Formatos de arquivo de \u00e1udio de alta resolu\u00e7\u00e3o compat\u00edveis<br \/>\nFLAC, MQA, WAV, AIFF, MPEG-4 SLS<\/p>\n<p>Processador<br \/>\nARM\u00ae Cortex \u2122 -A53, Quad-Core, 1,8 GHz por n\u00facleo<\/p>\n<p>Taxas de amostragem nativa<br \/>\nat\u00e9 192 kHz<\/p>\n<p>Profundidades de bits<br \/>\n16-24<\/p>\n<p>atua\u00e7\u00e3o<br \/>\nSNR -113dBA<br \/>\nTHD + N, 0,002%<\/p>\n<p>Dacian<\/p>\n<p>Projeto de sa\u00edda diferencial de 32 bits, 384 kHz<\/p>\n<p>SOFTWARE E INTEGRA\u00c7\u00d5ES<br \/>\nSistema operacional<br \/>\nBluOS<\/p>\n<p>Sistemas operacionais do App Controller<br \/>\niOS, Android, Windows Vista, 7, 8, 10, macOS 10-11<\/p>\n<p>Compartilhamento de arquivos de rede<br \/>\nSMB at\u00e9 \u00edndice de 200.000 trilhas<\/p>\n<p>Arte do \u00e1lbum com suporte<br \/>\nJPG, PNG<\/p>\n<p>Internet Radio<br \/>\nClique aqui<\/p>\n<p>Servi\u00e7os de m\u00fasica<br \/>\nClique aqui<\/p>\n<p>Controle de voz<br \/>\nHabilidades do Amazon Alexa; A\u00e7\u00f5es no Google<\/p>\n<p>De terceiros<br \/>\nAirPlay 2<br \/>\nSpotify Connect<br \/>\nTidal Connect<br \/>\nRoon pronto<\/p>\n<p>Sistemas de controle<br \/>\nControl4, Crestron, URC, RTI, ELAN, Lutron<\/p>\n<p>INTERFACE E CONTROLES DO USU\u00c1RIO<br \/>\nIndicador de status<br \/>\nRGB LED x 2<\/p>\n<p>Bot\u00e3o Reproduzir \/ Pausar<br \/>\nLED de toque<\/p>\n<p>Bot\u00f5es de controle de volume<br \/>\nLED deslizante de toque<\/p>\n<p>Bot\u00f5es de faixa anterior \/ pr\u00f3xima<br \/>\nLED de toque<\/p>\n<p>Bot\u00f5es predefinidos<br \/>\nLED de toque x 5<\/p>\n<p>Sensor de proximidade<br \/>\nsim<\/p>\n<p>EM GERAL<br \/>\nTerminar<br \/>\nPreto branco; Tinta Satin Mate<\/p>\n<p>Acess\u00f3rios Inclu\u00eddos<br \/>\nCabo de alimenta\u00e7\u00e3o 120<br \/>\nV CA Cabo de alimenta\u00e7\u00e3o CA 230 V Cabo<br \/>\nEthernet Cabo<br \/>\nest\u00e9reo RCA para RCA<br \/>\nTOSLINK \u00d3ptico para mini adaptador de 3,5 mm<br \/>\nGuia de seguran\u00e7a \/ garantia Guia de<br \/>\nconfigura\u00e7\u00e3o r\u00e1pida<\/p>\n<p>Consumo de energia<br \/>\nAmbiente de Armazenamento<br \/>\n-10 \u00b0 C a 50 \u00b0 C, umidade relativa de 20% a 80%<\/p>\n<p>Ambiente operacional<br \/>\n0 \u00b0 C a 40 \u00b0 C<\/p>\n<p>Peso do Produto<br \/>\n1,09kg \/ 2,4lbs<\/p>\n<p>Dimens\u00f5es do produto<br \/>\n220 x 46 x 146 mm<br \/>\n8,7 x 1,8 x 5,7 pol.<\/p>\n<p>Peso<br \/>\n2,28kg \/ 5,03lbs<\/p>\n<p>Dimens\u00f5es da embalagem<br \/>\n300 x 300 x 74 mm<br \/>\n11,8 x 11,8 x 2,75 pol.<\/li>\n<\/ul>\n","protected":false},"excerpt":{"rendered":"<p>Estado de conserva\u00e7\u00e3o: Demo O Bluesound NODE desbloqueia o mundo do streaming de m\u00fasica de alta resolu\u00e7\u00e3o e \u00e1udio multi-sala para criar uma adi\u00e7\u00e3o moderna aos sistemas HiFi existentes ou ao seu conjunto favorito de alto-falantes amplificados.\u00a0Descubra todas as m\u00fasicas j\u00e1 gravadas com acesso a centenas de esta\u00e7\u00f5es de r\u00e1dio na Internet, dezenas de servi\u00e7os [&hellip;]<\/p>\n","protected":false},"featured_media":4199,"template":"","meta":{"_acf_changed":false},"product_brand":[],"product_cat":[239,41,142],"product_tag":[],"class_list":{"0":"post-4201","1":"product","2":"type-product","3":"status-publish","4":"has-post-thumbnail","6":"product_cat-bluesound","7":"product_cat-digital","8":"product_cat-streamers","10":"first","11":"instock","12":"sold-individually","13":"shipping-taxable","14":"purchasable","15":"product-type-simple"},"acf":[],"aioseo_notices":[],"_links":{"self":[{"href":"https:\/\/hificlub.com.br\/loja\/wp-json\/wp\/v2\/product\/4201","targetHints":{"allow":["GET"]}}],"collection":[{"href":"https:\/\/hificlub.com.br\/loja\/wp-json\/wp\/v2\/product"}],"about":[{"href":"https:\/\/hificlub.com.br\/loja\/wp-json\/wp\/v2\/types\/product"}],"wp:featuredmedia":[{"embeddable":true,"href":"https:\/\/hificlub.com.br\/loja\/wp-json\/wp\/v2\/media\/4199"}],"wp:attachment":[{"href":"https:\/\/hificlub.com.br\/loja\/wp-json\/wp\/v2\/media?parent=4201"}],"wp:term":[{"taxonomy":"product_brand","embeddable":true,"href":"https:\/\/hificlub.com.br\/loja\/wp-json\/wp\/v2\/product_brand?post=4201"},{"taxonomy":"product_cat","embeddable":true,"href":"https:\/\/hificlub.com.br\/loja\/wp-json\/wp\/v2\/product_cat?post=4201"},{"taxonomy":"product_tag","embeddable":true,"href":"https:\/\/hificlub.com.br\/loja\/wp-json\/wp\/v2\/product_tag?post=4201"}],"curies":[{"name":"wp","href":"https:\/\/api.w.org\/{rel}","templated":true}]}}