{"id":41870,"date":"2026-03-25T12:40:34","date_gmt":"2026-03-25T15:40:34","guid":{"rendered":"https:\/\/hificlub.com.br\/loja\/?post_type=product&#038;p=41870"},"modified":"2026-03-25T12:40:57","modified_gmt":"2026-03-25T15:40:57","slug":"marantz-sr7015","status":"publish","type":"product","link":"https:\/\/hificlub.com.br\/loja\/produto\/marantz-sr7015\/","title":{"rendered":"MARANTZ SR7015 8k 9.2ch dourado 220v"},"content":{"rendered":"<p>Receiver AV Marantz SR7015 impec\u00e1vel, pouco uso, vendido por motivo de upgrade para sistema modulado Rotel. Compatibilidade nativa com Alexa para comandos de voz, AirPlay 2 para usu\u00e1rios Apple, Spotify Connect. Suporte para Dolby Atmos, DTS:X, IMAX Enhanced e Auro-3D, HDMI 8K, conectividade Wi-Fi, Bluetooth, HEOS integrado.<\/p>\n<ul>\n<li>Amplifica\u00e7\u00e3o interna de 9.2 canais<\/li>\n<li>Processamento para at\u00e9 11.2 canais com amplifica\u00e7\u00e3o externa<\/li>\n<li>Pot\u00eancia aproximada de 125 W por canal em 8 ohms (2 canais em funcionamento)<\/li>\n<li>Suporte a Dolby Atmos<\/li>\n<li>Suporte a DTS:X<\/li>\n<li>Compat\u00edvel com IMAX Enhanced<\/li>\n<li>Compat\u00edvel com Auro-3D<\/li>\n<li>Sistema de calibra\u00e7\u00e3o autom\u00e1tica Audyssey MultEQ XT32<\/li>\n<li>Oito entradas HDMI no total<\/li>\n<li>Tr\u00eas sa\u00eddas HDMI<\/li>\n<li>Compatibilidade com v\u00eddeo 8K a 60 Hz<\/li>\n<li>Compatibilidade com v\u00eddeo 4K a 120 Hz<\/li>\n<li>Suporte a HDR10, HDR10+, Dolby Vision e HLG<\/li>\n<li>eARC para retorno de \u00e1udio de alta resolu\u00e7\u00e3o pela TV<\/li>\n<li>Conectividade Wi-Fi integrada<\/li>\n<li>Conectividade Bluetooth integrada<\/li>\n<li>Plataforma HEOS integrada para streaming e multiroom<\/li>\n<li>Compat\u00edvel com Spotify Connect<\/li>\n<li>Compat\u00edvel com AirPlay 2<\/li>\n<li>Compat\u00edvel com comandos de voz via Amazon Alexa<\/li>\n<li>Compat\u00edvel com Google Assistant e Apple Siri<\/li>\n<li>Reprodu\u00e7\u00e3o de arquivos de \u00e1udio de alta resolu\u00e7\u00e3o<\/li>\n<li>Entradas anal\u00f3gicas e digitais variadas<\/li>\n<li>Entrada phono dedicada para toca-discos<\/li>\n<li>Sa\u00eddas pre-out completas para todos os canais<\/li>\n<li>Suporte a dois subwoofers independentes<\/li>\n<li>Porta USB frontal<\/li>\n<li>Fun\u00e7\u00f5es para games como VRR, ALLM e QFT<\/li>\n<li>Capacidade de opera\u00e7\u00e3o em m\u00faltiplas zonas<\/li>\n<\/ul>\n","protected":false},"excerpt":{"rendered":"<p>Receiver AV Marantz SR7015 impec\u00e1vel, pouco uso, vendido por motivo de upgrade para sistema modulado Rotel. Compatibilidade nativa com Alexa para comandos de voz, AirPlay 2 para usu\u00e1rios Apple, Spotify Connect. Suporte para Dolby Atmos, DTS:X, IMAX Enhanced e Auro-3D, HDMI 8K, conectividade Wi-Fi, Bluetooth, HEOS integrado. Amplifica\u00e7\u00e3o interna de 9.2 canais Processamento para at\u00e9 [&hellip;]<\/p>\n","protected":false},"featured_media":41873,"template":"","meta":{"_acf_changed":false},"product_brand":[],"product_cat":[15],"product_tag":[],"class_list":{"0":"post-41870","1":"product","2":"type-product","3":"status-publish","4":"has-post-thumbnail","6":"product_cat-sem-categoria","8":"first","9":"instock","10":"shipping-taxable","11":"purchasable","12":"product-type-simple"},"acf":[],"aioseo_notices":[],"_links":{"self":[{"href":"https:\/\/hificlub.com.br\/loja\/wp-json\/wp\/v2\/product\/41870","targetHints":{"allow":["GET"]}}],"collection":[{"href":"https:\/\/hificlub.com.br\/loja\/wp-json\/wp\/v2\/product"}],"about":[{"href":"https:\/\/hificlub.com.br\/loja\/wp-json\/wp\/v2\/types\/product"}],"wp:featuredmedia":[{"embeddable":true,"href":"https:\/\/hificlub.com.br\/loja\/wp-json\/wp\/v2\/media\/41873"}],"wp:attachment":[{"href":"https:\/\/hificlub.com.br\/loja\/wp-json\/wp\/v2\/media?parent=41870"}],"wp:term":[{"taxonomy":"product_brand","embeddable":true,"href":"https:\/\/hificlub.com.br\/loja\/wp-json\/wp\/v2\/product_brand?post=41870"},{"taxonomy":"product_cat","embeddable":true,"href":"https:\/\/hificlub.com.br\/loja\/wp-json\/wp\/v2\/product_cat?post=41870"},{"taxonomy":"product_tag","embeddable":true,"href":"https:\/\/hificlub.com.br\/loja\/wp-json\/wp\/v2\/product_tag?post=41870"}],"curies":[{"name":"wp","href":"https:\/\/api.w.org\/{rel}","templated":true}]}}