{"id":41864,"date":"2026-03-25T12:18:12","date_gmt":"2026-03-25T15:18:12","guid":{"rendered":"https:\/\/hificlub.com.br\/loja\/?post_type=product&#038;p=41864"},"modified":"2026-03-25T12:18:15","modified_gmt":"2026-03-25T15:18:15","slug":"bw-nautilus-804n","status":"publish","type":"product","link":"https:\/\/hificlub.com.br\/loja\/produto\/bw-nautilus-804n\/","title":{"rendered":"B&#038;W Nautilus 804N"},"content":{"rendered":"<p>Modelo cl\u00e1ssico e muito respeitado da Bowers &amp; Wilkins, com sonoridade refinada, excelente defini\u00e7\u00e3o, m\u00e9dios muito naturais e \u00f3tima imagem est\u00e9reo.<\/p>\n<p>A linha Nautilus \u00e9 reconhecida pelo projeto sofisticado, incluindo o famoso Tweeter on Top, cone de m\u00e9dio em Kevlar FST e constru\u00e7\u00e3o de alto n\u00edvel.<\/p>\n<p>Especifica\u00e7\u00f5es:<\/p>\n<ul>\n<li>Sistema 3 vias<\/li>\n<li>1 tweeter de 25 mm<\/li>\n<li>1 m\u00e9dio de 150 mm em Kevlar FST<\/li>\n<li>2 woofers de 165 mm<\/li>\n<li>Sensibilidade: 89 dB<\/li>\n<li>Imped\u00e2ncia nominal: 8 ohms<\/li>\n<li>Pot\u00eancia recomendada: 50 a 200 W<\/li>\n<li>Medidas aproximadas: 101,5 x 23,8 x 34,4 cm<\/li>\n<\/ul>\n<p>Caixas ideais para sistemas hi-end e para quem procura musicalidade, palco sonoro e acabamento premium.<\/p>\n","protected":false},"excerpt":{"rendered":"<p>Modelo cl\u00e1ssico e muito respeitado da Bowers &amp; Wilkins, com sonoridade refinada, excelente defini\u00e7\u00e3o, m\u00e9dios muito naturais e \u00f3tima imagem est\u00e9reo. A linha Nautilus \u00e9 reconhecida pelo projeto sofisticado, incluindo o famoso Tweeter on Top, cone de m\u00e9dio em Kevlar FST e constru\u00e7\u00e3o de alto n\u00edvel. Especifica\u00e7\u00f5es: Sistema 3 vias 1 tweeter de 25 mm [&hellip;]<\/p>\n","protected":false},"featured_media":41869,"template":"","meta":{"_acf_changed":false},"product_brand":[],"product_cat":[19,17,18],"product_tag":[],"class_list":{"0":"post-41864","1":"product","2":"type-product","3":"status-publish","4":"has-post-thumbnail","6":"product_cat-bw","7":"product_cat-caixas","8":"product_cat-torres","10":"first","11":"instock","12":"shipping-taxable","13":"purchasable","14":"product-type-simple"},"acf":[],"aioseo_notices":[],"_links":{"self":[{"href":"https:\/\/hificlub.com.br\/loja\/wp-json\/wp\/v2\/product\/41864","targetHints":{"allow":["GET"]}}],"collection":[{"href":"https:\/\/hificlub.com.br\/loja\/wp-json\/wp\/v2\/product"}],"about":[{"href":"https:\/\/hificlub.com.br\/loja\/wp-json\/wp\/v2\/types\/product"}],"wp:featuredmedia":[{"embeddable":true,"href":"https:\/\/hificlub.com.br\/loja\/wp-json\/wp\/v2\/media\/41869"}],"wp:attachment":[{"href":"https:\/\/hificlub.com.br\/loja\/wp-json\/wp\/v2\/media?parent=41864"}],"wp:term":[{"taxonomy":"product_brand","embeddable":true,"href":"https:\/\/hificlub.com.br\/loja\/wp-json\/wp\/v2\/product_brand?post=41864"},{"taxonomy":"product_cat","embeddable":true,"href":"https:\/\/hificlub.com.br\/loja\/wp-json\/wp\/v2\/product_cat?post=41864"},{"taxonomy":"product_tag","embeddable":true,"href":"https:\/\/hificlub.com.br\/loja\/wp-json\/wp\/v2\/product_tag?post=41864"}],"curies":[{"name":"wp","href":"https:\/\/api.w.org\/{rel}","templated":true}]}}