{"id":41862,"date":"2026-03-25T11:57:47","date_gmt":"2026-03-25T14:57:47","guid":{"rendered":"https:\/\/hificlub.com.br\/loja\/?post_type=product&#038;p=41862"},"modified":"2026-03-25T12:22:28","modified_gmt":"2026-03-25T15:22:28","slug":"bw-m1-mais-pedestal","status":"publish","type":"product","link":"https:\/\/hificlub.com.br\/loja\/produto\/bw-m1-mais-pedestal\/","title":{"rendered":"B&#038;W M1 mais pedestal"},"content":{"rendered":"<p>Caixas ac\u00fasticas B&amp;W M-1, acompanhadas dos pedestais originais (Stand FS-M1).<\/p>\n<p>Usadas, por\u00e9m em excelente estado. 100% funcionais.<\/p>\n<p>As M-1 s\u00e3o as caixas compactas definitivas da Bowers &amp; Wilkins (linha Mini Theatre). Elas entregam um palco sonoro impressionante para o seu tamanho, com m\u00e9dios detalhados e agudos cristalinos, gra\u00e7as ao tweeter com a cl\u00e1ssica tecnologia Nautilus da B&amp;W. Podem ser usadas tanto em sistemas est\u00e9reo de alta fidelidade quanto como sat\u00e9lites\/surround de alt\u00edssimo n\u00edvel em Home Theaters.<\/p>\n<p>O grande diferencial deste conjunto s\u00e3o os pedestais originais B&amp;W, desenhados especificamente para a M-1, trazendo peso para anular vibra\u00e7\u00f5es ac\u00fasticas e um sistema de cabeamento invis\u00edvel. O fio passa por dentro da base direto para a caixa, garantindo um visual clean e elegante para a sua sala.<\/p>\n<p>ESPECIFICA\u00c7\u00d5ES:<\/p>\n<ul>\n<li>Sistema: 2 vias (Tweeter de c\u00fapula de metal de 1&#8243; e Woofer de fibra de vidro tecida de 4&#8243;).<\/li>\n<li>Resposta de Frequ\u00eancia: 64Hz a 23kHz (\u00b13dB).<\/li>\n<li>Sensibilidade: 85dB spl.<\/li>\n<li>Imped\u00e2ncia Nominal: 8 ohms.<\/li>\n<li>Pot\u00eancia Recomendada do Amplificador: 20W a 100W.<\/li>\n<\/ul>\n<p>2x Caixas Ac\u00fasticas B&amp;W M-1<\/p>\n<p>2x Pedestais de ch\u00e3o originais B&amp;W FS-M1<\/p>\n","protected":false},"excerpt":{"rendered":"<p>Caixas ac\u00fasticas B&amp;W M-1, acompanhadas dos pedestais originais (Stand FS-M1). Usadas, por\u00e9m em excelente estado. 100% funcionais. As M-1 s\u00e3o as caixas compactas definitivas da Bowers &amp; Wilkins (linha Mini Theatre). Elas entregam um palco sonoro impressionante para o seu tamanho, com m\u00e9dios detalhados e agudos cristalinos, gra\u00e7as ao tweeter com a cl\u00e1ssica tecnologia Nautilus [&hellip;]<\/p>\n","protected":false},"featured_media":41863,"template":"","meta":{"_acf_changed":false},"product_brand":[],"product_cat":[19,17],"product_tag":[],"class_list":{"0":"post-41862","1":"product","2":"type-product","3":"status-publish","4":"has-post-thumbnail","6":"product_cat-bw","7":"product_cat-caixas","9":"first","10":"instock","11":"shipping-taxable","12":"purchasable","13":"product-type-simple"},"acf":[],"aioseo_notices":[],"_links":{"self":[{"href":"https:\/\/hificlub.com.br\/loja\/wp-json\/wp\/v2\/product\/41862","targetHints":{"allow":["GET"]}}],"collection":[{"href":"https:\/\/hificlub.com.br\/loja\/wp-json\/wp\/v2\/product"}],"about":[{"href":"https:\/\/hificlub.com.br\/loja\/wp-json\/wp\/v2\/types\/product"}],"wp:featuredmedia":[{"embeddable":true,"href":"https:\/\/hificlub.com.br\/loja\/wp-json\/wp\/v2\/media\/41863"}],"wp:attachment":[{"href":"https:\/\/hificlub.com.br\/loja\/wp-json\/wp\/v2\/media?parent=41862"}],"wp:term":[{"taxonomy":"product_brand","embeddable":true,"href":"https:\/\/hificlub.com.br\/loja\/wp-json\/wp\/v2\/product_brand?post=41862"},{"taxonomy":"product_cat","embeddable":true,"href":"https:\/\/hificlub.com.br\/loja\/wp-json\/wp\/v2\/product_cat?post=41862"},{"taxonomy":"product_tag","embeddable":true,"href":"https:\/\/hificlub.com.br\/loja\/wp-json\/wp\/v2\/product_tag?post=41862"}],"curies":[{"name":"wp","href":"https:\/\/api.w.org\/{rel}","templated":true}]}}