{"id":418,"date":"2023-10-17T19:51:22","date_gmt":"2023-10-17T22:51:22","guid":{"rendered":"https:\/\/hificlub.com.br\/loja2\/produto\/mcintosh-ma352-hibrido-mm-mc-phono-200-watts\/"},"modified":"2026-03-08T22:11:49","modified_gmt":"2026-03-09T01:11:49","slug":"mcintosh-ma352-hibrido-mm-mc-phono-200-watts","status":"publish","type":"product","link":"https:\/\/hificlub.com.br\/loja\/produto\/mcintosh-ma352-hibrido-mm-mc-phono-200-watts\/","title":{"rendered":"MCINTOSH MA352 Amplificador Integrado Hibrido MM\/MC Phono 200 watts"},"content":{"rendered":"<p>AMPLIFICADOR INTEGRADO MCINTOSH MA352<\/p>\n<p>O amplificador integrado MA352 \u00e9 um design h\u00edbrido que combina o melhor dos princ\u00edpios de design de \u00e1udio de estado s\u00f3lido e tubo de v\u00e1cuo.\u00a0O resultado \u00e9 um amplificador atraente que aproveita o melhor dessas duas filosofias de \u00e1udio opostas enquanto reproduz m\u00fasica no mais alto n\u00edvel de qualidade.<\/p>\n<p>Com um design totalmente anal\u00f3gico, o MA352 possui uma se\u00e7\u00e3o de pr\u00e9-amplificador de tubo de v\u00e1cuo que \u00e9 alimentado por um par de tubos de v\u00e1cuo 12AX7A e 12AT7;\u00a0seu est\u00e1gio de sa\u00edda \u00e9 um amplificador de estado s\u00f3lido acoplado diretamente que produz 200 Watts por canal em alto-falantes de 8 Ohm ou 320 Watts por canal em alto-falantes de 4 Ohm &#8211; pot\u00eancia suficiente para acionar adequadamente praticamente qualquer conjunto de alto-falantes.\u00a0Os medidores de watts azuis de escala dupla fornecem uma leitura precisa da pot\u00eancia de sa\u00edda para ambas as imped\u00e2ncias dos alto-falantes.<\/p>\n<p>O MA352 possui 2 entradas balanceadas e 3 n\u00e3o balanceadas, al\u00e9m de 1 entrada fonogr\u00e1fica de \u00edm\u00e3 m\u00f3vel com carregamento ajust\u00e1vel para conectar uma plataforma girat\u00f3ria.\u00a0Possui postes de liga\u00e7\u00e3o de alto-falante banhados a ouro para ajudar a prevenir a corros\u00e3o e garantir que um sinal de qualidade seja enviado pelos cabos de alto-falante para os alto-falantes.\u00a0Uma sa\u00edda de pr\u00e9-amplificador est\u00e9reo est\u00e1 dispon\u00edvel para conectar um amplificador de maior pot\u00eancia;\u00a0ele tamb\u00e9m pode ser usado para conectar 1 ou 2 subwoofers amplificados para desempenho de baixa frequ\u00eancia adicionado.<\/p>\n<p>A unidade fica em um chassi de a\u00e7o inoxid\u00e1vel polido com acabamento espelhado;\u00a0emblemas vintage de alum\u00ednio fundido estilo McIntosh s\u00e3o afixados em cada lado.\u00a0Medidores de sa\u00edda azuis, bot\u00f5es de controle, um logotipo iluminado e um painel frontal de vidro preto com retroilumina\u00e7\u00e3o direta por LED completam a unidade.\u00a0Ele pode ser emparelhado com uma variedade de CD players, toca-discos, sintonizadores, streamers de m\u00eddia e alto-falantes para completar seu sistema de \u00e1udio dom\u00e9stico.<\/p>\n<ul>\n<li>Tecnologia patenteada Power Guard\u00a0\u00ae\u00a0que monitora o sinal de sa\u00edda para overdrive e faz microajustes em tempo real para o sinal de entrada para evitar corte de som \u00e1spero que poderia danificar seus alto-falantes<\/li>\n<li>Circuito de prote\u00e7\u00e3o contra curto-circuito sem fus\u00edvel Sentry Monitor\u2122 que desengatar\u00e1 o est\u00e1gio de sa\u00edda antes que a corrente exceda os n\u00edveis operacionais seguros e, em seguida, reinicia automaticamente quando as condi\u00e7\u00f5es operacionais retornarem ao normal<\/li>\n<li>McIntosh Monogrammed Heatsinks\u2122 que s\u00e3o conectados a transistores avan\u00e7ados de sa\u00edda de alta corrente que minimizam o tempo de atraso (ou aquecimento) do equil\u00edbrio t\u00e9rmico<\/li>\n<li>Amplificador de headphone High Drive com Headphone Crossfeed Director (HXD\u00a0\u00ae\u00a0)<\/li>\n<li>Um controle de tom anal\u00f3gico de 5 bandas permite o ajuste manual de suas grava\u00e7\u00f5es favoritas (cada banda ajust\u00e1vel em \u00b1 12dB)<\/li>\n<li>O Home Theater Pass Through permite que seja perfeitamente integrado a um sistema de home theater<\/li>\n<li>Controle de energia para enviar sinais de ligar\/desligar aos componentes McIntosh conectados para facilitar a inicializa\u00e7\u00e3o e o desligamento do sistema<\/li>\n<li>Portas de dados para enviar comandos de controle remoto para componentes de origem conectados<\/li>\n<\/ul>\n<p>ESPECIFICA\u00c7\u00d5ES<\/p>\n<div id=\"shopify-section-product-template\" class=\"shopify-section\">\n<div id=\"ProductSection-product-template\" class=\"container product-template__container page-width template-product\" data-section-id=\"product-template\" data-section-type=\"product-page\" data-enable-history-state=\"true\">\n<div class=\"col-sm-12\">\n<div class=\"product-description-tabs-product-template product-description-tabs\">\n<div class=\"resp-tabs-container pr-tab-product-template\">\n<div class=\"resp-tab-content pr-tab-product-template resp-tab-content-active\">\n<ul>\n<li>Pot\u00eancia de sa\u00edda por canal: 200 Watts em 8 Ohms;\u00a0320 Watts em 4 Ohms<\/li>\n<li>N\u00famero de canais: 2<\/li>\n<li>Imped\u00e2ncia do alto-falante: 4 ou 8 Ohms<\/li>\n<li>Faixa de pot\u00eancia nominal: 20Hz a 20kHz<\/li>\n<li>Distor\u00e7\u00e3o Harm\u00f4nica Total: 0,03%<\/li>\n<li>Headroom Din\u00e2mico: 1,5dB<\/li>\n<li>Resposta de frequ\u00eancia +0,-0,5dB: 20Hz a 20kHz<\/li>\n<li>Resposta de frequ\u00eancia, +0, -3dB: 10Hz a 100kHz<\/li>\n<li>Sensibilidade Fono (Bobina m\u00f3vel): N\/A<\/li>\n<li>Sensibilidade Phono (\u00cdm\u00e3 em movimento): 2,5mV<\/li>\n<li>N\u00edvel Alto de Sensibilidade (Equilibrado\/Desbalanceado): 0,5V\/0,25V<\/li>\n<li>Sensibilidade (entrada do amplificador de pot\u00eancia): N\/A<\/li>\n<li>Rela\u00e7\u00e3o sinal-ru\u00eddo (bobina m\u00f3vel): N\/A<\/li>\n<li>Rela\u00e7\u00e3o sinal\/ru\u00eddo (\u00edm\u00e3 em movimento): 82dB<\/li>\n<li>Rela\u00e7\u00e3o sinal-ru\u00eddo (n\u00edvel alto): 93dB<\/li>\n<li>Rela\u00e7\u00e3o sinal\/ru\u00eddo (entrada do amplificador de pot\u00eancia): N\/A<\/li>\n<li>Imped\u00e2ncia de entrada (balanceada\/desbalanceada): 20K\/20K<\/li>\n<li>Fator de Amortecimento: 8 Ohms: &gt;200;\u00a04 Ohms: &gt;100<\/li>\n<li>Sa\u00edda M\u00e1xima (Equilibrado \/ Desbalanceado): 8V Desbalanceado<\/li>\n<li>Entrada balanceada: 2<\/li>\n<li>Entrada desbalanceada: 3<\/li>\n<li>Bobina m\u00f3vel de entrada fono: 0<\/li>\n<li>\u00cdm\u00e3 m\u00f3vel de entrada fono: 1 (carregamento ajust\u00e1vel)<\/li>\n<li>M\u00f3dulo de \u00e1udio digital atualiz\u00e1vel: N\u00e3o<\/li>\n<li>Entrada digital coaxial: 0<\/li>\n<li>Entrada \u00f3ptica digital: 0<\/li>\n<li>Entrada digital MCT (DIN): 0<\/li>\n<li>Entrada USB Digital: 0<\/li>\n<li>Sa\u00edda vari\u00e1vel balanceada: 0<\/li>\n<li>Sa\u00edda fixa desbalanceada: 0<\/li>\n<li>Sa\u00edda vari\u00e1vel desbalanceada: 1<\/li>\n<li>Sa\u00edda de fone de ouvido: High Drive de 1\/4&#8243; com Headphone Crossfeed Director (HXD\u00ae)<\/li>\n<li>Sa\u00edda do subwoofer: 2<\/li>\n<li>Op\u00e7\u00e3o de sintonizador AM\/FM: N\u00e3o<\/li>\n<li>Home Theater PassThru: Sim<\/li>\n<li>Tipo de conector anal\u00f3gico n\u00e3o balanceado: padr\u00e3o<\/li>\n<li>Tipo de poste de encaderna\u00e7\u00e3o do alto-falante: padr\u00e3o<\/li>\n<li>Porta de Servi\u00e7o: 1<\/li>\n<li>Tipo de conversor digital para anal\u00f3gico (DAC): N\/A<\/li>\n<li>Taxa de amostragem de entrada coaxial digital: N\/A<\/li>\n<li>Taxa de amostragem de entrada \u00f3ptica digital: N\/A<\/li>\n<li>Taxa de amostragem de entrada digital MCT (DIN): N\/A<\/li>\n<li>Taxa de amostragem de entrada USB digital: N\/A<\/li>\n<li>Controles de tom: 5 bandas<\/li>\n<li>Desvio de tom e atribui\u00e7\u00e3o de entrada: Sim<\/li>\n<li>Entrada de controle RS232: Sim<\/li>\n<li>Sa\u00edda de controle de energia: 1<\/li>\n<li>Porta de dados do painel traseiro: 2<\/li>\n<li>Entrada do sensor IR do painel traseiro: Sim<\/li>\n<li>Correspond\u00eancia de n\u00edvel de entrada: sim<\/li>\n<li>Pr\u00e9-amplificador: tubo de v\u00e1cuo<\/li>\n<li>Amplificador de pot\u00eancia: estado s\u00f3lido<\/li>\n<li>Tipo de Sa\u00edda: Acoplado Direto<\/li>\n<li>Requisito de energia: 120 V 50\/60 Hz, 6,0 A<\/li>\n<li>Requisito de energia em espera: &lt;0,5 Watts<\/li>\n<li>Dimens\u00f5es (L x A x P): 17-1\/2&#8243; (44,5 cm) x 9-7\/8&#8243; (25,1 cm) x 20-1\/2&#8243; (52,1 cm)<\/li>\n<li>Peso: 66 libras (29,9 kg);\u00a0Peso de envio 75 lbs (34,0 kg)<\/li>\n<\/ul>\n<\/div>\n<\/div>\n<\/div>\n<\/div>\n<\/div>\n<\/div>\n<div id=\"shopify-section-product-recommendations\" class=\"shopify-section\"><\/div>\n<div id=\"shopify-section-newsletter-bar\" class=\"shopify-section\"><\/div>\n<p>&nbsp;<\/p>\n","protected":false},"excerpt":{"rendered":"<p>AMPLIFICADOR INTEGRADO MCINTOSH MA352 O amplificador integrado MA352 \u00e9 um design h\u00edbrido que combina o melhor dos princ\u00edpios de design de \u00e1udio de estado s\u00f3lido e tubo de v\u00e1cuo.\u00a0O resultado \u00e9 um amplificador atraente que aproveita o melhor dessas duas filosofias de \u00e1udio opostas enquanto reproduz m\u00fasica no mais alto n\u00edvel de qualidade. Com um [&hellip;]<\/p>\n","protected":false},"featured_media":408,"template":"","meta":{"_acf_changed":false},"product_brand":[],"product_cat":[27,51,39],"product_tag":[],"class_list":{"0":"post-418","1":"product","2":"type-product","3":"status-publish","4":"has-post-thumbnail","6":"product_cat-amplificador","7":"product_cat-integrado","8":"product_cat-mcintosh","10":"first","11":"instock","12":"sold-individually","13":"shipping-taxable","14":"purchasable","15":"product-type-simple"},"acf":[],"aioseo_notices":[],"_links":{"self":[{"href":"https:\/\/hificlub.com.br\/loja\/wp-json\/wp\/v2\/product\/418","targetHints":{"allow":["GET"]}}],"collection":[{"href":"https:\/\/hificlub.com.br\/loja\/wp-json\/wp\/v2\/product"}],"about":[{"href":"https:\/\/hificlub.com.br\/loja\/wp-json\/wp\/v2\/types\/product"}],"wp:featuredmedia":[{"embeddable":true,"href":"https:\/\/hificlub.com.br\/loja\/wp-json\/wp\/v2\/media\/408"}],"wp:attachment":[{"href":"https:\/\/hificlub.com.br\/loja\/wp-json\/wp\/v2\/media?parent=418"}],"wp:term":[{"taxonomy":"product_brand","embeddable":true,"href":"https:\/\/hificlub.com.br\/loja\/wp-json\/wp\/v2\/product_brand?post=418"},{"taxonomy":"product_cat","embeddable":true,"href":"https:\/\/hificlub.com.br\/loja\/wp-json\/wp\/v2\/product_cat?post=418"},{"taxonomy":"product_tag","embeddable":true,"href":"https:\/\/hificlub.com.br\/loja\/wp-json\/wp\/v2\/product_tag?post=418"}],"curies":[{"name":"wp","href":"https:\/\/api.w.org\/{rel}","templated":true}]}}