{"id":41656,"date":"2026-03-18T14:36:00","date_gmt":"2026-03-18T17:36:00","guid":{"rendered":"https:\/\/hificlub.com.br\/loja\/?post_type=product&#038;p=41656"},"modified":"2026-03-25T08:51:25","modified_gmt":"2026-03-25T11:51:25","slug":"holo-audio-cyan-2","status":"publish","type":"product","link":"https:\/\/hificlub.com.br\/loja\/produto\/holo-audio-cyan-2\/","title":{"rendered":"HOLO AUDIO CYAN 2 DAC"},"content":{"rendered":"<h4 class=\"entry-title\"><span dir=\"auto\">O DAC Holoaudio Cyan 2 prova que menos \u00e9 mais.<\/span><\/h4>\n<p>A Holo Audio apresenta o irm\u00e3o mais velho do seu DAC CYAN, o CYAN 2. Tal como o seu antecessor, este \u00e9 um DAC balanceado R2R, baseado em redes de resistores discretos. Al\u00e9m disso, opera em modo NOS (Non-Over-Sampling) para uma reprodu\u00e7\u00e3o de sinal muito pura e aut\u00eantica.<\/p>\n<p>O gabinete anodizado em preto e cobre do Cyan 2, instantaneamente identific\u00e1vel, exala a robustez e o acabamento impec\u00e1vel de seus irm\u00e3os mais caros, mas com dimens\u00f5es mais adequadas para mesas, de 30 x 20 cm (12\u201d x 8\u201d). A Holoaudio merece aplausos por inspirar orgulho de propriedade em toda a sua linha de produtos; isso nem sempre \u00e9 prioridade para os fabricantes ao projetarem para o segmento mais competitivo do mercado, mas \u00e9 uma excelente maneira de se destacar em um setor saturado e incentivar a fidelidade do cliente.<\/p>\n<ul>\n<li><span dir=\"auto\" style=\"vertical-align: inherit\"><span dir=\"auto\" style=\"vertical-align: inherit\">Tipo de DAC: Rede R2R discreta (compat\u00edvel com NOS).<\/span><\/span><\/li>\n<li><span dir=\"auto\" style=\"vertical-align: inherit\"><span dir=\"auto\" style=\"vertical-align: inherit\">Suporte a PCM: at\u00e9 1,536 MHz (32 bits) via USB\/I2S, 192 kHz via coaxial\/\u00f3ptico\/AES.<\/span><\/span><\/li>\n<li><span dir=\"auto\" style=\"vertical-align: inherit\"><span dir=\"auto\" style=\"vertical-align: inherit\">Suporte a DSD: DSD64-DSD1024 nativo; DoP 64-512X.<\/span><\/span><\/li>\n<li><span dir=\"auto\" style=\"vertical-align: inherit\"><span dir=\"auto\" style=\"vertical-align: inherit\">Entradas: USB-B, I2S (HDMI), AES, Coaxial, \u00d3ptica.<\/span><\/span><\/li>\n<li><span dir=\"auto\" style=\"vertical-align: inherit\"><span dir=\"auto\" style=\"vertical-align: inherit\">Sa\u00eddas: XLR balanceada, RCA n\u00e3o balanceada.<\/span><\/span><\/li>\n<li><span dir=\"auto\" style=\"vertical-align: inherit\"><span dir=\"auto\" style=\"vertical-align: inherit\">THD+N (PCM): 0,0005% a 1K (-106dB).<\/span><\/span><\/li>\n<li><span dir=\"auto\" style=\"vertical-align: inherit\"><span dir=\"auto\" style=\"vertical-align: inherit\">THD+N (DSD): 0,0002% a 1K (-114dB).<\/span><\/span><\/li>\n<li><span dir=\"auto\" style=\"vertical-align: inherit\"><span dir=\"auto\" style=\"vertical-align: inherit\">Tens\u00e3o de sa\u00edda: 5,0 Vrms (XLR), 2,5 Vrms (RCA).<\/span><\/span><\/li>\n<li><span dir=\"auto\" style=\"vertical-align: inherit\"><span dir=\"auto\" style=\"vertical-align: inherit\">Dimens\u00f5es: 300 x 200 x 48 mm (11,8&#8243; x 7,9&#8243; x 1,9&#8243;).<\/span><\/span><\/li>\n<\/ul>\n","protected":false},"excerpt":{"rendered":"<p>O DAC Holoaudio Cyan 2 prova que menos \u00e9 mais. A Holo Audio apresenta o irm\u00e3o mais velho do seu DAC CYAN, o CYAN 2. Tal como o seu antecessor, este \u00e9 um DAC balanceado R2R, baseado em redes de resistores discretos. Al\u00e9m disso, opera em modo NOS (Non-Over-Sampling) para uma reprodu\u00e7\u00e3o de sinal muito [&hellip;]<\/p>\n","protected":false},"featured_media":41657,"template":"","meta":{"_acf_changed":false},"product_brand":[],"product_cat":[43,41],"product_tag":[],"class_list":{"0":"post-41656","1":"product","2":"type-product","3":"status-publish","4":"has-post-thumbnail","6":"product_cat-dac","7":"product_cat-digital","9":"first","10":"instock","11":"shipping-taxable","12":"purchasable","13":"product-type-simple"},"acf":[],"aioseo_notices":[],"_links":{"self":[{"href":"https:\/\/hificlub.com.br\/loja\/wp-json\/wp\/v2\/product\/41656","targetHints":{"allow":["GET"]}}],"collection":[{"href":"https:\/\/hificlub.com.br\/loja\/wp-json\/wp\/v2\/product"}],"about":[{"href":"https:\/\/hificlub.com.br\/loja\/wp-json\/wp\/v2\/types\/product"}],"wp:featuredmedia":[{"embeddable":true,"href":"https:\/\/hificlub.com.br\/loja\/wp-json\/wp\/v2\/media\/41657"}],"wp:attachment":[{"href":"https:\/\/hificlub.com.br\/loja\/wp-json\/wp\/v2\/media?parent=41656"}],"wp:term":[{"taxonomy":"product_brand","embeddable":true,"href":"https:\/\/hificlub.com.br\/loja\/wp-json\/wp\/v2\/product_brand?post=41656"},{"taxonomy":"product_cat","embeddable":true,"href":"https:\/\/hificlub.com.br\/loja\/wp-json\/wp\/v2\/product_cat?post=41656"},{"taxonomy":"product_tag","embeddable":true,"href":"https:\/\/hificlub.com.br\/loja\/wp-json\/wp\/v2\/product_tag?post=41656"}],"curies":[{"name":"wp","href":"https:\/\/api.w.org\/{rel}","templated":true}]}}