{"id":41649,"date":"2026-03-18T14:15:53","date_gmt":"2026-03-18T17:15:53","guid":{"rendered":"https:\/\/hificlub.com.br\/loja\/?post_type=product&#038;p=41649"},"modified":"2026-03-18T14:19:25","modified_gmt":"2026-03-18T17:19:25","slug":"bw-asw608-8-200-watts-3","status":"publish","type":"product","link":"https:\/\/hificlub.com.br\/loja\/produto\/bw-asw608-8-200-watts-3\/","title":{"rendered":"B&#038;W ASW608 8&#8243; 200 watts"},"content":{"rendered":"<p>Para um grande som em espa\u00e7os menores, voc\u00ea n\u00e3o pode bater o ASW608, o mais compacto dos subwoofers da s\u00e9rie 600.<\/p>\n<div>\n<p>O Bowers &amp; Wilkins ASW608 \u00e9 a prova de que voc\u00ea n\u00e3o precisa de um subwoofer enorme para desfrutar de graves s\u00f3lidos. Com menos de um p\u00e9 c\u00fabico de volume, este subwoofer compacto \u00e9 ideal para salas pequenas e m\u00e9dias, onde voc\u00ea deseja graves precisos e responsivos para m\u00fasica e filmes.<\/p>\n<p>O ASW608 possui um woofer de disparo frontal de 8\u2033 que \u00e9 acionado por um amplificador RMS de 200 watts. \u00c9 um complemento ideal para os alto-falantes de estante e de ch\u00e3o da s\u00e9rie Bowers &amp; Wilkins 600.<\/p>\n<ul>\n<li>Drive unit \u00a0 \u00a0200mm (8in) paper \/ Kevlar\u00ae cone long-throw<\/li>\n<li>Power output \u00a0 \u00a0200W<\/li>\n<li>Rated power consumption \u00a0 \u00a040W<\/li>\n<li>Standby power consumption \u00a0 \u00a00.5W<\/li>\n<li>Input impedance \u00a0 \u00a033k<\/li>\n<li>Signal \/ noise \u00a0 \u00a0&gt;90dB<\/li>\n<li>Functions<br \/>\nVolume level \u2013 line in<br \/>\nVolume level \u2013 speaker in<br \/>\nLow-pass filter frequency<br \/>\nLow-pass filter bypass (line in only)<br \/>\nBass extension<br \/>\nBass roll-off alignment<br \/>\nAuto sense on\/standby<br \/>\nPhase switch<\/li>\n<li>Inputs<br \/>\nStereo Line In (RCA Phono)<br \/>\nSpeaker In (Binding post)<br \/>\n12v trigger (3.5mm jack)<\/li>\n<li>Height \u00a0 \u00a0260mm (10.2in) not including feet<\/li>\n<li>Width \u00a0 \u00a0260mm (10.2in)<\/li>\n<li>Depth \u00a0 \u00a0330mm (13in) including grille and controls<\/li>\n<\/ul>\n<\/div>\n<div id=\"m_-6407760433234327386signature\"><\/div>\n","protected":false},"excerpt":{"rendered":"<p>Para um grande som em espa\u00e7os menores, voc\u00ea n\u00e3o pode bater o ASW608, o mais compacto dos subwoofers da s\u00e9rie 600. O Bowers &amp; Wilkins ASW608 \u00e9 a prova de que voc\u00ea n\u00e3o precisa de um subwoofer enorme para desfrutar de graves s\u00f3lidos. Com menos de um p\u00e9 c\u00fabico de volume, este subwoofer compacto \u00e9 [&hellip;]<\/p>\n","protected":false},"featured_media":41652,"template":"","meta":{"_acf_changed":false},"product_brand":[],"product_cat":[19,17,36],"product_tag":[],"class_list":{"0":"post-41649","1":"product","2":"type-product","3":"status-publish","4":"has-post-thumbnail","6":"product_cat-bw","7":"product_cat-caixas","8":"product_cat-subwoofer","10":"first","11":"instock","12":"shipping-taxable","13":"purchasable","14":"product-type-simple"},"acf":[],"aioseo_notices":[],"_links":{"self":[{"href":"https:\/\/hificlub.com.br\/loja\/wp-json\/wp\/v2\/product\/41649","targetHints":{"allow":["GET"]}}],"collection":[{"href":"https:\/\/hificlub.com.br\/loja\/wp-json\/wp\/v2\/product"}],"about":[{"href":"https:\/\/hificlub.com.br\/loja\/wp-json\/wp\/v2\/types\/product"}],"wp:featuredmedia":[{"embeddable":true,"href":"https:\/\/hificlub.com.br\/loja\/wp-json\/wp\/v2\/media\/41652"}],"wp:attachment":[{"href":"https:\/\/hificlub.com.br\/loja\/wp-json\/wp\/v2\/media?parent=41649"}],"wp:term":[{"taxonomy":"product_brand","embeddable":true,"href":"https:\/\/hificlub.com.br\/loja\/wp-json\/wp\/v2\/product_brand?post=41649"},{"taxonomy":"product_cat","embeddable":true,"href":"https:\/\/hificlub.com.br\/loja\/wp-json\/wp\/v2\/product_cat?post=41649"},{"taxonomy":"product_tag","embeddable":true,"href":"https:\/\/hificlub.com.br\/loja\/wp-json\/wp\/v2\/product_tag?post=41649"}],"curies":[{"name":"wp","href":"https:\/\/api.w.org\/{rel}","templated":true}]}}