{"id":41620,"date":"2026-03-17T12:04:13","date_gmt":"2026-03-17T15:04:13","guid":{"rendered":"https:\/\/hificlub.com.br\/loja\/?post_type=product&#038;p=41620"},"modified":"2026-04-22T04:32:17","modified_gmt":"2026-04-22T07:32:17","slug":"pass-aleph-p-pre-amplificador-full-balanced-classe-a","status":"publish","type":"product","link":"https:\/\/hificlub.com.br\/loja\/produto\/pass-aleph-p-pre-amplificador-full-balanced-classe-a\/","title":{"rendered":"PASS ALEPH P   Pr\u00e9-Amplificador Full Balanced, Classe A"},"content":{"rendered":"<div id=\"model-response-message-contentr_384963dcfbd5f2ec\" class=\"markdown markdown-main-panel enable-updated-hr-color\" dir=\"ltr\" aria-live=\"off\">\n<p data-path-to-node=\"0\">O <b data-path-to-node=\"0\" data-index-in-node=\"2\">Pass Aleph P<\/b> \u00e9 um pr\u00e9-amplificador de linha de alto desempenho criado por Nelson Pass, reconhecido por sua abordagem minimalista e purista no design de circuitos. Ele \u00e9 um componente de classe A pura que utiliza transistores MOSFET em uma configura\u00e7\u00e3o de est\u00e1gio \u00fanico, priorizando a m\u00e1xima fidelidade e a menor interven\u00e7\u00e3o poss\u00edvel no sinal original.<\/p>\n<p data-path-to-node=\"1\"><b data-path-to-node=\"1\" data-index-in-node=\"0\">Arquitetura e Filosofia de Circuito<\/b><\/p>\n<p data-path-to-node=\"1\">A engenharia do Aleph P \u00e9 baseada em uma topologia balanceada de ponta a ponta. Ele \u00e9 um dispositivo que opera sem realimenta\u00e7\u00e3o negativa global, o que elimina distor\u00e7\u00f5es temporais e preserva a harmonia natural da m\u00fasica. O controle de volume \u00e9 um sistema de atenua\u00e7\u00e3o por resistores de precis\u00e3o, garantindo que o equil\u00edbrio entre os canais seja mantido com exatid\u00e3o em qualquer n\u00edvel de audi\u00e7\u00e3o.<\/p>\n<p data-path-to-node=\"2\"><b data-path-to-node=\"2\" data-index-in-node=\"0\">Constru\u00e7\u00e3o e Fonte de Alimenta\u00e7\u00e3o<\/b><\/p>\n<p data-path-to-node=\"2\">O chassi \u00e9 robusto e elegante, com um painel frontal espesso que abriga controles intuitivos. Internamente, a fonte de alimenta\u00e7\u00e3o \u00e9 um elemento de destaque, sendo pesadamente filtrada e regulada para fornecer uma corrente extremamente limpa aos circuitos de \u00e1udio. Essa estabilidade el\u00e9trica \u00e9 essencial para o baixo n\u00edvel de ru\u00eddo e para a ampla faixa din\u00e2mica que o equipamento apresenta.<\/p>\n<p data-path-to-node=\"3\"><b data-path-to-node=\"3\" data-index-in-node=\"0\">Desempenho Sonoro<\/b><\/p>\n<p data-path-to-node=\"3\">A sonoridade do Pass Aleph P \u00e9 descrita como org\u00e2nica e transparente. Ele \u00e9 um pr\u00e9-amplificador que oferece um palco sonoro tridimensional, onde a textura dos instrumentos e as nuances das vozes s\u00e3o reproduzidas com realismo impressionante. A aus\u00eancia de aspereza digital ou colora\u00e7\u00f5es artificiais torna este equipamento uma escolha preferencial para sistemas que buscam a ess\u00eancia da musicalidade anal\u00f3gica.<\/p>\n<p data-path-to-node=\"4\">\n<\/div>\n","protected":false},"excerpt":{"rendered":"<p>O Pass Aleph P \u00e9 um pr\u00e9-amplificador de linha de alto desempenho criado por Nelson Pass, reconhecido por sua abordagem minimalista e purista no design de circuitos. Ele \u00e9 um componente de classe A pura que utiliza transistores MOSFET em uma configura\u00e7\u00e3o de est\u00e1gio \u00fanico, priorizando a m\u00e1xima fidelidade e a menor interven\u00e7\u00e3o poss\u00edvel no [&hellip;]<\/p>\n","protected":false},"featured_media":41621,"template":"","meta":{"_acf_changed":false},"product_brand":[],"product_cat":[219,38],"product_tag":[],"class_list":{"0":"post-41620","1":"product","2":"type-product","3":"status-publish","4":"has-post-thumbnail","6":"product_cat-pass-labs","7":"product_cat-pre-amplificador","9":"first","10":"instock","11":"sold-individually","12":"shipping-taxable","13":"purchasable","14":"product-type-simple"},"acf":[],"aioseo_notices":[],"_links":{"self":[{"href":"https:\/\/hificlub.com.br\/loja\/wp-json\/wp\/v2\/product\/41620","targetHints":{"allow":["GET"]}}],"collection":[{"href":"https:\/\/hificlub.com.br\/loja\/wp-json\/wp\/v2\/product"}],"about":[{"href":"https:\/\/hificlub.com.br\/loja\/wp-json\/wp\/v2\/types\/product"}],"wp:featuredmedia":[{"embeddable":true,"href":"https:\/\/hificlub.com.br\/loja\/wp-json\/wp\/v2\/media\/41621"}],"wp:attachment":[{"href":"https:\/\/hificlub.com.br\/loja\/wp-json\/wp\/v2\/media?parent=41620"}],"wp:term":[{"taxonomy":"product_brand","embeddable":true,"href":"https:\/\/hificlub.com.br\/loja\/wp-json\/wp\/v2\/product_brand?post=41620"},{"taxonomy":"product_cat","embeddable":true,"href":"https:\/\/hificlub.com.br\/loja\/wp-json\/wp\/v2\/product_cat?post=41620"},{"taxonomy":"product_tag","embeddable":true,"href":"https:\/\/hificlub.com.br\/loja\/wp-json\/wp\/v2\/product_tag?post=41620"}],"curies":[{"name":"wp","href":"https:\/\/api.w.org\/{rel}","templated":true}]}}