{"id":4153,"date":"2023-10-17T20:10:23","date_gmt":"2023-10-17T23:10:23","guid":{"rendered":"https:\/\/hificlub.com.br\/loja2\/produto\/monitor-audio-silver-w-12-6g-12-500-watts\/"},"modified":"2026-03-03T22:20:37","modified_gmt":"2026-03-04T01:20:37","slug":"monitor-audio-silver-w-12-6g-12-500-watts","status":"publish","type":"product","link":"https:\/\/hificlub.com.br\/loja\/produto\/monitor-audio-silver-w-12-6g-12-500-watts\/","title":{"rendered":"MONITOR AUDIO SILVER W-12  6G Subwoofer 12&#8243; 500 Watts"},"content":{"rendered":"<p>O Silver W-12 6G fornece o complemento perfeito para a configura\u00e7\u00e3o do seu alto-falante, fazendo com que qualquer m\u00fasica pare\u00e7a mais completa, profunda e impressionante.\u00a0E \u00e9 combinado com o tipo de baixo s\u00edsmico que far\u00e1 voc\u00ea pensar que a Terra acabou de se mover.<\/p>\n<p>Com seus graves excelentes, o Silver W-12 oferece o cen\u00e1rio sonoro perfeito para a configura\u00e7\u00e3o do seu alto-falante.\u00a0O amplificador de 500 watts oferece um headroom incr\u00edvel, o que significa que mais pot\u00eancia n\u00e3o significa mais distor\u00e7\u00e3o.\u00a0E tamb\u00e9m \u00e9 inteligente, com recursos como corre\u00e7\u00e3o autom\u00e1tica de posi\u00e7\u00e3o, que aprende o layout da sala e corrige automaticamente a ac\u00fastica da m\u00fasica que voc\u00ea ouve.\u00a0Como resultado, voc\u00ea pode colocar seu subwoofer onde quiser, sem restri\u00e7\u00f5es, e ainda desfrutar de um som incrivelmente realista.<\/p>\n<div class=\"row padTop0 padBot0 pageBlockRow\">\n<div class=\"col-md-12 headingBlock\">\n<h4 class=\"pageBlockHeading\">Caracter\u00edsticas principais<\/h4>\n<\/div>\n<div class=\"col-md-6 leftPageBlock\">\n<ul>\n<li>Driver de ultra longo alcance de 12 polegadas com\u00a0cone\u00a0<a href=\"https:\/\/www-monitoraudio-com.translate.goog\/en\/blog\/introducing-c-cam-ceramic-coated-aluminium-magnesium\/?_x_tr_sl=en&amp;_x_tr_tl=pt&amp;_x_tr_hl=pt-BR&amp;_x_tr_pto=sc\">C-CAM &#8216;abaulado&#8217;<\/a><\/li>\n<li>Suspens\u00e3o tripla para m\u00e1xima linearidade, garantindo controle em alta pot\u00eancia e excurs\u00f5es<\/li>\n<li>Bobina de voz de 3 polegadas anodizada preta superdimensionada que fornece alta pot\u00eancia e baixa distor\u00e7\u00e3o<\/li>\n<li>Potente amplificador classe D de 500 W RMS com fonte de alimenta\u00e7\u00e3o chaveada fornece entrega instant\u00e2nea de alta corrente quando necess\u00e1rio<\/li>\n<li>Processamento<a href=\"https:\/\/www-monitoraudio-com.translate.goog\/en\/blog\/introducing-dsp-digital-signal-processing\/?_x_tr_sl=en&amp;_x_tr_tl=pt&amp;_x_tr_hl=pt-BR&amp;_x_tr_pto=sc\">\u00a0DSP com todos os recursos de controle e crossover executados digitalmente<\/a><\/li>\n<li>Corre\u00e7\u00e3o autom\u00e1tica de posi\u00e7\u00e3o mais recurso de configura\u00e7\u00e3o autom\u00e1tica de sala usando microfone para otimiza\u00e7\u00e3o simples do sistema<\/li>\n<li>USB para atualiza\u00e7\u00f5es de firmware<\/li>\n<li>Tr\u00eas configura\u00e7\u00f5es predefinidas do modo EQ (M\u00fasica, Filme, Impacto)<\/li>\n<\/ul>\n<\/div>\n<div class=\"col-md-6 rightPageBlock\">\n<p>Especifica\u00e7\u00f5es:<\/p>\n<p>&#8211; Pot\u00eancia: 500w cont\u00ednuos<br \/>\n&#8211; Controle de fase: 0 e 180 graus<br \/>\n&#8211; Subwoofer driver: 12&#8243; C-CAM<br \/>\n&#8211; Limite de frequ\u00eancia inferior: 20 Hz (Typical IEC room)<br \/>\n&#8211; Limite de frequ\u00eancia superior: 40 \u2013 120 Hz variable<br \/>\n&#8211; Classifica\u00e7\u00e3o do amplificador: Amplificador Classe D com fonte de alimenta\u00e7\u00e3o comutada (SMPSU)<br \/>\n&#8211; Trigger Input: 5 \u2013 12 V via 3.5 mm mono mini-jack socket<br \/>\n&#8211; Consumo de energia: 400 W \/ 0,5 W em espera<br \/>\n&#8211; Tens\u00e3o de entrada de rede: 110-120 \/ 220-240 50\/60 Hz<br \/>\n&#8211; Dimens\u00f5es incluindo grade e terminais: 37 x 34 x 41 cm (AxLxP)<br \/>\n&#8211; Peso: 20,1 Kg<\/p>\n<\/div>\n<\/div>\n","protected":false},"excerpt":{"rendered":"<p>O Silver W-12 6G fornece o complemento perfeito para a configura\u00e7\u00e3o do seu alto-falante, fazendo com que qualquer m\u00fasica pare\u00e7a mais completa, profunda e impressionante.\u00a0E \u00e9 combinado com o tipo de baixo s\u00edsmico que far\u00e1 voc\u00ea pensar que a Terra acabou de se mover. Com seus graves excelentes, o Silver W-12 oferece o cen\u00e1rio sonoro [&hellip;]<\/p>\n","protected":false},"featured_media":27707,"template":"","meta":{"_acf_changed":false},"product_brand":[],"product_cat":[17,109,36],"product_tag":[],"class_list":{"0":"post-4153","1":"product","2":"type-product","3":"status-publish","4":"has-post-thumbnail","6":"product_cat-caixas","7":"product_cat-monitor-audio","8":"product_cat-subwoofer","10":"first","11":"instock","12":"sold-individually","13":"shipping-taxable","14":"purchasable","15":"product-type-simple"},"acf":[],"aioseo_notices":[],"_links":{"self":[{"href":"https:\/\/hificlub.com.br\/loja\/wp-json\/wp\/v2\/product\/4153","targetHints":{"allow":["GET"]}}],"collection":[{"href":"https:\/\/hificlub.com.br\/loja\/wp-json\/wp\/v2\/product"}],"about":[{"href":"https:\/\/hificlub.com.br\/loja\/wp-json\/wp\/v2\/types\/product"}],"wp:featuredmedia":[{"embeddable":true,"href":"https:\/\/hificlub.com.br\/loja\/wp-json\/wp\/v2\/media\/27707"}],"wp:attachment":[{"href":"https:\/\/hificlub.com.br\/loja\/wp-json\/wp\/v2\/media?parent=4153"}],"wp:term":[{"taxonomy":"product_brand","embeddable":true,"href":"https:\/\/hificlub.com.br\/loja\/wp-json\/wp\/v2\/product_brand?post=4153"},{"taxonomy":"product_cat","embeddable":true,"href":"https:\/\/hificlub.com.br\/loja\/wp-json\/wp\/v2\/product_cat?post=4153"},{"taxonomy":"product_tag","embeddable":true,"href":"https:\/\/hificlub.com.br\/loja\/wp-json\/wp\/v2\/product_tag?post=4153"}],"curies":[{"name":"wp","href":"https:\/\/api.w.org\/{rel}","templated":true}]}}