{"id":4114,"date":"2023-10-17T20:10:09","date_gmt":"2023-10-17T23:10:09","guid":{"rendered":"https:\/\/hificlub.com.br\/loja2\/produto\/harmonic-technology-pro-ac11-cl3-15-metro\/"},"modified":"2026-03-24T05:51:33","modified_gmt":"2026-03-24T08:51:33","slug":"harmonic-technology-pro-ac11-cl3-15-metro","status":"publish","type":"product","link":"https:\/\/hificlub.com.br\/loja\/produto\/harmonic-technology-pro-ac11-cl3-15-metro\/","title":{"rendered":"HARMONIC TECH PRO-AC11 CL-3   2 metros"},"content":{"rendered":"<p>Estado de conserva\u00e7\u00e3o: <strong>9\/10<\/strong><\/p>\n<p>Tamanho: 2<strong> metros<\/strong><\/p>\n<p>Cabo de for\u00e7a<\/p>\n<p class=\"MdRemovedH1\"><span dir=\"auto\" style=\"vertical-align: inherit\"><span dir=\"auto\" style=\"vertical-align: inherit\">Cabo de alimenta\u00e7\u00e3o Harmonic Technology Pro AC-11<\/span><\/span><\/p>\n<p class=\"MdRemovedH2\"><span dir=\"auto\" style=\"vertical-align: inherit\"><span dir=\"auto\" style=\"vertical-align: inherit\">Calor, detalhes e pot\u00eancia<\/span><\/span><\/p>\n<p><span dir=\"auto\" style=\"vertical-align: inherit\"><span dir=\"auto\" style=\"vertical-align: inherit\">Se voc\u00ea busca mais transpar\u00eancia, combinada com menos colora\u00e7\u00e3o e distor\u00e7\u00e3o em seus componentes eletr\u00f4nicos, o\u00a0 cabo de alimenta\u00e7\u00e3o <\/span><\/span><strong><span dir=\"auto\" style=\"vertical-align: inherit\"><span dir=\"auto\" style=\"vertical-align: inherit\">Pro AC-11\u00a0<\/span><\/span><\/strong><span dir=\"auto\" style=\"vertical-align: inherit\"><span dir=\"auto\" style=\"vertical-align: inherit\"> \u00e9 a solu\u00e7\u00e3o ideal. Cada frequ\u00eancia, al\u00e9m da transpar\u00eancia e clareza, \u00e9 aprimorada por este cabo; o sil\u00eancio entre as notas \u00e9 simplesmente impressionante. Como a aus\u00eancia de ru\u00eddos esp\u00farios resulta em um fundo aveludado e silencioso, eliminando o chiado caracter\u00edstico, a distor\u00e7\u00e3o \u00e9 significativamente reduzida e n\u00edveis de volume mais altos s\u00e3o poss\u00edveis sem causar fadiga auditiva. Al\u00e9m disso, mesmo em volumes baixos, o som apresenta maior clareza e riqueza, superior a qualquer experi\u00eancia anterior. Se voc\u00ea deseja aprimorar drasticamente o som do seu sistema, instale\u00a0 cabos de alimenta\u00e7\u00e3o <\/span><\/span><strong><span dir=\"auto\" style=\"vertical-align: inherit\"><span dir=\"auto\" style=\"vertical-align: inherit\">Pro AC-11\u00a0<\/span><\/span><\/strong><span dir=\"auto\" style=\"vertical-align: inherit\"><span dir=\"auto\" style=\"vertical-align: inherit\"> em todos os seus componentes eletr\u00f4nicos hoje mesmo.<\/span><\/span><\/p>\n","protected":false},"excerpt":{"rendered":"<p>Estado de conserva\u00e7\u00e3o: 9\/10 Tamanho: 2 metros Cabo de for\u00e7a Cabo de alimenta\u00e7\u00e3o Harmonic Technology Pro AC-11 Calor, detalhes e pot\u00eancia Se voc\u00ea busca mais transpar\u00eancia, combinada com menos colora\u00e7\u00e3o e distor\u00e7\u00e3o em seus componentes eletr\u00f4nicos, o\u00a0 cabo de alimenta\u00e7\u00e3o Pro AC-11\u00a0 \u00e9 a solu\u00e7\u00e3o ideal. Cada frequ\u00eancia, al\u00e9m da transpar\u00eancia e clareza, \u00e9 aprimorada [&hellip;]<\/p>\n","protected":false},"featured_media":41799,"template":"","meta":{"_acf_changed":false},"product_brand":[],"product_cat":[61,67,138],"product_tag":[],"class_list":{"0":"post-4114","1":"product","2":"type-product","3":"status-publish","4":"has-post-thumbnail","6":"product_cat-cabos","7":"product_cat-forca","8":"product_cat-harmonic-tech","10":"first","11":"instock","12":"sold-individually","13":"shipping-taxable","14":"purchasable","15":"product-type-simple"},"acf":[],"aioseo_notices":[],"_links":{"self":[{"href":"https:\/\/hificlub.com.br\/loja\/wp-json\/wp\/v2\/product\/4114","targetHints":{"allow":["GET"]}}],"collection":[{"href":"https:\/\/hificlub.com.br\/loja\/wp-json\/wp\/v2\/product"}],"about":[{"href":"https:\/\/hificlub.com.br\/loja\/wp-json\/wp\/v2\/types\/product"}],"wp:featuredmedia":[{"embeddable":true,"href":"https:\/\/hificlub.com.br\/loja\/wp-json\/wp\/v2\/media\/41799"}],"wp:attachment":[{"href":"https:\/\/hificlub.com.br\/loja\/wp-json\/wp\/v2\/media?parent=4114"}],"wp:term":[{"taxonomy":"product_brand","embeddable":true,"href":"https:\/\/hificlub.com.br\/loja\/wp-json\/wp\/v2\/product_brand?post=4114"},{"taxonomy":"product_cat","embeddable":true,"href":"https:\/\/hificlub.com.br\/loja\/wp-json\/wp\/v2\/product_cat?post=4114"},{"taxonomy":"product_tag","embeddable":true,"href":"https:\/\/hificlub.com.br\/loja\/wp-json\/wp\/v2\/product_tag?post=4114"}],"curies":[{"name":"wp","href":"https:\/\/api.w.org\/{rel}","templated":true}]}}