{"id":4102,"date":"2023-10-17T20:10:07","date_gmt":"2023-10-17T23:10:07","guid":{"rendered":"https:\/\/hificlub.com.br\/loja2\/produto\/jbl-stage-a180\/"},"modified":"2026-03-03T22:20:38","modified_gmt":"2026-03-04T01:20:38","slug":"jbl-stage-a180","status":"publish","type":"product","link":"https:\/\/hificlub.com.br\/loja\/produto\/jbl-stage-a180\/","title":{"rendered":"JBL STAGE A180"},"content":{"rendered":"<h4>JBL Stage A180 Entradas dispon\u00edveis para a primeira fileira do show.<\/h4>\n<p>O jbl Stage \u00e9 um avan\u00e7ado sistema de alto-falantes para aparelho de som e<br \/>\nhome-theater que oferece toda a emo\u00e7\u00e3o da experi\u00eancia de um show ao vivo bem na sua sala.<br \/>\nEquipado com tweeters de 25 mm (1&#8243;) com domo de alum\u00ednio e formato de som waveguide de alta defini\u00e7\u00e3o,<br \/>\nal\u00e9m de woofers de 203 mm (8&#8243;) que reproduzem o grave profundo e \u00fanico da jbl, o jbl Stage captura todas<br \/>\nas notas do espectro de \u00e1udio, da mais grave \u00e0 mais aguda, e as transforma em puro prazer de audi\u00e7\u00e3o.<br \/>\nDispon\u00edvel em Pantone preto ou madeira de duas tonalidades, o jbl Stage \u00e9 um acr\u00e9scimo elegante a qualquer<br \/>\nsistema de home-theater. Seja para filmes ou m\u00fasica, o som da sua casa nunca mais ser\u00e1 o mesmo.<\/p>\n<div class=\"spec-row\"><span class=\"spec-key -full\">Concebido e projetado na mundialmente famosa instala\u00e7\u00e3o de engenharia ac\u00fastica da JBL em Northridge, Calif\u00f3rnia, o Stage A180 \u00e9 o alto-falante de ch\u00e3o de porte m\u00e9dio da JBL Stage Series. O espa\u00e7o f\u00edsico estreito apresenta um design de 2,5 vias com geometria de guia de ondas patenteada High-Definition Imaging (HDI\u2122), tweeter de c\u00fapula de alum\u00ednio de 25\u00a0mm (1\u00a0pol.) e woofers c\u00f4nicos duplos de policelulose de 165\u00a0mm (6,5\u00a0pol.) para baixo exclusivo da JBL.<\/span><\/div>\n<div>\n<ul>\n<li>\n<h3><strong>Design<\/strong><\/h3>\n<\/li>\n<\/ul>\n<p>De cara a gente j\u00e1 adianta que essa\u00a0<strong>caixa de som<\/strong><strong>\u00a0torre JBL<\/strong>\u00a0tem uma presen\u00e7a impressionante, sendo extremamente bem acabada, da tela, \u00e0s curvas e ao alto-falante, tudo foi pensando com muito estilo e bom gosto.\u00a0Os p\u00e9s de apoio, por exemplo, chamam bastante a aten\u00e7\u00e3o, que t\u00eam ainda a op\u00e7\u00e3o de serem de borracha ou como spikes, que diminuem a superf\u00edcie de contato e, consequentemente, a vibra\u00e7\u00e3o, conferindo mais pureza na transmiss\u00e3o do\u00a0som. Ent\u00e3o com certeza esse design j\u00e1 \u00e9 um diferencial est\u00e9tico que agrega valor ao\u00a0home theater.\u00a0Outra caracter\u00edstica de design que chama aten\u00e7\u00e3o nessa\u00a0<strong>caixa de som torre<\/strong> \u00e9 a possibilidade de variar entre um visual mais s\u00f3brio e sofisticado com a coloca\u00e7\u00e3o da tela frontal ou mais agressivo, para quem gosta de visualizar os componentes da caixa.<\/p>\n<ul>\n<li>\n<h3><strong>Traseira<\/strong><\/h3>\n<\/li>\n<\/ul>\n<p>Na traseira da\u00a0<strong>caixa de som<\/strong><strong>\u00a0torre<\/strong>\u00a0\u00e9 poss\u00edvel ver a op\u00e7\u00e3o de trabalhar com a caixa bicablada ou bi amplificada, assim como perceber o perfeito acabamento do anel de liga\u00e7\u00e3o do canal do tweeter com o canal dos dois woofers de 6,5\u201d.\u00a0Por outro lado, as duas portas de\u00a0sa\u00edda\u00a0da sintoniza\u00e7\u00e3o Rear-Firing com tecnologia Bass-Reflex trazem um grave muito mais envolvente, digno at\u00e9 de caixas de 8\u201d.<\/p>\n<ul>\n<li>\n<h3><strong>Sensibilidade e desempenho<\/strong><\/h3>\n<\/li>\n<\/ul>\n<p>J\u00e1 a pot\u00eancia admiss\u00edvel de 20 W a 225 W faz com que se comporte muito bem com qualquer receiver. A instala\u00e7\u00e3o teste, por exemplo, foi feita com um Yamaha 585, um equipamento que tem metade da pot\u00eancia admiss\u00edvel que a <strong>caixa de som torre JBL<\/strong>\u00a0aceita e o desempenho foi realmente muito bom.\u00a0A sensibilidade da JBL Stage A180 \u00e9 de 90 db. Isso \u00e9 interessante porque a gente sabe que quanto maior a sensibilidade de uma\u00a0caixa de som, menos pot\u00eancia \u00e9 necess\u00e1ria entregar para a caixa ter seu melhor desempenho.<\/p>\n<p>Al\u00e9m disso, essa\u00a0<strong>caixa de som torre<\/strong>\u00a0tem uma imped\u00e2ncia de 6 Ohms \u2013 e quanto menor a imped\u00e2ncia, menor a resist\u00eancia eletroac\u00fastica para fazer a transmiss\u00e3o de pot\u00eancia com o\u00a0receiver\u00a0ou\u00a0amplificador.\u00a0O tweeter, de alum\u00ednio, por sinal, tem 1\u201d e \u00e9 bom, embora n\u00e3o chegue a ser excelente, oferecendo um bom desempenho na distin\u00e7\u00e3o das frequ\u00eancias m\u00e9dias e agudas.<\/p>\n<p>De um modo geral, os pouco mais de 17 Kg de peso por torre indica que foram usados materiais de boa qualidade na sua produ\u00e7\u00e3o.\u00a0Para quem tem dificuldade em escolher a melhor\u00a0<strong>caixa de som torre profissional<\/strong>\u00a0ou para uso residencial no\u00a0home theater, a JBL Stage A180 \u00e9 uma \u00f3tima op\u00e7\u00e3o.\u00a0A caixa \u00e9 modelo barato, entrando com a linha Stage em um nicho anteriormente ocupado pela linha Studio, mas trazendo para o mercado o que h\u00e1 de melhor em ambas.\u00a0Al\u00e9m disso, a nova tecnologia dos alto-falantes est\u00e1 realmente entregando um \u00f3timo som, chegando a concorrer frente a frente com\u00a0caixas de som\u00a0que s\u00e3o mais caras.<\/p>\n<\/div>\n<div class=\"spec-row\">\n<div class=\"spec-row\"><\/div>\n<\/div>\n","protected":false},"excerpt":{"rendered":"<p>JBL Stage A180 Entradas dispon\u00edveis para a primeira fileira do show. O jbl Stage \u00e9 um avan\u00e7ado sistema de alto-falantes para aparelho de som e home-theater que oferece toda a emo\u00e7\u00e3o da experi\u00eancia de um show ao vivo bem na sua sala. Equipado com tweeters de 25 mm (1&#8243;) com domo de alum\u00ednio e formato [&hellip;]<\/p>\n","protected":false},"featured_media":27697,"template":"","meta":{"_acf_changed":false},"product_brand":[],"product_cat":[17,18],"product_tag":[],"class_list":{"0":"post-4102","1":"product","2":"type-product","3":"status-publish","4":"has-post-thumbnail","6":"product_cat-caixas","7":"product_cat-torres","9":"first","10":"instock","11":"sold-individually","12":"shipping-taxable","13":"purchasable","14":"product-type-simple"},"acf":[],"aioseo_notices":[],"_links":{"self":[{"href":"https:\/\/hificlub.com.br\/loja\/wp-json\/wp\/v2\/product\/4102","targetHints":{"allow":["GET"]}}],"collection":[{"href":"https:\/\/hificlub.com.br\/loja\/wp-json\/wp\/v2\/product"}],"about":[{"href":"https:\/\/hificlub.com.br\/loja\/wp-json\/wp\/v2\/types\/product"}],"wp:featuredmedia":[{"embeddable":true,"href":"https:\/\/hificlub.com.br\/loja\/wp-json\/wp\/v2\/media\/27697"}],"wp:attachment":[{"href":"https:\/\/hificlub.com.br\/loja\/wp-json\/wp\/v2\/media?parent=4102"}],"wp:term":[{"taxonomy":"product_brand","embeddable":true,"href":"https:\/\/hificlub.com.br\/loja\/wp-json\/wp\/v2\/product_brand?post=4102"},{"taxonomy":"product_cat","embeddable":true,"href":"https:\/\/hificlub.com.br\/loja\/wp-json\/wp\/v2\/product_cat?post=4102"},{"taxonomy":"product_tag","embeddable":true,"href":"https:\/\/hificlub.com.br\/loja\/wp-json\/wp\/v2\/product_tag?post=4102"}],"curies":[{"name":"wp","href":"https:\/\/api.w.org\/{rel}","templated":true}]}}