{"id":4091,"date":"2023-10-17T20:10:05","date_gmt":"2023-10-17T23:10:05","guid":{"rendered":"https:\/\/hificlub.com.br\/loja2\/produto\/monitor-audio-studio-black-gloss\/"},"modified":"2026-03-03T22:20:38","modified_gmt":"2026-03-04T01:20:38","slug":"monitor-audio-studio-black-gloss","status":"publish","type":"product","link":"https:\/\/hificlub.com.br\/loja\/produto\/monitor-audio-studio-black-gloss\/","title":{"rendered":"MONITOR AUDIO STUDIO Caixa Bookshelf Satin Black"},"content":{"rendered":"<p>O Studio \u00e9 um alto-falante premium que oferece desempenho absoluto dentro das linhas limpas de seu gabinete compacto.\u00a0A forma e a configura\u00e7\u00e3o foram projetadas para fornecer uma reprodu\u00e7\u00e3o de \u00e1udio detalhada e poderosa, geralmente associada a alto-falantes maiores.<\/p>\n<p>Os alto-falantes Studio s\u00e3o uma adi\u00e7\u00e3o impressionante a qualquer sala.\u00a0Apresentando tecnologias da s\u00e9rie\u00a0<a href=\"https:\/\/www-monitoraudio-com.translate.goog\/en\/product-ranges\/platinum-ii\/?_x_tr_sl=en&amp;_x_tr_tl=pt&amp;_x_tr_hl=pt-BR&amp;_x_tr_pto=sc\">Platinum II<\/a>\u00a0de topo de gama da Monitor Audio , eles oferecem uma experi\u00eancia de audi\u00e7\u00e3o verdadeiramente topo de gama que ir\u00e1 deliciar at\u00e9 os ouvidos mais exigentes!<\/p>\n<p>O design sem grade garante que a voz do locutor seja clara e verdadeira e permite que os motoristas se tornem um ponto focal atraente.\u00a0<a href=\"https:\/\/www-monitoraudio-com.translate.goog\/en\/blog\/introducing-rdt-ii-rigid-diaphragm-technology-2nd-generation\/?_x_tr_sl=en&amp;_x_tr_tl=pt&amp;_x_tr_hl=pt-BR&amp;_x_tr_pto=sc\">Os dois cones de alto-falante RDT II<\/a>\u00a0metalizados e prateados\u00a0oferecem um \u00f3timo desempenho de alta qualidade que encantar\u00e1 os audi\u00f3filos.\u00a0A capa do tweeter em favo de mel adiciona um toque contempor\u00e2neo \u00e0 forma do alto-falante e o logotipo de metal s\u00f3lido sob medida na base do gabinete d\u00e1 um toque de design elegante.<\/p>\n<p>Feito \u00e0 m\u00e3o e dispon\u00edvel em um elegante acabamento em preto acetinado, branco ou cinza, o Studio \u00e9 um par de alto-falantes atemporalmente elegante.\u00a0Para garantir um desempenho superlativo, est\u00e1 dispon\u00edvel um suporte de piso dedicado preto ou branco opcional (\u00a0<a href=\"https:\/\/www-monitoraudio-com.translate.goog\/en\/accessories\/speaker-stands\/stand\/?_x_tr_sl=en&amp;_x_tr_tl=pt&amp;_x_tr_hl=pt-BR&amp;_x_tr_pto=sc\">STAND<\/a>\u00a0).<\/p>\n<p>Projeto do driver<\/p>\n<p>Os drivers duplos de 4&#8243; do Studio s\u00e3o vers\u00f5es modificadas daqueles usados \u200b\u200bno alto-falante\u00a0<a href=\"https:\/\/www-monitoraudio-com.translate.goog\/en\/product-ranges\/platinum-ii\/platinum-pl500-ii\/?_x_tr_sl=en&amp;_x_tr_tl=pt&amp;_x_tr_hl=pt-BR&amp;_x_tr_pto=sc\">Platinum PL500 II<\/a>\u00a0da Monitor Audio . Seu som \u00e9 claro e natural, com graves profundos e muitos detalhes de m\u00e9dio alcance.<\/p>\n<p>Os drivers s\u00e3o projetados para ter uma distor\u00e7\u00e3o incrivelmente baixa e usam os mesmos princ\u00edpios de design magn\u00e9tico e escolha de material que os alto-falantes Platinum l\u00edderes de classe.\u00a0Um transdutor de alta frequ\u00eancia\u00a0<a href=\"https:\/\/www-monitoraudio-com.translate.goog\/en\/blog\/introducing-mpd-micro-pleated-diaphragm-high-frequency-transducer\/?_x_tr_sl=en&amp;_x_tr_tl=pt&amp;_x_tr_hl=pt-BR&amp;_x_tr_pto=sc\">MPD<\/a>\u00a0(Micro Pleated Diaphragm) foi projetado para fornecer uma articula\u00e7\u00e3o incr\u00edvel devido ao seu diafragma de baixa massa.\u00a0Os transdutores MPD funcionam da mesma forma que um acorde\u00e3o super r\u00e1pido, apertando rapidamente as pregas para produzir uma resposta suave, ampla e naturalmente r\u00e1pida na banda ultrass\u00f4nica.\u00a0Como resultado, o som \u00e9 mais realista, liberando o espectro harm\u00f4nico alto de cada nota sem a distor\u00e7\u00e3o que borra a defini\u00e7\u00e3o.<\/p>\n<p>Projeto mec\u00e2nico e visual<\/p>\n<p>O elegante gabinete do Studio \u00e9 ajustado usando duas portas\u00a0<a href=\"https:\/\/www-monitoraudio-com.translate.goog\/en\/blog\/introducing-hive-ii\/?_x_tr_sl=en&amp;_x_tr_tl=pt&amp;_x_tr_hl=pt-BR&amp;_x_tr_pto=sc\">HiVe II<\/a>\u00a0montadas na parte traseira na parte superior e inferior do gabinete.\u00a0As portas duplas garantem que a press\u00e3o dentro do gabinete seja simetricamente equilibrada e que n\u00e3o haja turbul\u00eancia e ru\u00eddo de ar subsequente.\u00a0A tecnologia HiVe II garante que o ar entre e saia muito mais r\u00e1pido do que uma porta convencional, resultando em graves r\u00e1pidos e potentes, juntamente com uma resposta transit\u00f3ria superior.<\/p>\n<p>Capacitores de filme de polipropileno de alta qualidade, indutores de n\u00facleo de ar e n\u00facleo de a\u00e7o laminado foram selecionados para preservar a melhor integridade de sinal poss\u00edvel.\u00a0A corrente el\u00e9trica purista \u00e9 complementada por um par de terminais precisamente usinados desenvolvidos para a S\u00e9rie Platinum.\u00a0Estes s\u00e3o banhados a r\u00f3dio para fornecer a menor resist\u00eancia de contato e consist\u00eancia a longo prazo.<\/p>\n<p>Os drivers s\u00e3o cercados e fixados por um sub-defletor r\u00edgido de alum\u00ednio fundido para fornecer rigidez.\u00a0A estrutura mec\u00e2nica \u00e9 aprimorada ainda mais usando a renomada tecnologia de driver de passagem para fornecer o melhor suporte de gabinete.<\/p>\n<div class=\"col-md-12 headingBlock\">\n<h4 class=\"pageBlockHeading\">Caracter\u00edsticas principais<\/h4>\n<\/div>\n<div class=\"col-md-8 leftPageBlock\">\n<ul>\n<li>Oferece desempenho de \u00e1udio detalhado e preciso<\/li>\n<li>Perfil de gabinete ultrafino e compacto<\/li>\n<li>Drivers\u00a0<a href=\"https:\/\/www-monitoraudio-com.translate.goog\/en\/blog\/introducing-rdt-ii-rigid-diaphragm-technology-2nd-generation\/?_x_tr_sl=en&amp;_x_tr_tl=pt&amp;_x_tr_hl=pt-BR&amp;_x_tr_pto=sc\">RDT II<\/a>\u00a0de 2 x 4&#8243; com tecnologia\u00a0<a href=\"https:\/\/www-monitoraudio-com.translate.goog\/en\/blog\/introducing-c-cam-ceramic-coated-aluminium-magnesium\/?_x_tr_sl=en&amp;_x_tr_tl=pt&amp;_x_tr_hl=pt-BR&amp;_x_tr_pto=sc\">C-CAM<\/a>\u00a0e chassis de pol\u00edmero fundido r\u00edgido<\/li>\n<li><a href=\"https:\/\/www-monitoraudio-com.translate.goog\/en\/blog\/introducing-mpd-micro-pleated-diaphragm-high-frequency-transducer\/?_x_tr_sl=en&amp;_x_tr_tl=pt&amp;_x_tr_hl=pt-BR&amp;_x_tr_pto=sc\">Transdutor de alta frequ\u00eancia MPD<\/a>\u00a0(Micro Pleated Diaphragm), projetado internamente para os alto- falantes<a href=\"https:\/\/www-monitoraudio-com.translate.goog\/en\/product-ranges\/platinum-ii\/?_x_tr_sl=en&amp;_x_tr_tl=pt&amp;_x_tr_hl=pt-BR&amp;_x_tr_pto=sc\">\u00a0Platinum II<\/a>\u00a0da Monitor Audio<\/li>\n<li><a href=\"https:\/\/www-monitoraudio-com.translate.goog\/en\/blog\/introducing-hive-ii\/?_x_tr_sl=en&amp;_x_tr_tl=pt&amp;_x_tr_hl=pt-BR&amp;_x_tr_pto=sc\">Portas de configura\u00e7\u00e3o de slot reflex HiVe II<\/a>\u00a0High Velocity<\/li>\n<li>Terminais de alto-falantes usinados com precis\u00e3o e banhados a r\u00f3dio<\/li>\n<li>Sub-defletor de metal fundido r\u00edgido para prender os drivers com seguran\u00e7a<\/li>\n<li>Bolt through tecnologia de driver: som mais claro e est\u00e9tica mais limpa<\/li>\n<li>Acabamento acetinado contempor\u00e2neo em preto, branco ou cinza<\/li>\n<li>Suporte de piso dedicado opcional (\u00a0<a href=\"https:\/\/www-monitoraudio-com.translate.goog\/en\/accessories\/speaker-stands\/stand\/?_x_tr_sl=en&amp;_x_tr_tl=pt&amp;_x_tr_hl=pt-BR&amp;_x_tr_pto=sc\">STAND<\/a>\u00a0) em acabamentos preto ou branco<\/li>\n<li>\n<h3>Specs &amp; Pricing<\/h3>\n<p><strong>Type:\u00a0<\/strong>Stand-mounted loudspeaker<br \/>\n<strong>Driver<\/strong>\u00a0<strong>complement:<\/strong>\u00a02 x 4\u2033 mid\/bass; 1x MPD (micro-pleated diaphragm) tweeter<br \/>\n<strong>Frequency<\/strong>\u00a0<strong>response:<\/strong>\u00a048Hz\u201360kHz (-6dB)<br \/>\n<strong>Impedance:<\/strong>\u00a04 ohms<br \/>\n<strong>Crossover:<\/strong>\u00a02.7kHz<br \/>\n<strong>Loading:<\/strong>\u00a0Dual-slot bass-reflex<br \/>\n<strong>Finish<\/strong>\u00a0<strong>options:<\/strong>\u00a0Black, White, Gray<br \/>\n<strong>Dimensions:<\/strong>\u00a013 3\/8\u2033 x 6 1\/8\u2033 x 14 3\/16\u2033<br \/>\n<strong>Weight:<\/strong>\u00a016 lbs., 9 oz.<br \/>\n<strong>Price:<\/strong>\u00a0$1400\/pr.; optional stands $500\/pr.<\/li>\n<\/ul>\n<\/div>\n<p>&nbsp;<\/p>\n","protected":false},"excerpt":{"rendered":"<p>O Studio \u00e9 um alto-falante premium que oferece desempenho absoluto dentro das linhas limpas de seu gabinete compacto.\u00a0A forma e a configura\u00e7\u00e3o foram projetadas para fornecer uma reprodu\u00e7\u00e3o de \u00e1udio detalhada e poderosa, geralmente associada a alto-falantes maiores. Os alto-falantes Studio s\u00e3o uma adi\u00e7\u00e3o impressionante a qualquer sala.\u00a0Apresentando tecnologias da s\u00e9rie\u00a0Platinum II\u00a0de topo de gama [&hellip;]<\/p>\n","protected":false},"featured_media":4086,"template":"","meta":{"_acf_changed":false},"product_brand":[],"product_cat":[25,17,109],"product_tag":[],"class_list":{"0":"post-4091","1":"product","2":"type-product","3":"status-publish","4":"has-post-thumbnail","6":"product_cat-bookshelf","7":"product_cat-caixas","8":"product_cat-monitor-audio","10":"first","11":"instock","12":"sold-individually","13":"shipping-taxable","14":"purchasable","15":"product-type-simple"},"acf":[],"aioseo_notices":[],"_links":{"self":[{"href":"https:\/\/hificlub.com.br\/loja\/wp-json\/wp\/v2\/product\/4091","targetHints":{"allow":["GET"]}}],"collection":[{"href":"https:\/\/hificlub.com.br\/loja\/wp-json\/wp\/v2\/product"}],"about":[{"href":"https:\/\/hificlub.com.br\/loja\/wp-json\/wp\/v2\/types\/product"}],"wp:featuredmedia":[{"embeddable":true,"href":"https:\/\/hificlub.com.br\/loja\/wp-json\/wp\/v2\/media\/4086"}],"wp:attachment":[{"href":"https:\/\/hificlub.com.br\/loja\/wp-json\/wp\/v2\/media?parent=4091"}],"wp:term":[{"taxonomy":"product_brand","embeddable":true,"href":"https:\/\/hificlub.com.br\/loja\/wp-json\/wp\/v2\/product_brand?post=4091"},{"taxonomy":"product_cat","embeddable":true,"href":"https:\/\/hificlub.com.br\/loja\/wp-json\/wp\/v2\/product_cat?post=4091"},{"taxonomy":"product_tag","embeddable":true,"href":"https:\/\/hificlub.com.br\/loja\/wp-json\/wp\/v2\/product_tag?post=4091"}],"curies":[{"name":"wp","href":"https:\/\/api.w.org\/{rel}","templated":true}]}}