{"id":407,"date":"2023-10-17T19:51:19","date_gmt":"2023-10-17T22:51:19","guid":{"rendered":"https:\/\/hificlub.com.br\/loja2\/produto\/psb-image-x2t-200-watts\/"},"modified":"2025-09-23T05:40:03","modified_gmt":"2025-09-23T08:40:03","slug":"psb-image-x2t-200-watts","status":"publish","type":"product","link":"https:\/\/hificlub.com.br\/loja\/produto\/psb-image-x2t-200-watts\/","title":{"rendered":"PSB IMAGE T6"},"content":{"rendered":"<p>O par de caixas ac\u00fasticas de torre PSB Image T6 apresenta um design de cavidade dupla de tr\u00eas vias e duas portas, com um driver de m\u00e9dios independente de 133 mm e woofers de 165 mm, com design semelhante ao das nossas caixas ac\u00fasticas Synchrony One topo de linha, mas a um pre\u00e7o mais acess\u00edvel. Com respostas firmes e versatilidade em toda a extens\u00e3o, as caixas ac\u00fasticas de torre T6 transmitem um som &#8220;realista&#8221; e paisagens sonoras comoventes que enriquecer\u00e3o sua experi\u00eancia musical em toda a extens\u00e3o.<\/p>\n<h4 class=\"h5 mb-tight\"><span dir=\"auto\">Informa\u00e7\u00f5es do produto:<\/span><\/h4>\n<ul>\n<li><span dir=\"auto\">resposta de frequ\u00eancia: 32-23.000 Hz (\u00b13dB)<\/span><\/li>\n<li><span dir=\"auto\">sensibilidade: 91 dB<\/span><\/li>\n<li><span dir=\"auto\">imped\u00e2ncia: 6 ohms<\/span><\/li>\n<li><span dir=\"auto\">pot\u00eancia recomendada: 20-200 watts<\/span><\/li>\n<li><span dir=\"auto\">Tweeter de domo de tit\u00e2nio de 1&#8243; com \u00edm\u00e3s de neod\u00edmio<\/span><\/li>\n<li><span dir=\"auto\">Woofer de m\u00e9dio alcance de polipropileno preenchido com cer\u00e2mica de argila de 5-1\/4&#8243;<\/span><\/li>\n<li><span dir=\"auto\">woofers duplos de polipropileno preenchidos com cer\u00e2mica de argila de 6-1\/2&#8243;<\/span><\/li>\n<li><span dir=\"auto\">porta dupla, design bass reflex<\/span><\/li>\n<li><span dir=\"auto\">dois conjuntos de terminais de liga\u00e7\u00e3o de cinco vias banhados a ouro \u2014 podem ser bi-cablados<\/span><\/li>\n<li><span dir=\"auto\">acabamento em vinil preto cinza<\/span><\/li>\n<li><span dir=\"auto\">7-7\/8&#8243;L x 40-5\/8&#8243;A x 15-1\/8&#8243;P<\/span><\/li>\n<\/ul>\n<pre id=\"tw-target-text\" class=\"tw-data-text tw-text-large tw-ta\" dir=\"ltr\" role=\"text\" data-placeholder=\"Tradu\u00e7\u00e3o\" data-ved=\"2ahUKEwizobTeu-6PAxX3ppUCHYFjKuQQ3ewLegQICxAV\" aria-label=\"Texto traduzido: A Caixa de Som de Torre Image T6 apresenta um design de cavidade dupla de tr\u00eas vias e duas portas, com um driver de m\u00e9dios independente de 5,25 polegadas e woofers de 6,5 polegadas, com design semelhante ao das nossas Caixas de Som Synhrony One topo de linha, mas a um pre\u00e7o mais acess\u00edvel. Com respostas firmes e versatilidade em toda a extens\u00e3o, as Caixas de Som de Torre T6 transmitem um som &quot;fiel \u00e0 natureza&quot; e paisagens sonoras envolventes que enriquecer\u00e3o sua experi\u00eancia musical em toda a extens\u00e3o. A Caixa de Som de Torre T6 tem uma apar\u00eancia moderna e sofisticada, com linhas suaves e uma curvatura de perfil adequada para seus ambientes de conviv\u00eancia e decora\u00e7\u00e3o de entretenimento dom\u00e9stico. Com valor not\u00e1vel e desempenho superior, a Caixa de Som de Torre Image T6 atender\u00e1 e exceder\u00e1 todas as suas necessidades de caixas de som, economizando seu dinheiro, tudo isso ao mesmo tempo.\"><\/pre>\n","protected":false},"excerpt":{"rendered":"<p>O par de caixas ac\u00fasticas de torre PSB Image T6 apresenta um design de cavidade dupla de tr\u00eas vias e duas portas, com um driver de m\u00e9dios independente de 133 mm e woofers de 165 mm, com design semelhante ao das nossas caixas ac\u00fasticas Synchrony One topo de linha, mas a um pre\u00e7o mais acess\u00edvel. [&hellip;]<\/p>\n","protected":false},"featured_media":26191,"template":"","meta":{"_acf_changed":false},"product_brand":[],"product_cat":[17,70,18],"product_tag":[],"class_list":{"0":"post-407","1":"product","2":"type-product","3":"status-publish","4":"has-post-thumbnail","6":"product_cat-caixas","7":"product_cat-psb","8":"product_cat-torres","10":"first","11":"instock","12":"sold-individually","13":"shipping-taxable","14":"purchasable","15":"product-type-simple"},"acf":[],"aioseo_notices":[],"_links":{"self":[{"href":"https:\/\/hificlub.com.br\/loja\/wp-json\/wp\/v2\/product\/407","targetHints":{"allow":["GET"]}}],"collection":[{"href":"https:\/\/hificlub.com.br\/loja\/wp-json\/wp\/v2\/product"}],"about":[{"href":"https:\/\/hificlub.com.br\/loja\/wp-json\/wp\/v2\/types\/product"}],"wp:featuredmedia":[{"embeddable":true,"href":"https:\/\/hificlub.com.br\/loja\/wp-json\/wp\/v2\/media\/26191"}],"wp:attachment":[{"href":"https:\/\/hificlub.com.br\/loja\/wp-json\/wp\/v2\/media?parent=407"}],"wp:term":[{"taxonomy":"product_brand","embeddable":true,"href":"https:\/\/hificlub.com.br\/loja\/wp-json\/wp\/v2\/product_brand?post=407"},{"taxonomy":"product_cat","embeddable":true,"href":"https:\/\/hificlub.com.br\/loja\/wp-json\/wp\/v2\/product_cat?post=407"},{"taxonomy":"product_tag","embeddable":true,"href":"https:\/\/hificlub.com.br\/loja\/wp-json\/wp\/v2\/product_tag?post=407"}],"curies":[{"name":"wp","href":"https:\/\/api.w.org\/{rel}","templated":true}]}}