{"id":4061,"date":"2023-10-17T20:09:57","date_gmt":"2023-10-17T23:09:57","guid":{"rendered":"https:\/\/hificlub.com.br\/loja2\/produto\/transparent-power-isolator-xl-com-powerlink-mm\/"},"modified":"2024-10-07T17:04:38","modified_gmt":"2024-10-07T20:04:38","slug":"transparent-power-isolator-xl-com-powerlink-mm","status":"publish","type":"product","link":"https:\/\/hificlub.com.br\/loja\/produto\/transparent-power-isolator-xl-com-powerlink-mm\/","title":{"rendered":"TRANSPARENT POWER ISOLATOR XL"},"content":{"rendered":"<p>Estado de conserva\u00e7\u00e3o: <strong>9\/10<\/strong><\/p>\n<p><strong>The unit comes with an attached 15 amp Transparent Powerlink MM 10 AWG power cable with its&#8217; own filter circuit to further filter out power noise. The unit&#8217;s power filtering is parallel to the ac line and can benefit whatever may be plugged into the other wall outlet next to it.<\/strong><\/p>\n<p>&nbsp;<\/p>\n<p>A descri\u00e7\u00e3o do cabo transparente da unidade \u00e9 a seguinte:<\/p>\n<p>&#8220;O PowerIsolator XL \u00e9 a primeira linha de defesa contra ru\u00eddo de linha e grunge para cada componente em seu sistema<\/p>\n<p>. seguran\u00e7a da prote\u00e7\u00e3o contra surtos sem nenhum dos inconvenientes de desempenho normalmente associados aos protetores contra surtos. Somente Transparent oferece tranquilidade sem comprometer de forma alguma a m\u00fasica ou a imagem que seu sistema produz. Ap\u00f3s extensa pesquisa, a Transparent desenvolveu um projeto de diodo de avalanche que oferece o m\u00e1ximo em prote\u00e7\u00e3o; isso \u00e9 oferecido em todos os nossos produtos PowerBank e PowerIsolator.<\/p>\n<p>Recomendamos usar um PowerIsolator XL em cada componente para isolar os componentes uns dos outros e de outras fontes de ru\u00eddo em sua linha CA.\u00a0Embora destinado ao uso com os cabos de alimenta\u00e7\u00e3o PowerLink XL ou MM, o PowerIsolator XL melhorar\u00e1 o desempenho de um componente de \u00e1udio usando um cabo de alimenta\u00e7\u00e3o integrado ou qualquer outro cabo de alimenta\u00e7\u00e3o remov\u00edvel.\u00a0O chassi PowerIsolator XL cria uma blindagem completa ao redor do caminho do sinal CA e a rede PowerIsolator interna fornece isolamento de ru\u00eddo de banda larga de maneira totalmente transparente.\u00a0O PowerIsolator XL se conecta \u00e0 tomada CA da parede por meio de um cabo de alimenta\u00e7\u00e3o PowerLink MM de 1 metro de comprimento equipado com uma rede de inibi\u00e7\u00e3o de RF.\u00a0O PowerIsolator XL est\u00e1 dispon\u00edvel para sistemas el\u00e9tricos americanos, brit\u00e2nicos ou europeus.&#8221;<\/p>\n<p>A descri\u00e7\u00e3o transparente do cabo\/cabo de alimenta\u00e7\u00e3o anexado \u00e9 a seguinte:<\/p>\n<p>como aqueles em interconex\u00f5es anal\u00f3gicas transparentes e cabos de alto-falante, para reduzir o ru\u00eddo de alta frequ\u00eancia.\u00a0Essa rede \u00e9 um redutor de ru\u00eddo muito mais eficaz e soa muito mais neutro do que a abordagem &#8220;apenas cabo&#8221; dos cabos de alimenta\u00e7\u00e3o audi\u00f3filos.\u00a0Muitos cabos audi\u00f3filos t\u00eam resson\u00e2ncias que realmente aumentam o impacto do ru\u00eddo nas \u00e1reas de frequ\u00eancia afetadas por essas resson\u00e2ncias.\u00a0O efeito pode ser euf\u00f4nico, mas essas distor\u00e7\u00f5es euf\u00f4nicas impedem que voc\u00ea ou\u00e7a sua m\u00fasica favorita conforme foi gravada.\u00a0Os cabos PowerLink MM transparentes s\u00e3o verdadeiramente transparentes.&#8221;\u00a0Muitos cabos audi\u00f3filos t\u00eam resson\u00e2ncias que realmente aumentam o impacto do ru\u00eddo nas \u00e1reas de frequ\u00eancia afetadas por essas resson\u00e2ncias.\u00a0O efeito pode ser euf\u00f4nico, mas essas distor\u00e7\u00f5es euf\u00f4nicas impedem que voc\u00ea ou\u00e7a sua m\u00fasica favorita conforme foi gravada.\u00a0Os cabos PowerLink MM transparentes s\u00e3o verdadeiramente transparentes.&#8221;\u00a0Muitos cabos audi\u00f3filos t\u00eam resson\u00e2ncias que realmente aumentam o impacto do ru\u00eddo nas \u00e1reas de frequ\u00eancia afetadas por essas resson\u00e2ncias.\u00a0O efeito pode ser euf\u00f4nico, mas essas distor\u00e7\u00f5es euf\u00f4nicas impedem que voc\u00ea ou\u00e7a sua m\u00fasica favorita conforme foi gravada.\u00a0Os cabos PowerLink MM transparentes s\u00e3o verdadeiramente transparentes.&#8221;<\/p>\n","protected":false},"excerpt":{"rendered":"<p>Estado de conserva\u00e7\u00e3o: 9\/10 The unit comes with an attached 15 amp Transparent Powerlink MM 10 AWG power cable with its&#8217; own filter circuit to further filter out power noise. The unit&#8217;s power filtering is parallel to the ac line and can benefit whatever may be plugged into the other wall outlet next to it. [&hellip;]<\/p>\n","protected":false},"featured_media":4059,"template":"","meta":{"_acf_changed":false},"product_brand":[],"product_cat":[89,61,106,67],"product_tag":[],"class_list":{"0":"post-4061","1":"product","2":"type-product","3":"status-publish","4":"has-post-thumbnail","6":"product_cat-acessorios","7":"product_cat-cabos","8":"product_cat-energia","9":"product_cat-forca","11":"first","12":"instock","13":"sold-individually","14":"shipping-taxable","15":"purchasable","16":"product-type-simple"},"acf":[],"aioseo_notices":[],"_links":{"self":[{"href":"https:\/\/hificlub.com.br\/loja\/wp-json\/wp\/v2\/product\/4061","targetHints":{"allow":["GET"]}}],"collection":[{"href":"https:\/\/hificlub.com.br\/loja\/wp-json\/wp\/v2\/product"}],"about":[{"href":"https:\/\/hificlub.com.br\/loja\/wp-json\/wp\/v2\/types\/product"}],"wp:featuredmedia":[{"embeddable":true,"href":"https:\/\/hificlub.com.br\/loja\/wp-json\/wp\/v2\/media\/4059"}],"wp:attachment":[{"href":"https:\/\/hificlub.com.br\/loja\/wp-json\/wp\/v2\/media?parent=4061"}],"wp:term":[{"taxonomy":"product_brand","embeddable":true,"href":"https:\/\/hificlub.com.br\/loja\/wp-json\/wp\/v2\/product_brand?post=4061"},{"taxonomy":"product_cat","embeddable":true,"href":"https:\/\/hificlub.com.br\/loja\/wp-json\/wp\/v2\/product_cat?post=4061"},{"taxonomy":"product_tag","embeddable":true,"href":"https:\/\/hificlub.com.br\/loja\/wp-json\/wp\/v2\/product_tag?post=4061"}],"curies":[{"name":"wp","href":"https:\/\/api.w.org\/{rel}","templated":true}]}}