{"id":4009,"date":"2023-10-17T20:09:47","date_gmt":"2023-10-17T23:09:47","guid":{"rendered":"https:\/\/hificlub.com.br\/loja2\/produto\/kharma-s7-signature\/"},"modified":"2026-04-05T19:12:54","modified_gmt":"2026-04-05T22:12:54","slug":"kharma-s7-signature","status":"publish","type":"product","link":"https:\/\/hificlub.com.br\/loja\/produto\/kharma-s7-signature\/","title":{"rendered":"KHARMA ELEGANCE S7  (Black Piano)"},"content":{"rendered":"<p><span dir=\"auto\">As Elegance S7 \/ S7-S s\u00e3o as menores caixas ac\u00fasticas da Cole\u00e7\u00e3o Elegance, mas, mesmo assim, s\u00e3o capazes de criar experi\u00eancias de \u00e1udio de alta fidelidade em ambientes de diversos tamanhos, superando as expectativas. Al\u00e9m do driver composto Kharma (7 polegadas) desenvolvido pela pr\u00f3pria Elegance, as caixas ac\u00fasticas Elegance S7 e S7-S s\u00e3o equipadas com um tweeter de ber\u00edlio verdadeiro, o melhor material depois do diamante. O tweeter de ber\u00edlio verdadeiro possui uma frequ\u00eancia de ruptura extremamente alta e uma ampla faixa de frequ\u00eancia. A resolu\u00e7\u00e3o ultra-alta nos m\u00e9dios revela m\u00faltiplas camadas e nuances sonoras, como uma obra-prima holandesa, onde a complexidade reside nos toques e nos pequenos detalhes. \u00c9 como se a m\u00fasica viesse de um espa\u00e7o interior com infinitas camadas.<\/span><\/p>\n<p><span dir=\"auto\">Quando o Single 7 recebe a designa\u00e7\u00e3o S7-S, \u00e9 aplicado um tratamento Signature. Este tratamento \u00e9 direcionado principalmente para o gabinete e o driver.\u00a0<\/span><\/p>\n","protected":false},"excerpt":{"rendered":"<p>As Elegance S7 \/ S7-S s\u00e3o as menores caixas ac\u00fasticas da Cole\u00e7\u00e3o Elegance, mas, mesmo assim, s\u00e3o capazes de criar experi\u00eancias de \u00e1udio de alta fidelidade em ambientes de diversos tamanhos, superando as expectativas. Al\u00e9m do driver composto Kharma (7 polegadas) desenvolvido pela pr\u00f3pria Elegance, as caixas ac\u00fasticas Elegance S7 e S7-S s\u00e3o equipadas com [&hellip;]<\/p>\n","protected":false},"featured_media":4007,"template":"","meta":{"_acf_changed":false},"product_brand":[],"product_cat":[17,381,18],"product_tag":[],"class_list":{"0":"post-4009","1":"product","2":"type-product","3":"status-publish","4":"has-post-thumbnail","6":"product_cat-caixas","7":"product_cat-kharma","8":"product_cat-torres","10":"first","11":"instock","12":"sold-individually","13":"shipping-taxable","14":"purchasable","15":"product-type-simple"},"acf":[],"aioseo_notices":[],"_links":{"self":[{"href":"https:\/\/hificlub.com.br\/loja\/wp-json\/wp\/v2\/product\/4009","targetHints":{"allow":["GET"]}}],"collection":[{"href":"https:\/\/hificlub.com.br\/loja\/wp-json\/wp\/v2\/product"}],"about":[{"href":"https:\/\/hificlub.com.br\/loja\/wp-json\/wp\/v2\/types\/product"}],"wp:featuredmedia":[{"embeddable":true,"href":"https:\/\/hificlub.com.br\/loja\/wp-json\/wp\/v2\/media\/4007"}],"wp:attachment":[{"href":"https:\/\/hificlub.com.br\/loja\/wp-json\/wp\/v2\/media?parent=4009"}],"wp:term":[{"taxonomy":"product_brand","embeddable":true,"href":"https:\/\/hificlub.com.br\/loja\/wp-json\/wp\/v2\/product_brand?post=4009"},{"taxonomy":"product_cat","embeddable":true,"href":"https:\/\/hificlub.com.br\/loja\/wp-json\/wp\/v2\/product_cat?post=4009"},{"taxonomy":"product_tag","embeddable":true,"href":"https:\/\/hificlub.com.br\/loja\/wp-json\/wp\/v2\/product_tag?post=4009"}],"curies":[{"name":"wp","href":"https:\/\/api.w.org\/{rel}","templated":true}]}}