{"id":3977,"date":"2023-10-17T20:09:39","date_gmt":"2023-10-17T23:09:39","guid":{"rendered":"https:\/\/hificlub.com.br\/loja2\/produto\/hegel-hd12-usb-dsd-dac-220v\/"},"modified":"2026-04-22T04:19:33","modified_gmt":"2026-04-22T07:19:33","slug":"hegel-hd12-usb-dsd-dac-220v","status":"publish","type":"product","link":"https:\/\/hificlub.com.br\/loja\/produto\/hegel-hd12-usb-dsd-dac-220v\/","title":{"rendered":"HEGEL HD12    USB \/ DSD DAC  220 volts"},"content":{"rendered":"<h4><span dir=\"auto\">Apresentamos a pr\u00f3xima gera\u00e7\u00e3o de conversores D\/A da Hegel: o HD12, que combina novas funcionalidades incr\u00edveis com uma qualidade de som significativamente aprimorada. Primeiramente, uma interface USB totalmente nova permite o uso de todas as frequ\u00eancias de amostragem comuns, at\u00e9 24 bits\/192 kHz. Al\u00e9m disso, essa nova interface possibilita a reprodu\u00e7\u00e3o de arquivos DSD nativos (somente para PC), sem convers\u00e3o para PCM. O HD12 tamb\u00e9m oferece qualidade equivalente nas duas entradas \u00f3pticas e na entrada coaxial.<\/span><\/h4>\n<p><span dir=\"auto\">Versatilidade &#8211; Com o HD12, voc\u00ea pode atualizar praticamente qualquer sistema para os padr\u00f5es Hegel. Ele possui uma sa\u00edda para fones de ouvido de alt\u00edssima qualidade, sa\u00eddas RCA padr\u00e3o e tamb\u00e9m sa\u00eddas XLR balanceadas. Isso significa que voc\u00ea pode conect\u00e1-lo a qualquer receptor\/amplificador e\/ou subwoofer. Al\u00e9m disso, o atenuador de volume integrado e com controle remoto permite a conex\u00e3o direta a um par de caixas ac\u00fasticas ativas ou a um amplificador de pot\u00eancia. Som de alta fidelidade para todos.<\/span><\/p>\n<p><span dir=\"auto\">Som &#8211; Novas pesquisas no dom\u00ednio digital resultaram em n\u00edveis de jitter extremamente baixos. Em particular, foram feitas grandes melhorias no &#8220;skitting&#8221;, uma distor\u00e7\u00e3o que reduz o ritmo e a precis\u00e3o do som. Isso \u00e9 muito percept\u00edvel na bateria e nos elementos din\u00e2micos da m\u00fasica. Outra grande melhoria est\u00e1 na parte anal\u00f3gica do conversor D\/A. Estamos falando de um n\u00edvel de ru\u00eddo de -145dB. Isso significa que o HD12 revela muito mais daqueles pequenos detalhes que te envolvem na m\u00fasica. Simplesmente uma atualiza\u00e7\u00e3o significativa e um conversor D\/A not\u00e1vel.<\/span><\/p>\n<p>&nbsp;<\/p>\n","protected":false},"excerpt":{"rendered":"<p>Apresentamos a pr\u00f3xima gera\u00e7\u00e3o de conversores D\/A da Hegel: o HD12, que combina novas funcionalidades incr\u00edveis com uma qualidade de som significativamente aprimorada. Primeiramente, uma interface USB totalmente nova permite o uso de todas as frequ\u00eancias de amostragem comuns, at\u00e9 24 bits\/192 kHz. Al\u00e9m disso, essa nova interface possibilita a reprodu\u00e7\u00e3o de arquivos DSD nativos [&hellip;]<\/p>\n","protected":false},"featured_media":42450,"template":"","meta":{"_acf_changed":false},"product_brand":[],"product_cat":[43,41,93],"product_tag":[],"class_list":{"0":"post-3977","1":"product","2":"type-product","3":"status-publish","4":"has-post-thumbnail","6":"product_cat-dac","7":"product_cat-digital","8":"product_cat-hegel","10":"first","11":"instock","12":"sold-individually","13":"shipping-taxable","14":"purchasable","15":"product-type-simple"},"acf":[],"aioseo_notices":[],"_links":{"self":[{"href":"https:\/\/hificlub.com.br\/loja\/wp-json\/wp\/v2\/product\/3977","targetHints":{"allow":["GET"]}}],"collection":[{"href":"https:\/\/hificlub.com.br\/loja\/wp-json\/wp\/v2\/product"}],"about":[{"href":"https:\/\/hificlub.com.br\/loja\/wp-json\/wp\/v2\/types\/product"}],"wp:featuredmedia":[{"embeddable":true,"href":"https:\/\/hificlub.com.br\/loja\/wp-json\/wp\/v2\/media\/42450"}],"wp:attachment":[{"href":"https:\/\/hificlub.com.br\/loja\/wp-json\/wp\/v2\/media?parent=3977"}],"wp:term":[{"taxonomy":"product_brand","embeddable":true,"href":"https:\/\/hificlub.com.br\/loja\/wp-json\/wp\/v2\/product_brand?post=3977"},{"taxonomy":"product_cat","embeddable":true,"href":"https:\/\/hificlub.com.br\/loja\/wp-json\/wp\/v2\/product_cat?post=3977"},{"taxonomy":"product_tag","embeddable":true,"href":"https:\/\/hificlub.com.br\/loja\/wp-json\/wp\/v2\/product_tag?post=3977"}],"curies":[{"name":"wp","href":"https:\/\/api.w.org\/{rel}","templated":true}]}}