{"id":397,"date":"2023-10-17T19:51:18","date_gmt":"2023-10-17T22:51:18","guid":{"rendered":"https:\/\/hificlub.com.br\/loja2\/produto\/kimber-pk14-powerkord-base\/"},"modified":"2026-03-03T22:21:14","modified_gmt":"2026-03-04T01:21:14","slug":"kimber-pk14-powerkord-base","status":"publish","type":"product","link":"https:\/\/hificlub.com.br\/loja\/produto\/kimber-pk14-powerkord-base\/","title":{"rendered":"KIMBER PK10  PowerKord Base 2 metros"},"content":{"rendered":"<p>Descri\u00e7\u00e3o<br \/>\nOs condutores de cobre puro 10 AWG \/ 5,26 mm2 do PK10 excedem at\u00e9 mesmo a mais robusta classifica\u00e7\u00e3o de tomada residencial de 30 A. A entrega atual \u00e9 apenas parte da equa\u00e7\u00e3o. Tamb\u00e9m utilizamos materiais diel\u00e9tricos virgens de cor neutra para garantir e manter a pureza do condutor. Excelentes materiais combinados com conectores da s\u00e9rie Wattgate Evolution se combinam para fornecer um cabo de alimenta\u00e7\u00e3o mais robusto e confi\u00e1vel para cargas de alta demanda, como amplificadores e televisores. Voc\u00ea ver\u00e1 e ouvir\u00e1 mais com esta atualiza\u00e7\u00e3o simples.<\/p>\n","protected":false},"excerpt":{"rendered":"<p>Descri\u00e7\u00e3o Os condutores de cobre puro 10 AWG \/ 5,26 mm2 do PK10 excedem at\u00e9 mesmo a mais robusta classifica\u00e7\u00e3o de tomada residencial de 30 A. A entrega atual \u00e9 apenas parte da equa\u00e7\u00e3o. Tamb\u00e9m utilizamos materiais diel\u00e9tricos virgens de cor neutra para garantir e manter a pureza do condutor. Excelentes materiais combinados com conectores [&hellip;]<\/p>\n","protected":false},"featured_media":396,"template":"","meta":{"_acf_changed":false},"product_brand":[],"product_cat":[61,67,64],"product_tag":[],"class_list":{"0":"post-397","1":"product","2":"type-product","3":"status-publish","4":"has-post-thumbnail","6":"product_cat-cabos","7":"product_cat-forca","8":"product_cat-kimber","10":"first","11":"instock","12":"sold-individually","13":"shipping-taxable","14":"purchasable","15":"product-type-simple"},"acf":[],"aioseo_notices":[],"_links":{"self":[{"href":"https:\/\/hificlub.com.br\/loja\/wp-json\/wp\/v2\/product\/397","targetHints":{"allow":["GET"]}}],"collection":[{"href":"https:\/\/hificlub.com.br\/loja\/wp-json\/wp\/v2\/product"}],"about":[{"href":"https:\/\/hificlub.com.br\/loja\/wp-json\/wp\/v2\/types\/product"}],"wp:featuredmedia":[{"embeddable":true,"href":"https:\/\/hificlub.com.br\/loja\/wp-json\/wp\/v2\/media\/396"}],"wp:attachment":[{"href":"https:\/\/hificlub.com.br\/loja\/wp-json\/wp\/v2\/media?parent=397"}],"wp:term":[{"taxonomy":"product_brand","embeddable":true,"href":"https:\/\/hificlub.com.br\/loja\/wp-json\/wp\/v2\/product_brand?post=397"},{"taxonomy":"product_cat","embeddable":true,"href":"https:\/\/hificlub.com.br\/loja\/wp-json\/wp\/v2\/product_cat?post=397"},{"taxonomy":"product_tag","embeddable":true,"href":"https:\/\/hificlub.com.br\/loja\/wp-json\/wp\/v2\/product_tag?post=397"}],"curies":[{"name":"wp","href":"https:\/\/api.w.org\/{rel}","templated":true}]}}