{"id":3903,"date":"2023-10-17T20:09:17","date_gmt":"2023-10-17T23:09:17","guid":{"rendered":"https:\/\/hificlub.com.br\/loja2\/produto\/mark-levinson-20-5-class-a-100-watts\/"},"modified":"2026-04-18T21:16:48","modified_gmt":"2026-04-19T00:16:48","slug":"mark-levinson-20-5-class-a-100-watts","status":"publish","type":"product","link":"https:\/\/hificlub.com.br\/loja\/produto\/mark-levinson-20-5-class-a-100-watts\/","title":{"rendered":"MARK LEVINSON 20.5  Amplificadores Monos Pure Class A  100 watts"},"content":{"rendered":"<p>Estado Conserva\u00e7\u00e3o\u00a0 9\/10<\/p>\n<p><span dir=\"auto\">Para quem conhece, estes blocos mono Mark Levinson 20.5 classe A pura (2) t\u00eam uma reputa\u00e7\u00e3o quase m\u00edtica &#8211; estes exemplares em particular est\u00e3o em muito bom estado e t\u00eam um som excelente.\u00a0\u00a0<\/span><br \/>\n<span dir=\"auto\">Pot\u00eancia de sa\u00edda: 100W em 8 ohms (20dBW); 200W em 4 ohms (20dBW); 400W em 2 ohms (20dBW)<\/span><br \/>\n<span dir=\"auto\">(toda a pot\u00eancia de onda senoidal cont\u00ednua, 20Hz-20kHz, com menos de 0,4% THD\/SMPTE e menos de 0,2% IMD)\u00a0<\/span><br \/>\n<span dir=\"auto\">Corrente cont\u00ednua dispon\u00edvel: 24A\u00a0<\/span><br \/>\n<span dir=\"auto\">Fator de amortecimento: superior a 400, 20Hz-20kHz;<\/span><br \/>\n<span dir=\"auto\">Resposta de frequ\u00eancia: 3Hz-140kHz, -3dB com 1W de pot\u00eancia de sa\u00edda.\u00a0\u00a0Rela\u00e7\u00e3o\u00a0<\/span><br \/>\n<span dir=\"auto\">sinal\/ru\u00eddo: melhor que 80dB, sem pondera\u00e7\u00e3o, abaixo de 1W de pot\u00eancia de sa\u00edda.\u00a0<\/span><br \/>\n<span dir=\"auto\">Imped\u00e2ncia de sa\u00edda medida: 0,015 ohms a 1kHz.\u00a0<\/span><br \/>\n<span dir=\"auto\">Imped\u00e2ncia de entrada: 50k ohms em paralelo com 1nF.\u00a0<\/span><br \/>\n<span dir=\"auto\">Sensibilidade (EIA): 141mV para 1W de pot\u00eancia de sa\u00edda em 8 ohms.\u00a0<\/span><br \/>\n<span dir=\"auto\">Ganho de tens\u00e3o: 26dB.\u00a0<\/span><br \/>\n<span dir=\"auto\">Consumo de energia: tipicamente 500W.<\/span><br \/>\n<span dir=\"auto\">Dimens\u00f5es: 445mm (L) x 212mm (A) x 560mm (P).<\/span><\/p>\n<p><span dir=\"auto\">Peso: 40,9 kg<\/span><\/p>\n<p>&nbsp;<\/p>\n<p>&nbsp;<\/p>\n","protected":false},"excerpt":{"rendered":"<p>Estado Conserva\u00e7\u00e3o\u00a0 9\/10 Para quem conhece, estes blocos mono Mark Levinson 20.5 classe A pura (2) t\u00eam uma reputa\u00e7\u00e3o quase m\u00edtica &#8211; estes exemplares em particular est\u00e3o em muito bom estado e t\u00eam um som excelente.\u00a0\u00a0 Pot\u00eancia de sa\u00edda: 100W em 8 ohms (20dBW); 200W em 4 ohms (20dBW); 400W em 2 ohms (20dBW) (toda [&hellip;]<\/p>\n","protected":false},"featured_media":3899,"template":"","meta":{"_acf_changed":false},"product_brand":[],"product_cat":[27,31,26],"product_tag":[],"class_list":{"0":"post-3903","1":"product","2":"type-product","3":"status-publish","4":"has-post-thumbnail","6":"product_cat-amplificador","7":"product_cat-mono","8":"product_cat-vintage","10":"first","11":"instock","12":"sold-individually","13":"shipping-taxable","14":"purchasable","15":"product-type-simple"},"acf":[],"aioseo_notices":[],"_links":{"self":[{"href":"https:\/\/hificlub.com.br\/loja\/wp-json\/wp\/v2\/product\/3903","targetHints":{"allow":["GET"]}}],"collection":[{"href":"https:\/\/hificlub.com.br\/loja\/wp-json\/wp\/v2\/product"}],"about":[{"href":"https:\/\/hificlub.com.br\/loja\/wp-json\/wp\/v2\/types\/product"}],"wp:featuredmedia":[{"embeddable":true,"href":"https:\/\/hificlub.com.br\/loja\/wp-json\/wp\/v2\/media\/3899"}],"wp:attachment":[{"href":"https:\/\/hificlub.com.br\/loja\/wp-json\/wp\/v2\/media?parent=3903"}],"wp:term":[{"taxonomy":"product_brand","embeddable":true,"href":"https:\/\/hificlub.com.br\/loja\/wp-json\/wp\/v2\/product_brand?post=3903"},{"taxonomy":"product_cat","embeddable":true,"href":"https:\/\/hificlub.com.br\/loja\/wp-json\/wp\/v2\/product_cat?post=3903"},{"taxonomy":"product_tag","embeddable":true,"href":"https:\/\/hificlub.com.br\/loja\/wp-json\/wp\/v2\/product_tag?post=3903"}],"curies":[{"name":"wp","href":"https:\/\/api.w.org\/{rel}","templated":true}]}}