{"id":3898,"date":"2023-10-17T20:09:15","date_gmt":"2023-10-17T23:09:15","guid":{"rendered":"https:\/\/hificlub.com.br\/loja2\/produto\/kimber-illuminati-d-60-rca-1-5-metro\/"},"modified":"2026-03-03T22:20:39","modified_gmt":"2026-03-04T01:20:39","slug":"kimber-illuminati-d-60-rca-1-5-metro","status":"publish","type":"product","link":"https:\/\/hificlub.com.br\/loja\/produto\/kimber-illuminati-d-60-rca-1-5-metro\/","title":{"rendered":"KIMBER ILLUMINATIONS D-60  Silver Digital 75 ohm RCA   1 metro"},"content":{"rendered":"<p>O D-60 provou ser a refer\u00eancia mundial em cabos digitais.<br \/>\nApresentando um condutor de prata hiperpura exclusivo contido em um diel\u00e9trico de Teflon\u00ae articulado a ar com blindagens helicoidais duplas para proteg\u00ea-lo de interfer\u00eancia de RF.<br \/>\nAs camadas e a tecnologia restantes s\u00e3o propriet\u00e1rias. As op\u00e7\u00f5es de termina\u00e7\u00e3o incluem conectores do tipo BNC e RCA. BNC dispon\u00edvel por encomenda especial.<\/p>\n<p>Caracter\u00edsticas<br \/>\nCondutor central com n\u00facleo s\u00f3lido de prata para m\u00e1xima condutividade.<br \/>\nBlindagem de prata pura de camada dupla com 100% de cobertura \u00e9 circunferencialmente ligada ao inv\u00f3lucro do conector para imunidade absoluta a ru\u00eddos.<br \/>\nUma camada intermedi\u00e1ria de PTFE semicondutor n\u00e3o sinterizado impede que ru\u00eddo triboel\u00e9trico alcance o caminho do sinal. Esse ru\u00eddo \u00e9 o resultado de vibra\u00e7\u00e3o mec\u00e2nica que pode contaminar o sinal digital.<br \/>\nVELOCIDADE DE PROPAGA\u00c7\u00c3O: Um n\u00facleo de PTFE articulado a ar resulta em velocidade de propaga\u00e7\u00e3o de 85% para baixo atraso de desaparecimento, essencial para transmiss\u00e3o de sinal digital ultra-responsiva. O D60 \u00e9 realmente um design para EMPURRAR CADA POUCO.<br \/>\nImped\u00e2ncia de 75\u03a9 rigorosamente controlada.<br \/>\nTermina\u00e7\u00e3o soldada manualmente com aux\u00edlio de nitrog\u00eanio.<\/p>\n<p>Especifica\u00e7\u00f5es:<br \/>\nD-60 1m terminado com conectores tipo RCA Ultraplate:<\/p>\n<p>(Cp) capacit\u00e2ncia paralela: 55,20 pF @ 20 kHz<\/p>\n<p>(Ls) indut\u00e2ncia s\u00e9rie: 0,502 \u00b5H @ 20 kHz<\/p>\n<p>(Rdc) Resist\u00eancia do circuito CC: 0,115 \u00e2\u201e\u00a6<\/p>\n<p>(Xt) reat\u00e2ncia total: 0,0032 \u00e2\u201e\u00a6 @ 20 kHz<\/p>\n<p>Resposta de frequ\u00eancia \u00b1 0,5 dB: dc &#8211; 40 MHz<\/p>\n","protected":false},"excerpt":{"rendered":"<p>O D-60 provou ser a refer\u00eancia mundial em cabos digitais. Apresentando um condutor de prata hiperpura exclusivo contido em um diel\u00e9trico de Teflon\u00ae articulado a ar com blindagens helicoidais duplas para proteg\u00ea-lo de interfer\u00eancia de RF. As camadas e a tecnologia restantes s\u00e3o propriet\u00e1rias. As op\u00e7\u00f5es de termina\u00e7\u00e3o incluem conectores do tipo BNC e RCA. [&hellip;]<\/p>\n","protected":false},"featured_media":18396,"template":"","meta":{"_acf_changed":false},"product_brand":[],"product_cat":[61,172,64],"product_tag":[],"class_list":{"0":"post-3898","1":"product","2":"type-product","3":"status-publish","4":"has-post-thumbnail","6":"product_cat-cabos","7":"product_cat-digital-cabos","8":"product_cat-kimber","10":"first","11":"instock","12":"sold-individually","13":"shipping-taxable","14":"purchasable","15":"product-type-simple"},"acf":[],"aioseo_notices":[],"_links":{"self":[{"href":"https:\/\/hificlub.com.br\/loja\/wp-json\/wp\/v2\/product\/3898","targetHints":{"allow":["GET"]}}],"collection":[{"href":"https:\/\/hificlub.com.br\/loja\/wp-json\/wp\/v2\/product"}],"about":[{"href":"https:\/\/hificlub.com.br\/loja\/wp-json\/wp\/v2\/types\/product"}],"wp:featuredmedia":[{"embeddable":true,"href":"https:\/\/hificlub.com.br\/loja\/wp-json\/wp\/v2\/media\/18396"}],"wp:attachment":[{"href":"https:\/\/hificlub.com.br\/loja\/wp-json\/wp\/v2\/media?parent=3898"}],"wp:term":[{"taxonomy":"product_brand","embeddable":true,"href":"https:\/\/hificlub.com.br\/loja\/wp-json\/wp\/v2\/product_brand?post=3898"},{"taxonomy":"product_cat","embeddable":true,"href":"https:\/\/hificlub.com.br\/loja\/wp-json\/wp\/v2\/product_cat?post=3898"},{"taxonomy":"product_tag","embeddable":true,"href":"https:\/\/hificlub.com.br\/loja\/wp-json\/wp\/v2\/product_tag?post=3898"}],"curies":[{"name":"wp","href":"https:\/\/api.w.org\/{rel}","templated":true}]}}