{"id":3876,"date":"2023-10-17T20:09:08","date_gmt":"2023-10-17T23:09:08","guid":{"rendered":"https:\/\/hificlub.com.br\/loja2\/produto\/paradigm-persona-9h\/"},"modified":"2025-03-06T07:04:52","modified_gmt":"2025-03-06T10:04:52","slug":"paradigm-persona-9h","status":"publish","type":"product","link":"https:\/\/hificlub.com.br\/loja\/produto\/paradigm-persona-9h\/","title":{"rendered":"PARADIGM PERSONA 9H"},"content":{"rendered":"<p>&nbsp;<\/p>\n<p>ESTADO 9\/10<\/p>\n<div class=\"sc-hKwDye EBMuC sc-iJWMAS eCIzDs\" data-testid=\"product-detail\">\n<p><span class=\"sc-crHmcD goESOJ\" data-testid=\"product-detail-title\">Paradigm Persona 9H &#8211; Par de Caixa Ac\u00fastica Torre 3,5 vias 2800 watts Sonic Silver<\/span><\/p>\n<div class=\"sc-hKwDye hgwTDs sc-eVeait dyOJuh\" data-testid=\"product-detail-description\">\n<div>\n<p>Alto-falante torre h\u00edbrido, com quatro drivers de graves ativos de 8.5&#8243; e Anthem Room Correction (ARC). O Persona 9H, o carro chefe da S\u00e9rie Persona, \u00e9 o melhor alto-falante j\u00e1 concebido pela Paradigm.<\/p>\n<p>O Persona 9H possui um tweeter Truextent Ber\u00edlio 1&#8243; e drivers de m\u00e9dio porte de 7&#8243;, cada um com lentes de alinhamento de fase perfuradas. Esta se\u00e7\u00e3o de m\u00e9dia e alta frequ\u00eancia passiva oferece uma din\u00e2mica de amplo espectro mais precisa (de 40kHz bem misturados detalhados a 500Hz profundos).<\/p>\n<p>A se\u00e7\u00e3o de graves acionados utiliza woofers de 8,5&#8243; de acionamento diferencial de ultra-alta-excurs\u00e3o em uma configura\u00e7\u00e3o de cancelamento de vibra\u00e7\u00e3o balanceada (dois disparos frontais, dois de disparo traseiro). Cada par de woofers \u00e9 alimentado por um amplificador separado de 700W RMS controlado por DSP para um total de 1.400 W RMS (2.800 W Dynamic Peak) e combinado com tecnologia exclusiva com capacidade Anthem Room Correction (ARC) para otimiza\u00e7\u00e3o precisa do desempenho de graves para qualquer ambiente de sua escolha para a instala\u00e7\u00e3o.<\/p>\n<p>Rspecifica\u00e7\u00f5es:<\/p>\n<p>&#8211; Design: 6-driver, floorstanding h\u00edbrido de 3-1\/2 vias com suspens\u00e3o ac\u00fastica de graves ativa<br \/>\n&#8211; Crossover: Electro-ac\u00fastica de terceira ordem a 2,4 kHz (tweeter \/ mid), Terceira ordem &#8211; 400 Hz (mid\/front bass), Segunda ordem &#8211; 200 Hz (Bass traseiros)<br \/>\n&#8211; Amplificador: Cada par de woofers \u00e9 alimentado por um amplificador separado de 700 W RMS controlado por DSP para um total de 1.400 W RMS (2.800 W Dynamic Peak)<br \/>\n&#8211; Corre\u00e7\u00e3o de som ambiente: Anthem Room Correction &#8211; ARC, com microfone calibrado inclu\u00eddo<br \/>\n&#8211; Resposta de Frequ\u00eancia (no Eixo): +\/- 2dB de 19 Hz &#8211; 45 kHz<br \/>\n&#8211; Resposta de Frequ\u00eancia (30 Graus): +\/- 2dB de 19 Hz &#8211; 20 kHz<br \/>\n&#8211; Driver de alta frequ\u00eancia: Dome de ber\u00edlio Truextent 1&#8243; (25 mm), amortecido\/resfriado com composto de ferro-fluid, lente de tweeter com alinhamento de fase perfurado (PPA), conjunto de pe\u00e7a polar otimizada para an\u00e1lise de elemento finito (FEA)<br \/>\n&#8211; Driver de Frequ\u00eancia Mid\/Bass: Driver de ber\u00edlio Truextent de 7&#8243; (178 mm) com driver de neod\u00edmio com inversor de diferencial, lente de alinhamento de fase perfurada (PPA), sistema de montagem com isolamento SHOCK-MOUN, bobina de alta temperatura de 1,5&#8243;<br \/>\n&#8211; Driver de baixa frequ\u00eancia: Quatro drivers X-PAL de excurs\u00e3o ultra-alta de 8-1\/2&#8243; (215 mm) com motor de acionamento diferencial, aros envoltos em tecnologia Active Ridge (ART), sistema de montagem com isolamento SHOCK-MOUNT, Bobina de voz dupla de alta temperatura de 1,5&#8243;<br \/>\n&#8211; Extens\u00e3o de baixa frequ\u00eancia: 15 Hz (DIN)<br \/>\n&#8211; Sensibilidade: 96 dB \/ 93 dB<br \/>\n&#8211; Imped\u00e2ncia: Compat\u00edvel com 8 ohms<br \/>\n&#8211; Amplificador de Pot\u00eancia Adequado: 15 a 500 watts<br \/>\n&#8211; Acabamento: Sonic Silver<br \/>\n&#8211; Peso: 86 kg<br \/>\n&#8211; Dimens\u00f5es (AxLxP): 132 x 30 x 52 cm<\/p>\n<p>&nbsp;<\/p>\n<\/div>\n<\/div>\n<\/div>\n<ul>\n<li><span style=\"font-size: medium\">Specifications<\/span><\/li>\n<li>\n<table id=\"spec_table\">\n<tbody>\n<tr>\n<td>Design<\/td>\n<td>6-driver, 3-1\/2 way hybrid floorstanding with active bass acoustic suspension<\/td>\n<\/tr>\n<tr>\n<td>Crossover<\/td>\n<td>3rd order electro-acoustic at 2.4 kHz (tweeter\/mid), 3rd order @ 400 Hz (mid\/front bass), 2nd order @ 200 Hz (rear bass)<\/td>\n<\/tr>\n<tr>\n<td>Amplifier<\/td>\n<td>Each woofer pair is powered by a separate DSP-controlled 700 W RMS amplifier for a total of 1,400 W RMS (2,800 W Dynamic Peak)<\/td>\n<\/tr>\n<tr>\n<td>Room Correction<\/td>\n<td>Anthem Room Correction &#8211; ARC\u2122, with included calibrated microphone<\/td>\n<\/tr>\n<tr>\n<td>Frequency Response<br \/>\n<em>On-Axis<\/em><\/td>\n<td>\u00b12dB from 19 Hz &#8211; 45 kHz<\/td>\n<\/tr>\n<tr>\n<td>Frequency Response<br \/>\n<em>30\u00b0 Off-Axis<\/em><\/td>\n<td>\u00b12dB from 19 Hz &#8211; 20 kHz<\/td>\n<\/tr>\n<tr>\n<td>High Frequency Driver<\/td>\n<td>1&#8243; (25mm) Truextent\u00ae Beryllium dome, ferro-fluid damped \/ cooled, Perforated Phase-Aligning (PPA\u2122) Tweeter Lens, Finite Element Analysis (FEA) optimized pole piece assembly<\/td>\n<\/tr>\n<tr>\n<td>Mid\/Bass Frequency Driver<\/td>\n<td>7&#8243; (178mm) Truextent\u00ae Beryllium driver with Inverse Differential Drive Neodymium motor, Perforated Phase-Aligning (PPA\u2122) Lens, SHOCK-MOUNT\u2122 Isolation Mounting System, 1.5&#8243; high-temp voice coil<\/td>\n<\/tr>\n<tr>\n<td>Low Frequency Driver<\/td>\n<td>Four 8-1\/2&#8243; (215 mm) ultra-high-excursion X-PAL\u2122 drivers with Differential Drive motor, overmolded Active Ridge Technology (ART\u2122) surrounds, SHOCK-MOUNT\u2122 Isolation Mounting System, 1.5&#8243; high-temp dual voice coil<\/td>\n<\/tr>\n<tr>\n<td>Low Frequency Extension<\/td>\n<td>15 Hz (DIN)<\/td>\n<\/tr>\n<tr>\n<td>Sensitivity<br \/>\n<em>Room \/ Anechoic<\/em><\/td>\n<td>96 dB \/ 93 dB<\/td>\n<\/tr>\n<tr>\n<td>Impedance<\/td>\n<td>Compatible with 8 ohms<\/td>\n<\/tr>\n<tr>\n<td>Suitable Amplifier Power Range<\/td>\n<td>15 &#8211; 500 watts<\/td>\n<\/tr>\n<tr>\n<td>Maximum Input Power<\/td>\n<td>400 watts<\/td>\n<\/tr>\n<tr>\n<td>Finishes<\/td>\n<td><em>High Gloss:<\/em>\u00a0Vanta Black, Harmony White<br \/>\n<em>Metallic Gloss:<\/em>\u00a0Aria Blue, Sonic Silver<\/td>\n<\/tr>\n<tr>\n<td>Weight<\/td>\n<td>190 lbs. (86 kg)<\/td>\n<\/tr>\n<tr>\n<td>Dimensions<br \/>\n<em>HxWxD<\/em><\/td>\n<td>51.75&#8243; \u00d7 11.875&#8243; \u00d7 20.5&#8243;<br \/>\n(132cm \u00d7 30cm \u00d7 52cm)<\/td>\n<\/tr>\n<\/tbody>\n<\/table>\n<\/li>\n<\/ul>\n","protected":false},"excerpt":{"rendered":"<p>&nbsp; ESTADO 9\/10 Paradigm Persona 9H &#8211; Par de Caixa Ac\u00fastica Torre 3,5 vias 2800 watts Sonic Silver Alto-falante torre h\u00edbrido, com quatro drivers de graves ativos de 8.5&#8243; e Anthem Room Correction (ARC). O Persona 9H, o carro chefe da S\u00e9rie Persona, \u00e9 o melhor alto-falante j\u00e1 concebido pela Paradigm. O Persona 9H possui [&hellip;]<\/p>\n","protected":false},"featured_media":20355,"template":"","meta":{"_acf_changed":false},"product_brand":[],"product_cat":[17,148,18],"product_tag":[],"class_list":{"0":"post-3876","1":"product","2":"type-product","3":"status-publish","4":"has-post-thumbnail","6":"product_cat-caixas","7":"product_cat-paradigm","8":"product_cat-torres","10":"first","11":"instock","12":"sold-individually","13":"shipping-taxable","14":"purchasable","15":"product-type-simple"},"acf":[],"aioseo_notices":[],"_links":{"self":[{"href":"https:\/\/hificlub.com.br\/loja\/wp-json\/wp\/v2\/product\/3876","targetHints":{"allow":["GET"]}}],"collection":[{"href":"https:\/\/hificlub.com.br\/loja\/wp-json\/wp\/v2\/product"}],"about":[{"href":"https:\/\/hificlub.com.br\/loja\/wp-json\/wp\/v2\/types\/product"}],"wp:featuredmedia":[{"embeddable":true,"href":"https:\/\/hificlub.com.br\/loja\/wp-json\/wp\/v2\/media\/20355"}],"wp:attachment":[{"href":"https:\/\/hificlub.com.br\/loja\/wp-json\/wp\/v2\/media?parent=3876"}],"wp:term":[{"taxonomy":"product_brand","embeddable":true,"href":"https:\/\/hificlub.com.br\/loja\/wp-json\/wp\/v2\/product_brand?post=3876"},{"taxonomy":"product_cat","embeddable":true,"href":"https:\/\/hificlub.com.br\/loja\/wp-json\/wp\/v2\/product_cat?post=3876"},{"taxonomy":"product_tag","embeddable":true,"href":"https:\/\/hificlub.com.br\/loja\/wp-json\/wp\/v2\/product_tag?post=3876"}],"curies":[{"name":"wp","href":"https:\/\/api.w.org\/{rel}","templated":true}]}}