{"id":3847,"date":"2023-10-17T20:09:00","date_gmt":"2023-10-17T23:09:00","guid":{"rendered":"https:\/\/hificlub.com.br\/loja2\/produto\/yamaha-ns-sw100-10-100-watts\/"},"modified":"2026-04-14T08:44:49","modified_gmt":"2026-04-14T11:44:49","slug":"yamaha-ns-sw100-10-100-watts","status":"publish","type":"product","link":"https:\/\/hificlub.com.br\/loja\/produto\/yamaha-ns-sw100-10-100-watts\/","title":{"rendered":"YAMAHA NS-SW100  10&#8243;  100 Watts"},"content":{"rendered":"<table class=\"specTable\" data-selenium=\"specTable\">\n<tbody data-selenium=\"specBody\">\n<tr>\n<td class=\"specTopic fs18\" data-selenium=\"specTopic\"><\/td>\n<td class=\"specDetail fs18\" data-selenium=\"specDetail\"><\/td>\n<\/tr>\n<\/tbody>\n<\/table>\n<p>Descri\u00e7\u00e3o do Produto<\/p>\n<p>O NS-SW100 da Yamaha \u00e9 um subwoofer potente projetado para fornecer uma resposta de graves rica e impactante, tornando-o adequado para home theaters, configura\u00e7\u00f5es de jogos e reprodu\u00e7\u00e3o de m\u00fasica. O NS-SW utiliza uma porta flare torcida, que reduz o ar ru\u00eddo de turbul\u00eancia quando comparado a uma porta convencional, resultando em uma reprodu\u00e7\u00e3o clara e precisa de baixa frequ\u00eancia.<\/p>\n<p>A inclus\u00e3o da Tecnologia Advanced Yamaha Active Servo II (YST Avan\u00e7ada) permite que o alto-falante e o amplificador trabalhem juntos para cancelar a imped\u00e2ncia, de modo que a unidade de alto-falante mantenha o movimento linear e garante os mais altos n\u00edveis de press\u00e3o sonora e desempenho geral. O painel traseiro oferece uma \u00fanica entrada RCA, bot\u00e3o liga \/ desliga e controle de volume.<\/p>\n<p>Este compacto subwoofer incorpora in\u00fameras tecnologias de alta performance da Yamaha como o Twisted Flare Port e Advanced YST II (Yamaha Active Servo Technology II) com circuito de amplifica\u00e7\u00e3o discreto e falante de alta qualidade de 25 cm (10\u201d), resultando em uma resposta sensacional que aprimora a audi\u00e7\u00e3o e envolvimento em m\u00fasicas e filmes.<\/p>\n<p>Novo Twisted Flare Port Produz Graves Claros e Profundos<br \/>\nO novo Twisted Flare Port toma a vantagem de extensa experi\u00eancia em desenvolvimento de subwoofer. O formato espiral com leve tor\u00e7\u00e3o do duto, difunde a v\u00f3rtice de ar gerada em torno da borda do duto, criando um fluxo de ar suave. Isso reduz consideravelmente o ru\u00eddo n\u00e3o presente no sinal original e fornece clara, apurada reprodu\u00e7\u00e3o de baixa frequ\u00eancia. Em efeitos especiais em filmes at\u00e9 a atmosfera viva de uma avenida, voc\u00ea ouvir\u00e1 os graves de forma clara, profunda e realista.<\/p>\n<p>Advanced YST II para Incr\u00edveis Graves<br \/>\nDesenvolvido pela Yamaha, o Advanced YST II (Yamaha Active Servo Technology II) combina os princ\u00edpios de imped\u00e2ncia negativa e de corrente constante para conduzir o cone do alto-falante com controle mais ajustado do que a vers\u00e3o anterior. Usando o Conversor de Imped\u00e2ncia Negativa Avan\u00e7ado (ANIC), otimiza a din\u00e2mica de imped\u00e2ncia para manter a linearidade. Isso significa respostas mais est\u00e1veis das frequ\u00eancias graves, sem mencionar na superioridade de \u00e1udio.<\/p>\n<p>Agregando Estilo em Qualquer Ambiente<br \/>\nA forma arredondada gentilmente com parte frontal trabalhada agrega um elegante estilo em sua apar\u00eancia. Desenhado para ser discreto, pode ser elegantemente posicionado em uma sala de estar ou em uma sala de Home Theater.<\/p>\n<p>Especifica\u00e7\u00f5es t\u00e9cnicas:<br \/>\n&#8211; Driver: 25 cm (10\u201d) cone<br \/>\n&#8211; Dynamic Power: 100 W (5 ohms)<br \/>\n&#8211; Output Power: 50 W (100 Hz, 5 ohms, 10% THD)<br \/>\n&#8211; Resposta de frequ\u00eancia: 25-180 Hz<br \/>\n&#8211; Dimens\u00f5es (LxAxP): 351 x 352 x 408 mm<br \/>\n&#8211; Peso: 12 kg<br \/>\n&#8211; Voltagem: Bivolt<\/p>\n<p>&nbsp;<\/p>\n","protected":false},"excerpt":{"rendered":"<p>Descri\u00e7\u00e3o do Produto O NS-SW100 da Yamaha \u00e9 um subwoofer potente projetado para fornecer uma resposta de graves rica e impactante, tornando-o adequado para home theaters, configura\u00e7\u00f5es de jogos e reprodu\u00e7\u00e3o de m\u00fasica. O NS-SW utiliza uma porta flare torcida, que reduz o ar ru\u00eddo de turbul\u00eancia quando comparado a uma porta convencional, resultando em [&hellip;]<\/p>\n","protected":false},"featured_media":3845,"template":"","meta":{"_acf_changed":false},"product_brand":[],"product_cat":[17,36],"product_tag":[],"class_list":{"0":"post-3847","1":"product","2":"type-product","3":"status-publish","4":"has-post-thumbnail","6":"product_cat-caixas","7":"product_cat-subwoofer","9":"first","10":"outofstock","11":"sold-individually","12":"shipping-taxable","13":"purchasable","14":"product-type-simple"},"acf":[],"aioseo_notices":[],"_links":{"self":[{"href":"https:\/\/hificlub.com.br\/loja\/wp-json\/wp\/v2\/product\/3847","targetHints":{"allow":["GET"]}}],"collection":[{"href":"https:\/\/hificlub.com.br\/loja\/wp-json\/wp\/v2\/product"}],"about":[{"href":"https:\/\/hificlub.com.br\/loja\/wp-json\/wp\/v2\/types\/product"}],"wp:featuredmedia":[{"embeddable":true,"href":"https:\/\/hificlub.com.br\/loja\/wp-json\/wp\/v2\/media\/3845"}],"wp:attachment":[{"href":"https:\/\/hificlub.com.br\/loja\/wp-json\/wp\/v2\/media?parent=3847"}],"wp:term":[{"taxonomy":"product_brand","embeddable":true,"href":"https:\/\/hificlub.com.br\/loja\/wp-json\/wp\/v2\/product_brand?post=3847"},{"taxonomy":"product_cat","embeddable":true,"href":"https:\/\/hificlub.com.br\/loja\/wp-json\/wp\/v2\/product_cat?post=3847"},{"taxonomy":"product_tag","embeddable":true,"href":"https:\/\/hificlub.com.br\/loja\/wp-json\/wp\/v2\/product_tag?post=3847"}],"curies":[{"name":"wp","href":"https:\/\/api.w.org\/{rel}","templated":true}]}}