{"id":3837,"date":"2023-10-17T20:08:58","date_gmt":"2023-10-17T23:08:58","guid":{"rendered":"https:\/\/hificlub.com.br\/loja2\/produto\/yamaha-ns-f51\/"},"modified":"2026-03-03T22:20:40","modified_gmt":"2026-03-04T01:20:40","slug":"yamaha-ns-f51","status":"publish","type":"product","link":"https:\/\/hificlub.com.br\/loja\/produto\/yamaha-ns-f51\/","title":{"rendered":"YAMAHA NS-F51"},"content":{"rendered":"<p><strong>ESTADO NOVO<\/strong><\/p>\n<div class=\"sales-information hidden-xs\">\n<h3><span class=\"product-name\">NS-F51<\/span><\/h3>\n<\/div>\n<p>Estas caixas ac\u00fasticas do tipo torre possuem configura\u00e7\u00e3o de duas vias, tr\u00eas alto falantes com dois woofers de 16cm (6-1\/2\u201d) e um twetter de 3cm que contribuem para incr\u00edvel e claro \u00e1udio com graves profundos e imersivos.<\/p>\n<ul>\n<li>Combina\u00e7\u00e3o perfeita com grandes TVs.<\/li>\n<li>Sistema de Home Theater que proporciona completo envolvimento<\/li>\n<li>Dois woofers de 16cm (6-1\/2\u201d) e twetter com domo de 3cm (1\u201d) para graves poderosos e aveludada sonoridade<\/li>\n<li>Formato Aredondado para Baixa Difra\u00e7\u00e3o Para Som Claro<\/li>\n<li>Prote\u00e7\u00e3o Frontal com Cantos Arredondados para Luxuoso e Chique Design<\/li>\n<\/ul>\n<table class=\"table table-bordered\">\n<thead>\n<tr class=\"active\">\n<th colspan=\"2\"><\/th>\n<th class=\"spectable-colnumber-0\" scope=\"col\">NS-F51<\/th>\n<\/tr>\n<\/thead>\n<tbody>\n<tr class=\"active\">\n<th colspan=\"3\">Specifications<\/th>\n<\/tr>\n<tr>\n<th class=\"active\" colspan=\"2\" scope=\"row\">Tipo<\/th>\n<td class=\"spectable-colnumber-0\">2-way bass-reflex floorstanding speaker<\/td>\n<\/tr>\n<tr>\n<th class=\"active\" colspan=\"2\" scope=\"row\">Woofers<\/th>\n<td class=\"spectable-colnumber-0\">Dual 16cm (6-1\/2\u201d) cone<\/td>\n<\/tr>\n<tr>\n<th class=\"active\" colspan=\"2\" scope=\"row\">Tweeter<\/th>\n<td class=\"spectable-colnumber-0\">3cm (1\u201d) soft dome<\/td>\n<\/tr>\n<tr>\n<th class=\"active\" colspan=\"2\" scope=\"row\">Frequency Response<\/th>\n<td class=\"spectable-colnumber-0\">43 Hz\u201326 kHz<\/td>\n<\/tr>\n<tr>\n<th class=\"active\" colspan=\"2\" scope=\"row\">Nominal Input Power<\/th>\n<td class=\"spectable-colnumber-0\">80 W<\/td>\n<\/tr>\n<tr>\n<th class=\"active\" colspan=\"2\" scope=\"row\">Maximum Input Power<\/th>\n<td class=\"spectable-colnumber-0\">240 W<\/td>\n<\/tr>\n<tr>\n<th class=\"active\" colspan=\"2\" scope=\"row\">Sensitivity<\/th>\n<td class=\"spectable-colnumber-0\">89 dB\/2.83 V\/1 m<\/td>\n<\/tr>\n<tr>\n<th class=\"active\" colspan=\"2\" scope=\"row\">Impedance<\/th>\n<td class=\"spectable-colnumber-0\">6 ohms<\/td>\n<\/tr>\n<tr>\n<th class=\"active\" colspan=\"2\" scope=\"row\">Dimensions (W x H x D)<\/th>\n<td class=\"spectable-colnumber-0\">233 x 973.5 x 254 mm; 9-1\/8\u201d x 38-3\/8\u201d x 10\u201d<\/td>\n<\/tr>\n<tr>\n<th class=\"active\" colspan=\"2\" scope=\"row\">Weight<\/th>\n<td class=\"spectable-colnumber-0\">13.7 kg; 30.2 lbs.\/unit<\/td>\n<\/tr>\n<\/tbody>\n<\/table>\n<p>&nbsp;<\/p>\n<div class=\"spectable-stickyheader-anchor-begin\"><\/div>\n<p>&nbsp;<\/p>\n","protected":false},"excerpt":{"rendered":"<p>ESTADO NOVO NS-F51 Estas caixas ac\u00fasticas do tipo torre possuem configura\u00e7\u00e3o de duas vias, tr\u00eas alto falantes com dois woofers de 16cm (6-1\/2\u201d) e um twetter de 3cm que contribuem para incr\u00edvel e claro \u00e1udio com graves profundos e imersivos. Combina\u00e7\u00e3o perfeita com grandes TVs. Sistema de Home Theater que proporciona completo envolvimento Dois woofers [&hellip;]<\/p>\n","protected":false},"featured_media":3835,"template":"","meta":{"_acf_changed":false},"product_brand":[],"product_cat":[17,18],"product_tag":[],"class_list":{"0":"post-3837","1":"product","2":"type-product","3":"status-publish","4":"has-post-thumbnail","6":"product_cat-caixas","7":"product_cat-torres","9":"first","10":"instock","11":"shipping-taxable","12":"purchasable","13":"product-type-simple"},"acf":[],"aioseo_notices":[],"_links":{"self":[{"href":"https:\/\/hificlub.com.br\/loja\/wp-json\/wp\/v2\/product\/3837","targetHints":{"allow":["GET"]}}],"collection":[{"href":"https:\/\/hificlub.com.br\/loja\/wp-json\/wp\/v2\/product"}],"about":[{"href":"https:\/\/hificlub.com.br\/loja\/wp-json\/wp\/v2\/types\/product"}],"wp:featuredmedia":[{"embeddable":true,"href":"https:\/\/hificlub.com.br\/loja\/wp-json\/wp\/v2\/media\/3835"}],"wp:attachment":[{"href":"https:\/\/hificlub.com.br\/loja\/wp-json\/wp\/v2\/media?parent=3837"}],"wp:term":[{"taxonomy":"product_brand","embeddable":true,"href":"https:\/\/hificlub.com.br\/loja\/wp-json\/wp\/v2\/product_brand?post=3837"},{"taxonomy":"product_cat","embeddable":true,"href":"https:\/\/hificlub.com.br\/loja\/wp-json\/wp\/v2\/product_cat?post=3837"},{"taxonomy":"product_tag","embeddable":true,"href":"https:\/\/hificlub.com.br\/loja\/wp-json\/wp\/v2\/product_tag?post=3837"}],"curies":[{"name":"wp","href":"https:\/\/api.w.org\/{rel}","templated":true}]}}