{"id":3806,"date":"2023-10-17T20:08:38","date_gmt":"2023-10-17T23:08:38","guid":{"rendered":"https:\/\/hificlub.com.br\/loja2\/produto\/mark-levinson-5101-cd-sacd-player-streamer-dac\/"},"modified":"2026-03-03T22:20:40","modified_gmt":"2026-03-04T01:20:40","slug":"mark-levinson-5101-cd-sacd-player-streamer-dac","status":"publish","type":"product","link":"https:\/\/hificlub.com.br\/loja\/produto\/mark-levinson-5101-cd-sacd-player-streamer-dac\/","title":{"rendered":"MARK LEVINSON 5101 CD SACD Player \/ Streamer DAC"},"content":{"rendered":"<p>ESTADO NOVO<\/p>\n<p>Experimente a paix\u00e3o da performance ao liberar todo o potencial de sua biblioteca de m\u00fasica digital.\u00a0Com um design industrial arrojado, o \u2116 5101 combina tecnologia de \u00e1udio inovadora com desempenho e versatilidade incompar\u00e1veis.\u00a0Este reprodutor de \u00e1udio 3 em 1 combina um reprodutor de Super Audio CD, capacidade de transmiss\u00e3o em rede de alta resolu\u00e7\u00e3o e conversor digital para anal\u00f3gico (DAC) Precision Link II para proporcionar uma reprodu\u00e7\u00e3o de som incrivelmente realista.<\/p>\n<h3>A flexibilidade do 3 em 1<\/h3>\n<p>O \u2116 5101 inclui um reprodutor SACD com carregamento por slot, streamer de rede e conversor digital para anal\u00f3gico em um componente lindamente projetado.\u00a0Isso significa que o \u2116 5101 reproduz todos os formatos de disco, suporta streaming de alta resolu\u00e7\u00e3o das principais plataformas de streaming e reproduz arquivos de unidades de armazenamento, incluindo USB.<\/p>\n<h3>\u00c1udio Digital Din\u00e2mico<\/h3>\n<p>Para oferecer a voc\u00ea uma experi\u00eancia de m\u00fasica digital vibrante e de alta qualidade, o \u2116 5101 inclui um conversor digital para anal\u00f3gico (DAC) Precision Link II personalizado.\u00a0Este componente premium \u00e9 fundamental para qualquer sistema de \u00e1udio de \u00faltima gera\u00e7\u00e3o &#8211; e revela detalhes intrincados em sua m\u00fasica que voc\u00ea nunca ouviu antes.<\/p>\n<h3>Projeto de circuito de caminho puro<\/h3>\n<p>Nossa abordagem propriet\u00e1ria ao design de circuitos oferece pureza musical intransigente e uma experi\u00eancia de audi\u00e7\u00e3o envolvente.\u00a0Ao usar componentes discretos cuidadosamente selecionados para sua fun\u00e7\u00e3o precisa, o \u2116 5101 oferece qualidade de som inigual\u00e1vel que captura as nuances de cada nota.<\/p>\n<h4 class=\"-active\">Destaques<\/h4>\n<table class=\"spec-table\">\n<tbody>\n<tr>\n<th>Fonte complementar 3 em 1 para N\u00ba 5805 ou N\u00ba 5802<\/p>\n<ul>\n<li>Reprodutor SACD com carregamento por slot<\/li>\n<li>Streamer de rede<\/li>\n<li>DAC<\/li>\n<\/ul>\n<\/th>\n<\/tr>\n<tr>\n<th>Streaming de alta resolu\u00e7\u00e3o das principais plataformas de streaming<\/th>\n<\/tr>\n<tr>\n<th>Streaming e controle de transporte atrav\u00e9s do aplicativo Music Life<\/th>\n<\/tr>\n<tr>\n<th>Reproduz todos os formatos de disco, incluindo SACD, CD-A, CD-R e CD-RW<\/th>\n<\/tr>\n<tr>\n<th>Suporta FLAC, WAV, AIFF, OGG, MP3, AAC e WMA<\/th>\n<\/tr>\n<tr>\n<th>USB-A para reprodu\u00e7\u00e3o de arquivos da unidade USB<\/th>\n<\/tr>\n<tr>\n<th>Precision Link II DAC<\/th>\n<\/tr>\n<tr>\n<th>Fonte de alimenta\u00e7\u00e3o linear<\/th>\n<\/tr>\n<tr>\n<th>Est\u00e1gio de sa\u00edda anal\u00f3gica Mark Levinson Pure Path<\/th>\n<\/tr>\n<tr>\n<th>Projetado e feito \u00e0 m\u00e3o nos EUA<\/th>\n<\/tr>\n<\/tbody>\n<\/table>\n","protected":false},"excerpt":{"rendered":"<p>ESTADO NOVO Experimente a paix\u00e3o da performance ao liberar todo o potencial de sua biblioteca de m\u00fasica digital.\u00a0Com um design industrial arrojado, o \u2116 5101 combina tecnologia de \u00e1udio inovadora com desempenho e versatilidade incompar\u00e1veis.\u00a0Este reprodutor de \u00e1udio 3 em 1 combina um reprodutor de Super Audio CD, capacidade de transmiss\u00e3o em rede de alta [&hellip;]<\/p>\n","protected":false},"featured_media":3803,"template":"","meta":{"_acf_changed":false},"product_brand":[],"product_cat":[42,43,41,90],"product_tag":[],"class_list":{"0":"post-3806","1":"product","2":"type-product","3":"status-publish","4":"has-post-thumbnail","6":"product_cat-cd-players","7":"product_cat-dac","8":"product_cat-digital","9":"product_cat-mark-levinson","11":"first","12":"instock","13":"sold-individually","14":"shipping-taxable","15":"purchasable","16":"product-type-simple"},"acf":[],"aioseo_notices":[],"_links":{"self":[{"href":"https:\/\/hificlub.com.br\/loja\/wp-json\/wp\/v2\/product\/3806","targetHints":{"allow":["GET"]}}],"collection":[{"href":"https:\/\/hificlub.com.br\/loja\/wp-json\/wp\/v2\/product"}],"about":[{"href":"https:\/\/hificlub.com.br\/loja\/wp-json\/wp\/v2\/types\/product"}],"wp:featuredmedia":[{"embeddable":true,"href":"https:\/\/hificlub.com.br\/loja\/wp-json\/wp\/v2\/media\/3803"}],"wp:attachment":[{"href":"https:\/\/hificlub.com.br\/loja\/wp-json\/wp\/v2\/media?parent=3806"}],"wp:term":[{"taxonomy":"product_brand","embeddable":true,"href":"https:\/\/hificlub.com.br\/loja\/wp-json\/wp\/v2\/product_brand?post=3806"},{"taxonomy":"product_cat","embeddable":true,"href":"https:\/\/hificlub.com.br\/loja\/wp-json\/wp\/v2\/product_cat?post=3806"},{"taxonomy":"product_tag","embeddable":true,"href":"https:\/\/hificlub.com.br\/loja\/wp-json\/wp\/v2\/product_tag?post=3806"}],"curies":[{"name":"wp","href":"https:\/\/api.w.org\/{rel}","templated":true}]}}