{"id":3790,"date":"2023-10-17T20:08:29","date_gmt":"2023-10-17T23:08:29","guid":{"rendered":"https:\/\/hificlub.com.br\/loja2\/produto\/jbl-synthesis-hdi-1200p-12-1000-watts\/"},"modified":"2026-03-24T05:41:16","modified_gmt":"2026-03-24T08:41:16","slug":"jbl-synthesis-hdi-1200p-12-1000-watts","status":"publish","type":"product","link":"https:\/\/hificlub.com.br\/loja\/produto\/jbl-synthesis-hdi-1200p-12-1000-watts\/","title":{"rendered":"JBL HDI-1200P  Synthesis Subwoofer  12&#8243; 1000 watts"},"content":{"rendered":"<p>Projetado e desenvolvido nas mundialmente famosas instala\u00e7\u00f5es de engenharia ac\u00fastica da JBL em Northridge, Calif\u00f3rnia, o HDI-1200P \u00e9 a base de um sistema surround completo da S\u00e9rie HDI. Este subwoofer amplificado possui um woofer c\u00f4nico Poly-plas\u2122 de 12 polegadas (300 mm) acionado por um amplificador de 1.000 Watts para uma din\u00e2mica potente e reprodu\u00e7\u00e3o sonora incrivelmente precisa. O gabinete HDI-1200P \u00e9 fortemente refor\u00e7ado para fornecer uma base ac\u00fastica s\u00f3lida e incorpora um design bass reflex com portas alargadas otimizadas por computador e de disparo duplo para baixo.<\/p>\n<p>O driver do subwoofer no HDI-1200P aproveita o DNA do transdutor JBL encontrado nos woofers HDI, fornecendo sa\u00edda m\u00e1xima com distor\u00e7\u00e3o significativamente reduzida. Este poderoso driver de 12 polegadas (300 mm) \u00e9 baseado em uma estrutura de alum\u00ednio fundido que suporta uma grande estrutura de motor cer\u00e2mico de design de campo sim\u00e9trico com um polo ventilado usando sa\u00eddas alargadas. Uma bobina de voz de longo alcance de 3 polegadas aciona o cone Poly-plas\u2122 de alta densidade. Todo o conjunto foi otimizado pela Klippel e FEA para extrair o m\u00e1ximo desempenho do sistema. Em combina\u00e7\u00e3o com o amplificador de 1.000 watts e o gabinete ajustado para bass-reflex, o HDI-1200P sonda as profundezas das baixas frequ\u00eancias, adicionando uma base s\u00f3lida e realismo visceral a filmes e m\u00fasica moderna.<\/p>\n<p>O amplificador HDI-1200P oferece uma escolha de entradas de n\u00edvel de linha RCA ou XLR, juntamente com um complemento completo de controles para personalizar o desempenho para qualquer sala ou configura\u00e7\u00e3o de sistema. Os controles Gain e Low Pass Crossover s\u00e3o fornecidos juntamente com um interruptor Phase selecion\u00e1vel e controles de equaliza\u00e7\u00e3o param\u00e9trica de banda \u00fanica. A integra\u00e7\u00e3o do sistema \u00e9 gerenciada por meio do interruptor Auto Power selecion\u00e1vel ou da entrada Trigger de 12 V com sa\u00edda pass-thru. A plataforma fornece 1.000 Watts RMS com sa\u00edda de pico de pot\u00eancia significativa para lidar at\u00e9 mesmo com as maiores demandas din\u00e2micas. Prote\u00e7\u00e3o e monitoramento avan\u00e7ados garantem que o HDI-1200P continuar\u00e1 a fornecer desempenho ideal em condi\u00e7\u00f5es menos que ideais.<\/p>\n<p>O gabinete HDI-1200P \u00e9 fortemente refor\u00e7ado para fornecer uma base ac\u00fastica s\u00f3lida e incorpora um design bass reflex com portas duplas de alargamento otimizadas por computador e de disparo descendente. O gabinete curvo sofisticado apresenta um design moderno com acabamento em uma escolha de preto de alto brilho pintado de grau automotivo ou folheados de madeira de nogueira acetinada ou carvalho cinza de grau de mobili\u00e1rio. Uma grade de tecido preto fixada magneticamente completa a apar\u00eancia elegante.<\/p>\n<p>Tipo de gabinete<\/p>\n<p>Design Bass-reflex com portas de disparo para baixo<\/p>\n<p>Transdutor de baixa frequ\u00eancia<\/p>\n<p>Woofer de estrutura fundida Poly-plas\u2122 preto de 12\u201d (300 mm)<\/p>\n<p>Requisitos de energia<\/p>\n<p>100 V \u2013 240 V 50\/60 Hz<\/p>\n<p>Consumo de energia (inativo\/m\u00e1x.)<\/p>\n<p>&lt;0,5 W (espera)<\/p>\n<p>Consumo de energia (inativo\/m\u00e1x.)<\/p>\n<p>1180 W\/7,7 A (m\u00e1x. 230 Vca)<\/p>\n<p>Consumo de energia (inativo\/m\u00e1x.)<\/p>\n<p>1230 W\/12,87 A (m\u00e1x.-120 Vca)<\/p>\n<p>Pot\u00eancia de amplificador recomendada<\/p>\n<p>1000 W rms<\/p>\n<p>Resposta de frequ\u00eancia<\/p>\n<p>50Hz \u2013 30kHz (-6dB)<\/p>\n<p>Dimens\u00f5es<\/p>\n<p>16,95 x 16,3 x 17,77\u201d (430,5 x 414 x 451,3 mm)<\/p>\n<p>Peso<\/p>\n<p>31,79 kg<\/p>\n","protected":false},"excerpt":{"rendered":"<p>Projetado e desenvolvido nas mundialmente famosas instala\u00e7\u00f5es de engenharia ac\u00fastica da JBL em Northridge, Calif\u00f3rnia, o HDI-1200P \u00e9 a base de um sistema surround completo da S\u00e9rie HDI. Este subwoofer amplificado possui um woofer c\u00f4nico Poly-plas\u2122 de 12 polegadas (300 mm) acionado por um amplificador de 1.000 Watts para uma din\u00e2mica potente e reprodu\u00e7\u00e3o sonora [&hellip;]<\/p>\n","protected":false},"featured_media":3785,"template":"","meta":{"_acf_changed":false},"product_brand":[],"product_cat":[17,46,189,36],"product_tag":[],"class_list":{"0":"post-3790","1":"product","2":"type-product","3":"status-publish","4":"has-post-thumbnail","6":"product_cat-caixas","7":"product_cat-jbl","8":"product_cat-jbl-synthesis","9":"product_cat-subwoofer","11":"first","12":"instock","13":"sold-individually","14":"shipping-taxable","15":"purchasable","16":"product-type-simple"},"acf":[],"aioseo_notices":[],"_links":{"self":[{"href":"https:\/\/hificlub.com.br\/loja\/wp-json\/wp\/v2\/product\/3790","targetHints":{"allow":["GET"]}}],"collection":[{"href":"https:\/\/hificlub.com.br\/loja\/wp-json\/wp\/v2\/product"}],"about":[{"href":"https:\/\/hificlub.com.br\/loja\/wp-json\/wp\/v2\/types\/product"}],"wp:featuredmedia":[{"embeddable":true,"href":"https:\/\/hificlub.com.br\/loja\/wp-json\/wp\/v2\/media\/3785"}],"wp:attachment":[{"href":"https:\/\/hificlub.com.br\/loja\/wp-json\/wp\/v2\/media?parent=3790"}],"wp:term":[{"taxonomy":"product_brand","embeddable":true,"href":"https:\/\/hificlub.com.br\/loja\/wp-json\/wp\/v2\/product_brand?post=3790"},{"taxonomy":"product_cat","embeddable":true,"href":"https:\/\/hificlub.com.br\/loja\/wp-json\/wp\/v2\/product_cat?post=3790"},{"taxonomy":"product_tag","embeddable":true,"href":"https:\/\/hificlub.com.br\/loja\/wp-json\/wp\/v2\/product_tag?post=3790"}],"curies":[{"name":"wp","href":"https:\/\/api.w.org\/{rel}","templated":true}]}}