{"id":3743,"date":"2023-10-17T20:07:57","date_gmt":"2023-10-17T23:07:57","guid":{"rendered":"https:\/\/hificlub.com.br\/loja2\/produto\/rotel-michi-x3-bluetooth-streamer-dac-mm-mc-phono-200-watts\/"},"modified":"2026-03-03T22:20:41","modified_gmt":"2026-03-04T01:20:41","slug":"rotel-michi-x3-bluetooth-streamer-dac-mm-mc-phono-200-watts","status":"publish","type":"product","link":"https:\/\/hificlub.com.br\/loja\/produto\/rotel-michi-x3-bluetooth-streamer-dac-mm-mc-phono-200-watts\/","title":{"rendered":"ROTEL MICHI X3 Bluetooth Streamer DAC MM MC Phono 200 watts"},"content":{"rendered":"<p>Rotel Michi X3<\/p>\n<p>O amplificador integrado Michi X3 oferece desempenho de \u00e1udio sem concess\u00f5es, convenientemente embalado em um design industrial elegante. O X3 oferece 350 Watts de pot\u00eancia de sa\u00edda Classe AB em cargas de 4 ohm, mantendo a precis\u00e3o musical com detalhes ac\u00fasticos excepcionais das entradas de fonte Anal\u00f3gica, Digital, PC-USB, apt-X Bluetooth e Moving Magnet Phono Stage.O amplificador integrado Michi X3 oferece desempenho de \u00e1udio incompar\u00e1vel com uma gama completa de entradas de fonte, incluindo anal\u00f3gico, digital, PC-USB, XLR, apt-X Bluetooth e uma conex\u00e3o de Phono Stage de \u00edm\u00e3 m\u00f3vel para os amantes do vinil cl\u00e1ssico. O X3 \u00e9 convenientemente embalado em um design industrial elegante, fornecendo 350 Watts de pot\u00eancia Classe AB em alto-falantes de 4 ohm, mantendo a precis\u00e3o musical com detalhes ac\u00fasticos excepcionais.<\/p>\n<p>Cada aspecto do X3 foi projetado de forma personalizada com todos os circuitos e componentes cr\u00edticos selecionados a dedo por meio de sess\u00f5es de audi\u00e7\u00e3o rigorosas e testes de bancada. Projetado com mais de 58 anos de experi\u00eancia em engenharia de \u00e1udio, o X3 certamente trar\u00e1 in\u00fameras horas de entretenimento.<\/p>\n<p><span style=\"font-size: medium\"><strong>Especifica\u00e7\u00f5es<\/strong><\/span><\/p>\n<p>DIMENS\u00d5ES (L \u00d7 A \u00d7 P)<br \/>\n485 x 150 x 452 mm<br \/>\n19\u2033 \u00d7 6\u2033 \u00d7 17 3\/4\u2033<\/p>\n<p>ALTURA DO PAINEL FRONTAL<br \/>\n132 mm (5,25\u2033)<\/p>\n<p>PESO\u00a028.9 Kg<\/p>\n<p>REQUERIMENTOS PODEROSOS<br \/>\n120 V, 60 Hz<\/p>\n<p>CONSUMO DE ENERGIA<br \/>\n500W<\/p>\n<p>CONSUMO DE ENERGIA EM ESPERA<br \/>\nNormal: &lt;0,5 W Ativa\u00e7\u00e3o de rede: &lt;2W PESO L\u00cdQUIDO 28,9 kg (63,7 libras) CLASSIFICA\u00c7\u00c3O BTU 1303 BTU\/h POT\u00caNCIA M\u00c1XIMA DE SA\u00cdDA 350W\/Ch (4\u03a9) SA\u00cdDA DE ENERGIA CONT\u00cdNUA 200W\/Ch (8\u03a9) DISTOR\u00c7\u00c3O HARM\u00d4NICA TOTAL (THD) &lt;0,008% RESPOSTA DE FREQU\u00caNCIA Entradas de n\u00edvel de linha: 10Hz &#8211; 100kHz (+0dB, -0,4dB) Entradas digitais: 20Hz &#8211; 20kHz (0 \u00b1 0,4dB) Entrada Phono: 20Hz &#8211; 20kHz (+0dB, +0,4dB) RELA\u00c7\u00c3O S\/N (IHF &#8220;A&#8221; ponderada) Entradas de n\u00edvel de linha: 102dB Entradas digitais: 102dB Entrada fono: 80dB DISTOR\u00c7\u00c3O DE INTERMODULA\u00c7\u00c3O (60Hz:7kHz, 4:1) &lt;0,03% FATOR DE AMORTECIMENTO (20Hz &#8211; 20kHz, 8\u03a9) 350 SEPARA\u00c7\u00c3O DE CANAL &gt;55dB<\/p>\n<p>SENSIBILIDADE DE ENTRADA<br \/>\nEntradas de N\u00edvel de Linha (RCA): 340mV<br \/>\nEntradas de N\u00edvel de Linha (XLR): 540mV<br \/>\nEntrada Fono (MM): 5,2mV<\/p>\n<p>IMPED\u00c2NCIA DE ENTRADA<br \/>\nEntradas de n\u00edvel de linha (RCA): 100k\u03a9<br \/>\nEntradas de n\u00edvel de linha (XLR): 100k\u03a9<br \/>\nEntradas Digitais: 75\u03a9<br \/>\nEntrada Phono (MM): 47k\u03a9<\/p>\n<p>SOBRECARGA DE ENTRADA<br \/>\nEntradas de n\u00edvel de linha (RCA): 3,5 V<br \/>\nEntradas de n\u00edvel de linha (XLR): 5,5 V<br \/>\nEntrada fono: 60mV<\/p>\n<p>N\u00cdVEL DE PR\u00c9-SA\u00cdDA<br \/>\n1,9V<\/p>\n<p>IMPED\u00c2NCIA DE SA\u00cdDA<br \/>\n100\u03a9<\/p>\n<p>CONTROLES DE TOM<br \/>\n\u00b110dB a 100Hz \/ 10kHz<\/p>\n<p>SINAIS DE ENTRADA DIGITAIS COAXIAIS\/\u00d3PTICOS<br \/>\nSPDIF LPCM (at\u00e9 24 bits\/192 kHz)<\/p>\n<p>PC-USB<br \/>\n\u00c1udio USB Classe 1 (at\u00e9 24 bits\/96 kHz)<br \/>\n\u00c1udio USB Classe 2 (at\u00e9 24 bits\/384kHz)*<br \/>\n*Necess\u00e1ria a instala\u00e7\u00e3o do driver<br \/>\nSuporte DSD e DoP<br \/>\nSuporte testado por Roon<\/p>\n","protected":false},"excerpt":{"rendered":"<p>Rotel Michi X3 O amplificador integrado Michi X3 oferece desempenho de \u00e1udio sem concess\u00f5es, convenientemente embalado em um design industrial elegante. O X3 oferece 350 Watts de pot\u00eancia de sa\u00edda Classe AB em cargas de 4 ohm, mantendo a precis\u00e3o musical com detalhes ac\u00fasticos excepcionais das entradas de fonte Anal\u00f3gica, Digital, PC-USB, apt-X Bluetooth e [&hellip;]<\/p>\n","protected":false},"featured_media":17565,"template":"","meta":{"_acf_changed":false},"product_brand":[],"product_cat":[27,51],"product_tag":[],"class_list":{"0":"post-3743","1":"product","2":"type-product","3":"status-publish","4":"has-post-thumbnail","6":"product_cat-amplificador","7":"product_cat-integrado","9":"first","10":"instock","11":"sold-individually","12":"shipping-taxable","13":"purchasable","14":"product-type-simple"},"acf":[],"aioseo_notices":[],"_links":{"self":[{"href":"https:\/\/hificlub.com.br\/loja\/wp-json\/wp\/v2\/product\/3743","targetHints":{"allow":["GET"]}}],"collection":[{"href":"https:\/\/hificlub.com.br\/loja\/wp-json\/wp\/v2\/product"}],"about":[{"href":"https:\/\/hificlub.com.br\/loja\/wp-json\/wp\/v2\/types\/product"}],"wp:featuredmedia":[{"embeddable":true,"href":"https:\/\/hificlub.com.br\/loja\/wp-json\/wp\/v2\/media\/17565"}],"wp:attachment":[{"href":"https:\/\/hificlub.com.br\/loja\/wp-json\/wp\/v2\/media?parent=3743"}],"wp:term":[{"taxonomy":"product_brand","embeddable":true,"href":"https:\/\/hificlub.com.br\/loja\/wp-json\/wp\/v2\/product_brand?post=3743"},{"taxonomy":"product_cat","embeddable":true,"href":"https:\/\/hificlub.com.br\/loja\/wp-json\/wp\/v2\/product_cat?post=3743"},{"taxonomy":"product_tag","embeddable":true,"href":"https:\/\/hificlub.com.br\/loja\/wp-json\/wp\/v2\/product_tag?post=3743"}],"curies":[{"name":"wp","href":"https:\/\/api.w.org\/{rel}","templated":true}]}}