{"id":3736,"date":"2023-10-17T20:07:57","date_gmt":"2023-10-17T23:07:57","guid":{"rendered":"https:\/\/hificlub.com.br\/loja2\/produto\/svs-pb16-ultra-1500w\/"},"modified":"2026-04-03T09:04:36","modified_gmt":"2026-04-03T12:04:36","slug":"svs-pb16-ultra-1500w","status":"publish","type":"product","link":"https:\/\/hificlub.com.br\/loja\/produto\/svs-pb16-ultra-1500w\/","title":{"rendered":"SVS PB16 ULTRA  Subwoofer 16&#8243; DSP Control 1500 watts"},"content":{"rendered":"<p>PB16-Ultra possui um maci\u00e7o 16 \u201cUltra driver com espantoso 8\u201d borda enrolada bobina de voz, um espantosamente poderoso 1.500 watts cont\u00ednua, 5.000 watts pico de energia Sledge amplificador com sa\u00edda MOSFET totalmente discreto, triplo 3,5 \u201cfrente de queima portas de alto fluxo e Um controle de subwoofer inovador e aplicativo de smartphone DSP com predefini\u00e7\u00f5es personalizadas para ajuste preciso. O ultimate subwoofer porta caixa.<\/p>\n<p>Uma paix\u00e3o implac\u00e1vel pelo desempenho de baixo impressionante e perfei\u00e7\u00e3o de engenharia guiou todos os aspectos do desenvolvimento do subwoofer PB16-Ultra. Tecnologia inovadora, design rigoroso e testes extremos em ambientes reais e de laborat\u00f3rio permitiram que a SVS alcan\u00e7asse capacidades incompar\u00e1veis ??de extens\u00e3o e sa\u00edda de baixa freq\u00fc\u00eancia, mantendo-as incrivelmente detalhadas e articuladas. A culmina\u00e7\u00e3o de todos os avan\u00e7os de projeto SVS, PB16-Ultra representa uma incompar\u00e1vel experi\u00eancia de graves, nada mais se aproxima.<\/p>\n<p>SVS 16 \u201cUltra-series driver<\/p>\n<p>Cesto de alum\u00ednio fundido em p\u00f3<br \/>\nQuatro \u00edm\u00e3s de ferrite de alta qualidade<br \/>\nAn\u00e1lise de Elementos Finitos (FEA) \u2013 estrutura motor otimizada<br \/>\nAn\u00e9is de curto-circuito duplos reduzem a indu\u00e7\u00e3o do intervalo e diminuem a distor\u00e7\u00e3o<br \/>\nP\u00f3lo expandido melhora as propriedades de dissipador de calor e de gerenciamento t\u00e9rmico<br \/>\n8 \u201cde di\u00e2metro, de alta pot\u00eancia borda ferida bobina de voz<br \/>\n95mm pico a pico Xmech excurs\u00e3o (82mm Xmax)<br \/>\nAranha Nomex melhorada para linearidade melhorada e controle de driver em n\u00edveis de unidade extremos<br \/>\nOs cabos duplos de cobre de 24 fios e de alta temperatura compostos Nomex fornecem uma conex\u00e3o el\u00e9trica pr\u00edstina do amplificador \u00e0 bobina de voz<br \/>\nProtetor de p\u00f3 laminado de fibra de vidro premium e subestrutura refor\u00e7ada de cone comp\u00f3sito garantem uma superf\u00edcie radiante leve, ondulada e neutra<br \/>\nBaixo-creep borracha de longo alcance para excelente durabilidade e longevidade<\/p>\n<p>Amplificador Sledge STA-1500D DSP<br \/>\n1.500 watts RMS cont\u00ednuo (5.000 + watts pico din\u00e2mico)<br \/>\nTopologia eficiente e fria da Classe D<br \/>\nAlta Resolu\u00e7\u00e3o 50Mhz Analog Devices Audio DSP com dupla precis\u00e3o 56bit filtragem \u00e9 mais avan\u00e7ado processador de subwoofer dispon\u00edvel para reprodu\u00e7\u00e3o de \u00e1udio perfeito<br \/>\nO PFC ativo (corre\u00e7\u00e3o do fator de pot\u00eancia) garante uma sa\u00edda de 1500W mais limpa, independentemente da fonte de alimenta\u00e7\u00e3o dom\u00e9stica<br \/>\nEntrada \/ sa\u00edda est\u00e9reo XLR e RCA com tens\u00e3o de entrada ultra-larga para aplica\u00e7\u00f5es de \u00e1udio profissionais e de consumo<br \/>\nConveniente mostrador frontal com controles de subwoofer e display LED de 8 d\u00edgitos<br \/>\nControle de Subwoofer inovador e aplica\u00e7\u00e3o de smartphone de gerenciamento de graves para dispositivos Apple e Android<br \/>\nControle remoto IR<br \/>\nTr\u00eas equalizadores param\u00e9tricos ajust\u00e1veis ??pelo usu\u00e1rio<br \/>\nControle cont\u00ednuo de volume \/ ganho<br \/>\nControle de fase continuamente vari\u00e1vel (0-180 graus)<br \/>\nFreq\u00fc\u00eancia de filtro passa-baixa de varia\u00e7\u00e3o cont\u00ednua (30-200 Hz) 6, 12, 18 ou 24 dB \/ oitava com ajuste de desativa\u00e7\u00e3o \/ LFE<br \/>\nInterruptor basculante principal<br \/>\nControles Auto-On \/ On \/ Trigger<br \/>\nGatilho de 3 a 12V com entrada mini jack TRS de 1\/8 \u201c(3,5 mm)<br \/>\nModo de espera verde com consumo&gt; 0,5 watts<br \/>\nImped\u00e2ncia de entrada 22kohm (RCA) \/ 22kohm (XLR).<br \/>\nConformidade com RoHS, constru\u00e7\u00e3o sem chumbo e certifica\u00e7\u00f5es de seguran\u00e7a mundial<br \/>\nCabo de alimenta\u00e7\u00e3o destac\u00e1vel<\/p>\n<p>Destaques do produto:<br \/>\n\u2022 resposta de frequ\u00eancia: 13-280 Hz (\u00b13 dB)<br \/>\n\u2022 amplificador Classe D integrado fornece 1500 watts RMS de pot\u00eancia cont\u00ednua (5000 watts de pot\u00eancia din\u00e2mica de pico)<br \/>\n\u2022 PFC (Corre\u00e7\u00e3o do fator de pot\u00eancia) ativo garante a sa\u00edda mais limpa de 1500 W, independentemente da rede el\u00e9trica da sua casa<br \/>\n\u2022 Cone composto de resina de fibra de vidro de 16&#8243; com cesto de alum\u00ednio fundido para desempenho e confiabilidade extremos<br \/>\n\u2022 Bobina de voz enrolada na borda de alta pot\u00eancia de 8&#8243; de di\u00e2metro<br \/>\n\u2022 constru\u00e7\u00e3o robusta do gabinete de MDF com defletor frontal de espessura dupla e refor\u00e7o para suportar a unidade de acionamento maci\u00e7a e garantir um ambiente acusticamente inerte<br \/>\n\u2022 design do gabinete bass-reflex (portado) com tr\u00eas portas alargadas de alto fluxo de 3-1\/2&#8243; e 3 bloqueadores de porta de espuma para op\u00e7\u00f5es de audi\u00e7\u00e3o vers\u00e1teis<br \/>\n\u2022 DSP de \u00e1udio de alta resolu\u00e7\u00e3o de 50 MHz da Analog Devices com filtragem de 56 bits para reprodu\u00e7\u00e3o de \u00e1udio ultraprecisa<br \/>\n\u2022 crossover passa-baixo continuamente vari\u00e1vel (30-200 Hz, com configura\u00e7\u00f5es de filtro selecion\u00e1veis \u200b\u200bde 6dB, 12dB, 18dB ou 24dB\/oitava e uma configura\u00e7\u00e3o desabilitar\/LFE)<br \/>\n\u2022 3 filtros EQ param\u00e9tricos digitais com valores de frequ\u00eancia, corte\/aumento e Q ajust\u00e1veis<br \/>\n\u2022 A Compensa\u00e7\u00e3o de Ganho de Sala permite compensar o aumento do som de baixa frequ\u00eancia conforme o tamanho da sala diminui<br \/>\n\u2022 controle de fase vari\u00e1vel (0-180\u00b0)<br \/>\n\u2022 3 predefini\u00e7\u00f5es de resposta de graves (Filme, M\u00fasica, Personalizado)<br \/>\n\u2022 tela frontal conveniente com controles de subwoofer e tela LED de 8 d\u00edgitos<br \/>\n\u2022 controle remoto<br \/>\n\u2022 aplicativo de smartphone para controle de subwoofer e gerenciamento de graves para dispositivos Apple\u00ae e Android\u00ae<br \/>\n\u2022 entradas de n\u00edvel de linha\/LFE RCA n\u00e3o balanceadas e XLR balanceadas<br \/>\n\u2022 sa\u00eddas de linha RCA n\u00e3o balanceadas e XLR balanceadas<br \/>\n\u2022 entrada de gatilho de 3 V-12 V para ligar\/desligar o subwoofer de outro componente, como um receptor A\/V ou pr\u00e9-pro<br \/>\n\u2022 interruptor liga\/desliga principal<br \/>\n\u2022 cabo de alimenta\u00e7\u00e3o destac\u00e1vel<br \/>\n\u2022 grade protetora de malha de a\u00e7o n\u00e3o ressonante<br \/>\n\u2022 acabamento em black piano<br \/>\n\u2022 medidas 55,24cm L x 63,5cm A x 78,74cm P<br \/>\n\u2022 peso: 174,5 lbs, 80 Kg<\/p>\n","protected":false},"excerpt":{"rendered":"<p>PB16-Ultra possui um maci\u00e7o 16 \u201cUltra driver com espantoso 8\u201d borda enrolada bobina de voz, um espantosamente poderoso 1.500 watts cont\u00ednua, 5.000 watts pico de energia Sledge amplificador com sa\u00edda MOSFET totalmente discreto, triplo 3,5 \u201cfrente de queima portas de alto fluxo e Um controle de subwoofer inovador e aplicativo de smartphone DSP com predefini\u00e7\u00f5es [&hellip;]<\/p>\n","protected":false},"featured_media":18196,"template":"","meta":{"_acf_changed":false},"product_brand":[],"product_cat":[17,36,140],"product_tag":[],"class_list":{"0":"post-3736","1":"product","2":"type-product","3":"status-publish","4":"has-post-thumbnail","6":"product_cat-caixas","7":"product_cat-subwoofer","8":"product_cat-svs","10":"first","11":"instock","12":"sold-individually","13":"shipping-taxable","14":"purchasable","15":"product-type-simple"},"acf":[],"aioseo_notices":[],"_links":{"self":[{"href":"https:\/\/hificlub.com.br\/loja\/wp-json\/wp\/v2\/product\/3736","targetHints":{"allow":["GET"]}}],"collection":[{"href":"https:\/\/hificlub.com.br\/loja\/wp-json\/wp\/v2\/product"}],"about":[{"href":"https:\/\/hificlub.com.br\/loja\/wp-json\/wp\/v2\/types\/product"}],"wp:featuredmedia":[{"embeddable":true,"href":"https:\/\/hificlub.com.br\/loja\/wp-json\/wp\/v2\/media\/18196"}],"wp:attachment":[{"href":"https:\/\/hificlub.com.br\/loja\/wp-json\/wp\/v2\/media?parent=3736"}],"wp:term":[{"taxonomy":"product_brand","embeddable":true,"href":"https:\/\/hificlub.com.br\/loja\/wp-json\/wp\/v2\/product_brand?post=3736"},{"taxonomy":"product_cat","embeddable":true,"href":"https:\/\/hificlub.com.br\/loja\/wp-json\/wp\/v2\/product_cat?post=3736"},{"taxonomy":"product_tag","embeddable":true,"href":"https:\/\/hificlub.com.br\/loja\/wp-json\/wp\/v2\/product_tag?post=3736"}],"curies":[{"name":"wp","href":"https:\/\/api.w.org\/{rel}","templated":true}]}}