{"id":3733,"date":"2023-10-17T20:07:56","date_gmt":"2023-10-17T23:07:56","guid":{"rendered":"https:\/\/hificlub.com.br\/loja2\/produto\/jbl-synthesis-hdi-3800\/"},"modified":"2026-03-24T05:35:06","modified_gmt":"2026-03-24T08:35:06","slug":"jbl-synthesis-hdi-3800","status":"publish","type":"product","link":"https:\/\/hificlub.com.br\/loja\/produto\/jbl-synthesis-hdi-3800\/","title":{"rendered":"JBL SYNTHESIS HDI-3800"},"content":{"rendered":"<p class=\"teaser\">Altifalante de ch\u00e3o triplo de 8 polegadas (200 mm) de 2 \u00bd vias<\/p>\n<p>Projetado e desenvolvido nas mundialmente famosas instala\u00e7\u00f5es de engenharia ac\u00fastica da JBL em Northridge, Calif\u00f3rnia, o HDI-3800 \u00e9 o carro-chefe da s\u00e9rie JBL HDI.\u00a0Este alto-falante de piso apresenta um design de 2 \u00bd vias com geometria de corneta patenteada de imagem de alta defini\u00e7\u00e3o (HDI\u2122), driver de compress\u00e3o 2410H-2 patenteado de 1 polegada (25 mm) e woofers triplos de cone de matriz de alum\u00ednio avan\u00e7ada de 8 polegadas (200 mm). para din\u00e2mica poderosa e reprodu\u00e7\u00e3o de som incrivelmente precisa.<\/p>\n<p>Com a JBL lan\u00e7ando tantos modelos de estilo retr\u00f4 nos \u00faltimos anos, h\u00e1 uma tend\u00eancia a esquecer que esta \u00e9 uma empresa atual, voltada para a tecnologia, que tamb\u00e9m fabrica alto-falantes modernos.\u00a0A marca tem uma heran\u00e7a invej\u00e1vel, com certeza, mas isso n\u00e3o significa que ela pode se dar ao luxo de continuar fabricando alto-falantes como fazia nos anos 70, por mais que uma pequena minoria goste disso.<\/p>\n<p>O JBL HDI-3800 \u00e9 um alto-falante grande, n\u00e3o h\u00e1 como fugir dele, se voc\u00ea tiver espa\u00e7o e confian\u00e7a, \u00e9 um alto-falante de alta qualidade pelo dinheiro.\u00a0Deve ter o dobro do volume f\u00edsico de modelos de muitas marcas que fabricam alto-falantes por esse pre\u00e7o, e isso significa que ele tem uma capacidade de movimenta\u00e7\u00e3o de ar que voc\u00ea n\u00e3o pode obter sem um alto-falante que esteja presente na sala.\u00a0Parece que foi desenvolvida para grandes equipamentos de cinema em casa e existem centrais, traseiras e subs dispon\u00edveis para combinar, mas este o carro-chefe da linha tamb\u00e9m \u00e9 um alto-falante muito divertido e revelador para m\u00fasica e um pouco bom demais para maioria das trilhas sonoras.<\/p>\n<p>Embora tenha pouco mais de um metro de altura, o peso de 38 quilos indica que este \u00e9 um alto-falante s\u00e9rio, mas voc\u00ea s\u00f3 precisa olhar para os tr\u00eas drivers de oito polegadas para perceber isso.\u00a0O HDI-3800 tem um design de duas vias e meia, o que significa que o superior desses woofers cobre tanto os m\u00e9dios quanto os graves, apenas dois s\u00e3o puramente para baixas frequ\u00eancias.\u00a0Na verdade, deveriam ser frequ\u00eancias mais baixas porque o ponto de cruzamento entre m\u00e9dios\/graves e graves \u00e9 de 800 Hz.\u00a0Os cones desses drivers parecem bastante normais, mas na verdade s\u00e3o de alum\u00ednio e ficam no chassi da estrutura fundida para m\u00e1xima rigidez.<\/p>\n<p>O tweeter \u00e9 um driver de compress\u00e3o com buzina, uma tecnologia criada para permitir que pequenos drivers tipicamente de baixa pot\u00eancia sejam capazes de fornecer n\u00edveis de press\u00e3o sonora em n\u00edvel de concerto.\u00a0Eles podem fazer isso porque o som produzido tem que passar por uma c\u00e2mara de compress\u00e3o e sair por um orif\u00edcio na buzina, o que aumenta significativamente a sensibilidade.\u00a0Um motorista normalmente &#8216;v\u00ea&#8217; toda a sala, mas ao comprimir sua sa\u00edda, a c\u00fapula funciona com uma imped\u00e2ncia que \u00e9 muito melhor para suas habilidades do que o espa\u00e7o aberto.\u00a0A JBL usa um driver Teonex de uma polegada no tweeter 2410H-2 no HDI-3800, este \u00e9 um material pl\u00e1stico que na verdade tem formato de donut em vez de c\u00fapula, al\u00e9m disso, n\u00e3o requer suspens\u00e3o porque h\u00e1 elasticidade suficiente no material para permitir a pequena quantidade de movimento necess\u00e1ria.<\/p>\n<p>A buzina em si n\u00e3o \u00e9 t\u00e3o simples quanto parece, normalmente as buzinas s\u00e3o usadas para aumentar o manuseio de pot\u00eancia e fornecer altos n\u00edveis de volume, mas nunca foram conhecidas por produzir uma resposta tonal uniforme.\u00a0Na verdade, \u00e9 por isso que eles s\u00e3o raros em alto-falantes dom\u00e9sticos, onde uma ampla dispers\u00e3o \u00e9 necess\u00e1ria se voc\u00ea deseja uma resposta razoavelmente plana na sala.\u00a0A JBL resolveu isso desenvolvendo a geometria de guia de onda HDI, destinada a fornecer alta defini\u00e7\u00e3o e ampla dispers\u00e3o, para que voc\u00ea obtenha a mesma resposta de frequ\u00eancia em diferentes partes da sala.\u00a0N\u00f3s, entusiastas, podemos gostar de sentar no ponto ideal, mas, aparentemente, nem todos os amantes da m\u00fasica s\u00e3o t\u00e3o inclinados.<\/p>\n<p><span class=\"uk-text-bold\">Especifica\u00e7\u00f5es:<\/span><\/p>\n<p>Tipo: alto-falante de ch\u00e3o de 2,5 vias carregado com corneta<br \/>\nFrequ\u00eancia de cruzamento: 800 Hz, 1,8 kHz<br \/>\nUnidades de acionamento:<br \/>\nm\u00e9dios\/graves: 200 mm preto Cone de matriz de alum\u00ednio avan\u00e7ada, woofers de estrutura fundida<br \/>\nTweeter: driver de compress\u00e3o Teonex de 25 mm com corneta<br \/>\nResposta de frequ\u00eancia nominal: +\/-3dB 37 \u2013 30.000 Hz<br \/>\nImped\u00e2ncia nominal: 4 Ohms<br \/>\nConectores: postes de liga\u00e7\u00e3o bi-fios<br \/>\nSensibilidade: 92dB @ 2,83v\/1m<br \/>\nDimens\u00f5es AxLxP: 1100,5 x 300 x 417,8mm<br \/>\nPeso: 38kg<br \/>\nAcabamentos: Preto alto brilho, nogueira, carvalho cinza<br \/>\nGarantia: 5 anos<\/p>\n<p>&nbsp;<\/p>\n<p>&nbsp;<\/p>\n","protected":false},"excerpt":{"rendered":"<p>Altifalante de ch\u00e3o triplo de 8 polegadas (200 mm) de 2 \u00bd vias Projetado e desenvolvido nas mundialmente famosas instala\u00e7\u00f5es de engenharia ac\u00fastica da JBL em Northridge, Calif\u00f3rnia, o HDI-3800 \u00e9 o carro-chefe da s\u00e9rie JBL HDI.\u00a0Este alto-falante de piso apresenta um design de 2 \u00bd vias com geometria de corneta patenteada de imagem de [&hellip;]<\/p>\n","protected":false},"featured_media":31539,"template":"","meta":{"_acf_changed":false},"product_brand":[],"product_cat":[17,189,18],"product_tag":[],"class_list":{"0":"post-3733","1":"product","2":"type-product","3":"status-publish","4":"has-post-thumbnail","6":"product_cat-caixas","7":"product_cat-jbl-synthesis","8":"product_cat-torres","10":"first","11":"instock","12":"sold-individually","13":"shipping-taxable","14":"purchasable","15":"product-type-simple"},"acf":[],"aioseo_notices":[],"_links":{"self":[{"href":"https:\/\/hificlub.com.br\/loja\/wp-json\/wp\/v2\/product\/3733","targetHints":{"allow":["GET"]}}],"collection":[{"href":"https:\/\/hificlub.com.br\/loja\/wp-json\/wp\/v2\/product"}],"about":[{"href":"https:\/\/hificlub.com.br\/loja\/wp-json\/wp\/v2\/types\/product"}],"wp:featuredmedia":[{"embeddable":true,"href":"https:\/\/hificlub.com.br\/loja\/wp-json\/wp\/v2\/media\/31539"}],"wp:attachment":[{"href":"https:\/\/hificlub.com.br\/loja\/wp-json\/wp\/v2\/media?parent=3733"}],"wp:term":[{"taxonomy":"product_brand","embeddable":true,"href":"https:\/\/hificlub.com.br\/loja\/wp-json\/wp\/v2\/product_brand?post=3733"},{"taxonomy":"product_cat","embeddable":true,"href":"https:\/\/hificlub.com.br\/loja\/wp-json\/wp\/v2\/product_cat?post=3733"},{"taxonomy":"product_tag","embeddable":true,"href":"https:\/\/hificlub.com.br\/loja\/wp-json\/wp\/v2\/product_tag?post=3733"}],"curies":[{"name":"wp","href":"https:\/\/api.w.org\/{rel}","templated":true}]}}