{"id":3722,"date":"2023-10-17T20:07:50","date_gmt":"2023-10-17T23:07:50","guid":{"rendered":"https:\/\/hificlub.com.br\/loja2\/produto\/epson-eh-ls12000b-4k-laser-3-lcd-2700-lumens\/"},"modified":"2026-03-03T22:20:42","modified_gmt":"2026-03-04T01:20:42","slug":"epson-eh-ls12000b-4k-laser-3-lcd-2700-lumens","status":"publish","type":"product","link":"https:\/\/hificlub.com.br\/loja\/produto\/epson-eh-ls12000b-4k-laser-3-lcd-2700-lumens\/","title":{"rendered":"EPSON PRO CINEMA LS12000B  4K Laser 3 LCD 2700 Lumens"},"content":{"rendered":"<div class=\"product-summary__headline\">Projetor laser 4K<\/div>\n<div class=\"product-summary__secondary-information\">\n<div class=\"product-summary__description\">Desfrute da experi\u00eancia de uma grande tela em casa com este projetor 4K, Laser, compat\u00edvel com HDR10+ e tecnologia 3LCD da Epson<\/div>\n<div class=\"product-summary__intro\">Os f\u00e3s do cinema ir\u00e3o adorar o impressionante imagem deste fant\u00e1stico projetor. Uma combina\u00e7\u00e3o de tecnologias de ponta proporciona uma excecional qualidade de imagem com uma elevada rela\u00e7\u00e3o de contraste din\u00e2mico de 2,500,000:1, resolu\u00e7\u00e3o 4K (8,3 milh\u00f5es de p\u00edxeis), 3LCD, fonte de luz laser com suporte HDR10+. Com a rota\u00e7\u00e3o da lente e a lente de zoom el\u00e9tricas, \u00e9 f\u00e1cil obter uma visualiza\u00e7\u00e3o precisa.<\/div>\n<div class=\"product-summary__intro\">\n<h3>Deixe-se surpreender<\/h3>\n<p>O melhor cinema em casa exige o melhor em proje\u00e7\u00e3o. Desfrute de uma experi\u00eancia cinematogr\u00e1fica de \u00faltima gera\u00e7\u00e3o na sua casa com o projetor<br \/>\nEpson EH-LS12000B. Com a revolucion\u00e1ria tecnologia de proje\u00e7\u00e3o laser 3LCD, resolu\u00e7\u00e3o 4K e suporte HDR10+, este projetor de alta defini\u00e7\u00e3o produz uma imagem de qualidade e luminosidade crom\u00e1tica excelentes que elevam qualquer ecr\u00e3 a uma fascinante experi\u00eancia cinematogr\u00e1fica. Cada polegada desta s\u00e9rie foi tida em considera\u00e7\u00e3o, n\u00e3o h\u00e1 espa\u00e7o desperdi\u00e7ado e cabos expostos, deixando uma superf\u00edcie elegante mas arrojada.<\/p>\n<\/div>\n<div class=\"product-summary__intro\">\n<h3>Proje\u00e7\u00e3o laser em casa<\/h3>\n<p>Como parte de uma filosofia de fabrico que visa proporcionar uma luminosidade, contraste e cor sem par, bem como a melhor qualidade de imagem, o EH-LS12000B est\u00e1 equipado com um motor \u00f3tico laser \u00fanico. Com um pacote<br \/>\nLD eficiente, um painel recentemente desenvolvido e a otimiza\u00e7\u00e3o de componentes \u00f3ticos que apenas a Epson pode fornecer, consegue 2700 lm de<br \/>\nluminosidade, alto contraste e uma \u00f3tima reprodu\u00e7\u00e3o a cores\u00b9. A longa vida \u00fatil do motor laser de at\u00e9 20\u00a0000 horas\u00b2 consegue uma opera\u00e7\u00e3o sem complica\u00e7\u00f5es. E n\u00e3o \u00e9 preciso esperar que o projetor aque\u00e7a ou arrefe\u00e7a. O projetor atinge a luminosidade m\u00e1xima e desliga-se quase imediatamente.<\/p>\n<\/div>\n<div class=\"product-summary__intro\">\n<h3>Experi\u00eancia 4K deslumbrante<\/h3>\n<p>Torne a sua casa o palco central de toda a a\u00e7\u00e3o com tecnologia avan\u00e7ada de mudan\u00e7a de pixels que funciona em paralelo com tr\u00eas chips LCD individuais de alta defini\u00e7\u00e3o para produzir uma imagem excecionalmente n\u00edtida de 4K (8,3 milh\u00f5es de pixels) sem sacrificar a luminosidade da imagem.<br \/>\nExcelente desempenho com uma rela\u00e7\u00e3o de contraste din\u00e2mica de at\u00e9 2\u00a0500\u00a0000:1, tecnologia de melhoramento 4K, tecnologia 3LCD, interpola\u00e7\u00e3o de fotogramas 4K, superresolu\u00e7\u00e3o 4K e suporte HDR10+.<br \/>\nAlimentado pelo Epson ZX Picture Processor, a tecnologia Scene Adaptive Gamma permite ao utilizador ajustar automaticamente a qualidade da imagem com base na informa\u00e7\u00e3o da cena. Isto proporciona uma forma simples de obter cores e contrastes impressionantes, independentemente do conte\u00fado apresentado.<\/p>\n<\/div>\n<div class=\"product-summary__intro\">\n<h3>A evolu\u00e7\u00e3o da representa\u00e7\u00e3o tonal HDR<\/h3>\n<p>A HDR \u00e9 uma tecnologia fundamental enfatizada pelos cineastas que ajuda a transmitir o prop\u00f3sito visual de um filme de forma mais fiel. A evolu\u00e7\u00e3o na tecnologia HDR significa que at\u00e9 as subtis tonalidades de sombra podem agora ser apresentadas com detalhe.<\/p>\n<\/div>\n<div class=\"product-summary__intro\">\n<h3>D\u00ea vida \u00e0s imagens<\/h3>\n<p>A superresolu\u00e7\u00e3o define e aumenta a nitidez das imagens tremidas<br \/>\npara conte\u00fado padr\u00e3o e 4K, proporcionando detalhes incr\u00edveis<br \/>\npara obter imagens reais.<\/p>\n<\/div>\n<div class=\"product-summary__intro\">\n<h3>V\u00eddeo 4K de movimento r\u00e1pido que \u00e9 n\u00edtido e suave<\/h3>\n<p>Al\u00e9m da tecnologia de interpola\u00e7\u00e3o de fotogramas atual, a redu\u00e7\u00e3o do efeito tremido \u00e9 agora melhorada. Mesmo a assistir a desportos de movimento r\u00e1pido ou a jogos, os contornos das imagens mant\u00eam-se n\u00edtidos e o movimento \u00e9 suave para trazer uma sensa\u00e7\u00e3o mais plena de realismo e dinamismo nunca antes vistos em v\u00eddeo 4K.<\/p>\n<\/div>\n<div class=\"product-summary__intro\">\n<h3>Concebido para flexibilidade de instala\u00e7\u00e3o extraordin\u00e1ria<\/h3>\n<p>Gra\u00e7as \u00e0 ampla gama de motores de rota\u00e7\u00e3o da lente (Vertical \u00b1 96,3%, horizontal \u00b1 47,1%) e ao zoom (x2,1) que apenas um modelo dom\u00e9stico topo de gama oferece, o EH-LS12000B pode ser instalado em salas de estar, bem como em salas dedicadas ao cinema em casa.<br \/>\nOs utilizadores podem utilizar as fun\u00e7\u00f5es de rota\u00e7\u00e3o da lente atrav\u00e9s do comando \u00e0 dist\u00e2ncia, do painel de controlo do projetor ou de comandos de controlo.<br \/>\nPara al\u00e9m do mesmo sil\u00eancio (25 dB\/Luz a 75%) dos modelos anteriores, uma redu\u00e7\u00e3o nos n\u00edveis de ru\u00eddo de alta frequ\u00eancia cria menos distra\u00e7\u00f5es para uma experi\u00eancia mais imersiva.<\/p>\n<\/div>\n<div class=\"product-summary__intro\">\n<h3>Funcionalidade pr\u00e1tica, conectividade conveniente<\/h3>\n<p>Suporte para eARC\/ARC<\/p>\n<p>Gra\u00e7as ao ARC, o \u00e1udio pode ser transportado atrav\u00e9s do projetor usando um cabo HDMI. Al\u00e9m disso, o eARC suporta som de alta qualidade\u00b3, permitindo desfrutar de uma mistura maravilhosamente coesa de v\u00eddeos<br \/>\ne som numa instala\u00e7\u00e3o mais f\u00e1cil.<\/p>\n<p>Suporte de entrada 4K\/120 fps<\/p>\n<p>Suporte otimizado para sa\u00edda de v\u00eddeo de jogos de movimento r\u00e1pido.<\/p>\n<\/div>\n<div class=\"product-summary__intro\">\n<h3>Preparado para Calman<\/h3>\n<p>Calibra\u00e7\u00e3o de cores de qualidade profissional, em que os profissionais de cor e realizadores confiam.<\/p>\n<\/div>\n<div class=\"product-summary__intro\">\n<dl>\n<dd>Brilho Branco<\/dd>\n<dt>2.700 ANSI Lumens<\/dt>\n<\/dl>\n<dl>\n<dd>Brilho da cor<\/dd>\n<dt>2.700 l\u00famens\u00a0<label><span class=\"gloss\" title=\"Clique para obter uma explica\u00e7\u00e3o deste termo.\">CLO<\/span><\/label><\/dt>\n<\/dl>\n<dl>\n<dd>Resolu\u00e7\u00e3o<\/dd>\n<dt>3840 x 2160<\/dt>\n<\/dl>\n<dl>\n<dd>Propor\u00e7\u00e3o da tela<\/dd>\n<dt>16:9 (4K HD)<\/dt>\n<\/dl>\n<dl>\n<dd>\u00cdris Din\u00e2mica<\/dd>\n<dt>Sim<\/dt>\n<\/dl>\n<dl>\n<dd>Tipo de exibi\u00e7\u00e3o<\/dd>\n<dt>Chips 3LCD de 0,74&#8243;<\/dt>\n<\/dl>\n<dl>\n<dd>Processamento de cores<\/dd>\n<dt>10 bits<\/dt>\n<\/dl>\n<dl>\n<dd>Modos de v\u00eddeo<\/dd>\n<dt>720p, 1080i, 1080p\/60, 576i, 576p, 480p, 480i<\/dt>\n<\/dl>\n<dl>\n<dd>Modos de dados<\/dd>\n<dt>M\u00c1X. 4096 x 2160<\/dt>\n<\/dl>\n<dl>\n<dd>\n<hr \/>\n<\/dd>\n<\/dl>\n<dl>\n<dd>Tipo de l\u00e2mpada<\/dd>\n<dt>Laser F\u00f3sforo<\/dt>\n<\/dl>\n<dl>\n<dd>Vida \u00fatil da l\u00e2mpada<\/dd>\n<dt>20.000 horas<\/dt>\n<\/dl>\n<dl>\n<dd>\n<hr \/>\n<\/dd>\n<\/dl>\n<dl>\n<dd>Lente inclu\u00edda<\/dd>\n<dt>Zoom motorizado 2.1x, foco motorizado<\/dt>\n<\/dl>\n<dl>\n<dd>Lentes Opcionais<\/dd>\n<dt>N\u00e3o<\/dt>\n<\/dl>\n<dl>\n<dd>Deslocamento da Lente<\/dd>\n<dt>Horizontal +\/-47% e Vertical +\/-96%<\/dt>\n<\/dl>\n<dl>\n<dd>Dist\u00e2ncia de proje\u00e7\u00e3o<\/dd>\n<dt>10,3&#8242; &#8211; 29,5&#8242; \u00a0\u00a0<a title=\"Calculadora de proje\u00e7\u00e3o Epson Pro Cinema LS12000\" href=\"https:\/\/www-projectorcentral-com.translate.goog\/Epson-Pro_Cinema_LS12000-projection-calculator-pro.htm?_x_tr_sl=en&amp;_x_tr_tl=pt&amp;_x_tr_hl=pt-BR&amp;_x_tr_pto=sc\">Calcular a dist\u00e2ncia de arremesso<\/a><\/dt>\n<\/dl>\n<dl>\n<dd>Tamanho da imagem<\/dd>\n<dt>50,08&#8243; &#8211; 300,35&#8243;<\/dt>\n<\/dl>\n<dl>\n<dd>Propor\u00e7\u00e3o de arremesso<\/dd>\n<dt>1,35:1 &#8211; 2,84:1\u00a0<label>(D:W)<\/label><\/dt>\n<\/dl>\n<dl>\n<dd>Coloca\u00e7\u00e3o do projetor<\/dd>\n<dt>Para<\/dt>\n<\/dl>\n<p>&#8221;<\/p>\n<dl>\n<dt>tela diagonal, coloque a lente do projetor entre 9&#8242;-10&#8243; e 20&#8242;-8&#8243; da tela.<\/dt>\n<\/dl>\n<dl>\n<dd>Pedra angular digital<\/dd>\n<dt>Horizontal vertical<\/dt>\n<\/dl>\n<dl>\n<dd>\n<hr \/>\n<\/dd>\n<\/dl>\n<dl>\n<dd>Tamanho do projetor<\/dd>\n<dt>7,60&#8243; x 20,50&#8243; x 17,60&#8243;\u00a0<label>(AxLxP)<\/label><\/dt>\n<\/dl>\n<dl>\n<dd>Peso<\/dd>\n<dt>28,0 libras<\/dt>\n<\/dl>\n<dl>\n<dd>Ru\u00eddo Aud\u00edvel<\/dd>\n<dt>30 dB \/ 22 dB\u00a0<label>(Eco)<\/label><\/dt>\n<\/dl>\n<dl>\n<dd>Alto-falantes internos<\/dd>\n<dt>N\u00e3o<\/dt>\n<\/dl>\n<dl>\n<dd>Poder<\/dd>\n<dt>311 Watts 100V &#8211; 240V<\/dt>\n<\/dl>\n<dl>\n<dd>Painel de conex\u00e3o<\/dd>\n<dt class=\"wrapAtSpan\"><\/dt>\n<\/dl>\n<div>Gatilho de 12 Volts<\/div>\n<div>HDMI 2.1 x 2<\/div>\n<div>Rede: RJ-45<\/div>\n<div>RS232: DB-9 pinos<\/div>\n<div>USB x 2<\/div>\n<dl>\n<dd>\n<hr \/>\n<\/dd>\n<\/dl>\n<dl>\n<dd>Caracter\u00edsticas<\/dd>\n<dt class=\"wrapAtSpan\"><\/dt>\n<\/dl>\n<div>Interpola\u00e7\u00e3o de quadro<\/div>\n<div>HDR<\/div>\n<\/div>\n<div class=\"product-summary__intro\"><\/div>\n<\/div>\n","protected":false},"excerpt":{"rendered":"<p>Projetor laser 4K Desfrute da experi\u00eancia de uma grande tela em casa com este projetor 4K, Laser, compat\u00edvel com HDR10+ e tecnologia 3LCD da Epson Os f\u00e3s do cinema ir\u00e3o adorar o impressionante imagem deste fant\u00e1stico projetor. Uma combina\u00e7\u00e3o de tecnologias de ponta proporciona uma excecional qualidade de imagem com uma elevada rela\u00e7\u00e3o de contraste [&hellip;]<\/p>\n","protected":false},"featured_media":3718,"template":"","meta":{"_acf_changed":false},"product_brand":[],"product_cat":[86,85],"product_tag":[],"class_list":{"0":"post-3722","1":"product","2":"type-product","3":"status-publish","4":"has-post-thumbnail","6":"product_cat-projetor","7":"product_cat-video","9":"first","10":"instock","11":"sold-individually","12":"shipping-taxable","13":"purchasable","14":"product-type-simple"},"acf":[],"aioseo_notices":[],"_links":{"self":[{"href":"https:\/\/hificlub.com.br\/loja\/wp-json\/wp\/v2\/product\/3722","targetHints":{"allow":["GET"]}}],"collection":[{"href":"https:\/\/hificlub.com.br\/loja\/wp-json\/wp\/v2\/product"}],"about":[{"href":"https:\/\/hificlub.com.br\/loja\/wp-json\/wp\/v2\/types\/product"}],"wp:featuredmedia":[{"embeddable":true,"href":"https:\/\/hificlub.com.br\/loja\/wp-json\/wp\/v2\/media\/3718"}],"wp:attachment":[{"href":"https:\/\/hificlub.com.br\/loja\/wp-json\/wp\/v2\/media?parent=3722"}],"wp:term":[{"taxonomy":"product_brand","embeddable":true,"href":"https:\/\/hificlub.com.br\/loja\/wp-json\/wp\/v2\/product_brand?post=3722"},{"taxonomy":"product_cat","embeddable":true,"href":"https:\/\/hificlub.com.br\/loja\/wp-json\/wp\/v2\/product_cat?post=3722"},{"taxonomy":"product_tag","embeddable":true,"href":"https:\/\/hificlub.com.br\/loja\/wp-json\/wp\/v2\/product_tag?post=3722"}],"curies":[{"name":"wp","href":"https:\/\/api.w.org\/{rel}","templated":true}]}}