{"id":3712,"date":"2023-10-17T20:07:48","date_gmt":"2023-10-17T23:07:48","guid":{"rendered":"https:\/\/hificlub.com.br\/loja2\/produto\/anthem-mca50-5x-180-watts\/"},"modified":"2025-03-17T12:52:57","modified_gmt":"2025-03-17T15:52:57","slug":"anthem-mca50-5x-180-watts","status":"publish","type":"product","link":"https:\/\/hificlub.com.br\/loja\/produto\/anthem-mca50-5x-180-watts\/","title":{"rendered":"ANTHEM MCA 50  5x 180 watts"},"content":{"rendered":"<p>Estado de conserva\u00e7\u00e3o: <strong>9\/10<\/strong><\/p>\n<p>Nossos not\u00e1veis \u200b\u200bamplificadores multicanal MCA s\u00e3o um estudo de contrastes sonoros.\u00a0Pesado, com peso e autoridade que lembram amplificadores muito mais caros;\u00a0capaz de tocar fundo, apertado e alto sem interrup\u00e7\u00e3o.\u00a0Eles s\u00e3o capazes de reproduzir toda a magia multicanal e din\u00e2mica complexa da mais exigente experi\u00eancia de som surround de 7.1 canais sem nunca perder o controle.<\/p>\n<p>Mas eles tamb\u00e9m s\u00e3o m\u00fasicos consumados, entregando uma transpar\u00eancia e clareza que destacam at\u00e9 mesmo as notas mais indescrit\u00edveis de uma \u00e1ria elaborada.\u00a0Seja o requinte necess\u00e1rio para satisfazer o audi\u00f3filo exigente, a pot\u00eancia exigida pelo entusiasta do home theater ou a confiabilidade necess\u00e1ria para instala\u00e7\u00f5es profissionais, os amplificadores MCA oferecem tudo!<\/p>\n<p><span style=\"font-size: small\">Monitoramento Avan\u00e7ado de Carga (ALM)<\/span><\/p>\n<p>Todos os amplificadores Anthem\u00ae s\u00e3o projetados para funcionar sem falhas &#8211; oferecendo musicalidade impressionante, neutralidade tonal e din\u00e2mica incr\u00edvel enquanto conduz qualquer carga de alto-falante de forma confi\u00e1vel em condi\u00e7\u00f5es do mundo real!\u00a0A fonte de alimenta\u00e7\u00e3o \u00e9 classificada de forma conservadora e os amplificadores funcionam bem para maior confiabilidade, mas n\u00e3o paramos por a\u00ed.<\/p>\n<p>Os amplificadores da s\u00e9rie MCA apresentam nosso circuito ALM, que protege os dispositivos de sa\u00edda sens\u00edveis, monitorando constantemente a temperatura, a corrente e a tens\u00e3o para garantir um \u00f3timo desempenho a longo prazo.\u00a0O ALM \u00e9 totalmente n\u00e3o invasivo &#8211; n\u00e3o est\u00e1 no caminho do sinal e s\u00f3 atua nas circunst\u00e2ncias mais extremas para proteger o amplificador contra danos, mantendo a \u00e1rea de opera\u00e7\u00e3o segura dos dispositivos de sa\u00edda.\u00a0Comprador cuidado no entanto!\u00a0Nem todos os fabricantes de amplificadores possuem recursos sofisticados de monitoramento de carga.\u00a0Muitos economizaram o custo adicional, deixando seus dispositivos de sa\u00edda desprotegidos, optando por usar os dispositivos de sa\u00edda do amplificador como \u201cfus\u00edveis\u201d.\u00a0Na Anthem, o ALM \u00e9 apenas uma das maneiras pelas quais nossos produtos fornecem aos propriet\u00e1rios anos de servi\u00e7o confi\u00e1vel.<\/p>\n<ul>\n<li>Power output: 180W (5 channel)<\/li>\n<li>Frequency response: 20Hz to 20kHz<\/li>\n<li>Total harmonic distortion: 1%<\/li>\n<li>Damping factor: 130<\/li>\n<li>Gain: 29 dB<\/li>\n<li>Input sensitivity: 1.5V<\/li>\n<li>Signal to noise ratio: 120dB<\/li>\n<li>Dimensions: 194 x 438 x 445mm<\/li>\n<li>Weight: 27.5kg<\/li>\n<\/ul>\n","protected":false},"excerpt":{"rendered":"<p>Estado de conserva\u00e7\u00e3o: 9\/10 Nossos not\u00e1veis \u200b\u200bamplificadores multicanal MCA s\u00e3o um estudo de contrastes sonoros.\u00a0Pesado, com peso e autoridade que lembram amplificadores muito mais caros;\u00a0capaz de tocar fundo, apertado e alto sem interrup\u00e7\u00e3o.\u00a0Eles s\u00e3o capazes de reproduzir toda a magia multicanal e din\u00e2mica complexa da mais exigente experi\u00eancia de som surround de 7.1 canais sem [&hellip;]<\/p>\n","protected":false},"featured_media":3711,"template":"","meta":{"_acf_changed":false},"product_brand":[],"product_cat":[27,146,48],"product_tag":[],"class_list":{"0":"post-3712","1":"product","2":"type-product","3":"status-publish","4":"has-post-thumbnail","6":"product_cat-amplificador","7":"product_cat-anthem","8":"product_cat-multicanal","10":"first","11":"instock","12":"sold-individually","13":"shipping-taxable","14":"purchasable","15":"product-type-simple"},"acf":[],"aioseo_notices":[],"_links":{"self":[{"href":"https:\/\/hificlub.com.br\/loja\/wp-json\/wp\/v2\/product\/3712","targetHints":{"allow":["GET"]}}],"collection":[{"href":"https:\/\/hificlub.com.br\/loja\/wp-json\/wp\/v2\/product"}],"about":[{"href":"https:\/\/hificlub.com.br\/loja\/wp-json\/wp\/v2\/types\/product"}],"wp:featuredmedia":[{"embeddable":true,"href":"https:\/\/hificlub.com.br\/loja\/wp-json\/wp\/v2\/media\/3711"}],"wp:attachment":[{"href":"https:\/\/hificlub.com.br\/loja\/wp-json\/wp\/v2\/media?parent=3712"}],"wp:term":[{"taxonomy":"product_brand","embeddable":true,"href":"https:\/\/hificlub.com.br\/loja\/wp-json\/wp\/v2\/product_brand?post=3712"},{"taxonomy":"product_cat","embeddable":true,"href":"https:\/\/hificlub.com.br\/loja\/wp-json\/wp\/v2\/product_cat?post=3712"},{"taxonomy":"product_tag","embeddable":true,"href":"https:\/\/hificlub.com.br\/loja\/wp-json\/wp\/v2\/product_tag?post=3712"}],"curies":[{"name":"wp","href":"https:\/\/api.w.org\/{rel}","templated":true}]}}