{"id":3668,"date":"2023-10-17T20:07:36","date_gmt":"2023-10-17T23:07:36","guid":{"rendered":"https:\/\/hificlub.com.br\/loja2\/produto\/furutech-adl-gt-40-phone-preamp-c-usb-dac\/"},"modified":"2024-11-09T05:40:44","modified_gmt":"2024-11-09T08:40:44","slug":"furutech-adl-gt-40-phone-preamp-c-usb-dac","status":"publish","type":"product","link":"https:\/\/hificlub.com.br\/loja\/produto\/furutech-adl-gt-40-phone-preamp-c-usb-dac\/","title":{"rendered":"Furutech Alpha Design Labs GT40  24-bit\/96KHz USB DAC com MM MC Phono Stage"},"content":{"rendered":"<p>ESTADO 9\/10<\/p>\n<p>Furutech Alpha Design Labs GT40 DAC e amplificador de fone de ouvido<\/p>\n<p>Com o crescimento explosivo dos sistemas de m\u00fasica baseados em computador, os conversores digitais para anal\u00f3gicos (DACs) externos voltaram a ser a \u00faltima moda. De particular interesse s\u00e3o aqueles que podem se conectar diretamente a um computador via USB ou FireWire. A conex\u00e3o direta n\u00e3o \u00e9 apenas conveniente e economiza a despesa de um componente extra, mas tamb\u00e9m tem os potenciais benef\u00edcios sonoros que resultam da elimina\u00e7\u00e3o dos muitos problemas do protocolo S\/PDIF. Fico perplexo por que alguns desses DACs USB \u2014 mesmo os muito caros \u2014 ainda suportam taxas de amostragem de at\u00e9 apenas 48 kHz. Isso anula completamente a principal vantagem sonora de um sistema baseado em computador: a capacidade de reproduzir m\u00fasica em resolu\u00e7\u00f5es maiores do que as poss\u00edveis em CDs. O Furutech GT40 n\u00e3o \u00e9 apenas um DAC USB com capacidade para 24 bits\/96 kHz e amplificador de fone de ouvido, ele tamb\u00e9m incorpora um est\u00e1gio phono de \u00edm\u00e3 m\u00f3vel (MM) e bobina m\u00f3vel (MC) e um conversor A\/D, com o qual voc\u00ea pode gravar seus LPs em 24\/96 &#8212; tudo pelo pre\u00e7o muito razo\u00e1vel de US$ 525. E se o GT40 pode executar todas essas fun\u00e7\u00f5es bem , ent\u00e3o ele deve ser considerado uma verdadeira pechincha. <\/p>\n<p>Furutech ADL GT40A Furutech, uma empresa japonesa, existe desde 1988. A maioria dos audi\u00f3filos est\u00e1 familiarizada com seus produtos de energia bem conceituados \u2014 tomadas de parede, cabos e filtros CA, condicionadores de linha, etc. \u2014 e sua extensa linha de interconex\u00f5es e v\u00e1rios conectores de \u00e1udio, mas o GT40 \u00e9 o primeiro componente de \u00e1udio genu\u00edno da Furutech. Apesar desse fato, desde o momento em que tirei o GT40 de sua caixa de remessa, pude ver que estava lidando n\u00e3o com um prot\u00f3tipo, mas com um produto acabado. <\/p>\n<p>Com todos os recursos do GT40, \u00e9 importante deixar claro o que ele faz e o que n\u00e3o faz &#8212; e nem o manual nem o site da Furutech s\u00e3o muito \u00fateis. O GT40 \u00e9 um DAC com uma \u00fanica entrada digital: USB. Ele \u00e9 compat\u00edvel com os sistemas operacionais Windows e Apple, e provavelmente com pelo menos alguns sabores do Linux (embora a Furutech n\u00e3o fa\u00e7a tais alega\u00e7\u00f5es). Ele suporta profundidades de bits de 16 e 24 e taxas de amostragem de 32, 44,1, 48 e 96 kHz, embora n\u00e3o 88,2 kHz. Um arquivo de 88,2 kHz precisar\u00e1, portanto, ser convertido para 96 \u200b\u200bou 44,1 kHz. O GT40 tamb\u00e9m \u00e9 um amplificador de fone de ouvido completo que funciona tanto com o DAC USB quanto com a entrada de linha\/phono. Ele tamb\u00e9m pode ser usado como um pr\u00e9-amplificador minimalista que permite alternar entre duas fontes &#8212; seu DAC interno e uma conex\u00e3o anal\u00f3gica &#8212; e manipula\u00e7\u00e3o do volume usando o mesmo bot\u00e3o da sa\u00edda de fone de ouvido. N\u00e3o h\u00e1 nenhuma disposi\u00e7\u00e3o para tornar a sa\u00edda de linha uma voltagem fixa \u2014 ela \u00e9 sempre controlada pelo bot\u00e3o de volume. <\/p>\n<p>Embora o GT40 n\u00e3o forne\u00e7a ganho para fontes de n\u00edvel de linha, parece haver algum circuito ativo no caminho do sinal antes da sa\u00edda. Ele tamb\u00e9m n\u00e3o silencia a sa\u00edda de linha quando voc\u00ea conecta um par de fones de ouvido; voc\u00ea ter\u00e1 que desligar seu amplificador se quiser fazer alguma audi\u00e7\u00e3o privada. Os recursos de destaque do GT40 s\u00e3o que sua \u00fanica entrada anal\u00f3gica pode ser alternada entre n\u00edvel de linha, MM ou MC, e que o chip usado para convers\u00e3o D\/A tamb\u00e9m pode ser usado para convers\u00e3o A\/D, permitindo que voc\u00ea fa\u00e7a grava\u00e7\u00f5es 24\/96 de qualquer fonte anal\u00f3gica, seja phono ou n\u00edvel de linha. <\/p>\n<p>O GT40 \u00e9 um componente bem constru\u00eddo e bonito que n\u00e3o passaria vergonha se custasse de duas a quatro vezes mais. Ele mede 5,9&#8243;L x 2,2&#8243;A x 4,3&#8243;P bastante compactos e pesa s\u00f3lidos 1,7 libras. O chassi \u00e9 constru\u00eddo inteiramente de alum\u00ednio com uma placa frontal de 0,25&#8243; de espessura e \u00e9 suportado por quatro p\u00e9s de borracha resistentes. No painel frontal est\u00e3o o bot\u00e3o de volume usinado e suave como seda; um \u00fanico conector de fone de ouvido; e dois bot\u00f5es de press\u00e3o confort\u00e1veis: Power brilha em azul quando o dispositivo est\u00e1 ligado, e o interruptor de sele\u00e7\u00e3o de fonte brilha em verde para USB, vermelho para Phono\/Line. N\u00e3o h\u00e1 luzes para indicar a taxa de amostragem ou se o GT40 travou em um sinal digital. No painel traseiro est\u00e3o dois pares de conectores RCA de alta qualidade montados no chassi \u2014 um para entrada e outro para sa\u00edda \u2014 um interruptor para selecionar entre MM, MC e Line; e um poste de aterramento, uma conex\u00e3o USB e a entrada para uma tomada de parede de 9 V (inclusa). <\/p>\n<p>O Furutech vem em uma caixa de papel\u00e3o com uma capa informativa impressa. Est\u00e3o inclu\u00eddos um cabo USB e um manual do usu\u00e1rio minimamente informativo em japon\u00eas e ingl\u00eas. O manual fornece especifica\u00e7\u00f5es e um pouco de ajuda na configura\u00e7\u00e3o do GT40 para funcionar com seu computador. N\u00e3o h\u00e1 software ou CD de driver, e nenhum deve ser necess\u00e1rio. <\/p>\n<p>A sensibilidade de entrada do GT40 \u00e9 declarada como 0,5 mV para MC, 5 mV para MM e 1 V para fontes de n\u00edvel de linha. Isso equivale a um ganho de 46 dB para MM e 66 dB para MC, o que deve ser adequado para todos, exceto os cartuchos mais esot\u00e9ricos. N\u00e3o h\u00e1 ajustes para carregamento de cartucho resistivo ou capacitivo, mas isso n\u00e3o \u00e9 incomum a esse pre\u00e7o, e n\u00e3o sou de reclamar dessas coisas &#8211; meu cartucho Shure V-15X MM n\u00e3o tem requisitos sofisticados. A sa\u00edda de linha tem um valor m\u00e1ximo de 1 V, o que na maioria dos casos seria suficiente para uma fonte, mas \u00e9 muito baixo para um pr\u00e9-amplificador. Se voc\u00ea estiver usando o GT40 com, por exemplo, um amplificador de pot\u00eancia de 100 W que requer 2 V para sa\u00edda total, ent\u00e3o voc\u00ea transformou o \u00faltimo em um amplificador de 25 W. Quando perguntei \u00e0 Furutech sobre essa baixa voltagem de sa\u00edda, eles disseram que n\u00e3o pretendiam que o GT40 fosse usado como um pr\u00e9-amplificador, mas em conjunto com um pr\u00e9-amplificador. Por outro lado, ter a sa\u00edda de linha conectada ao controle de volume sugere claramente executar o GT40 diretamente em um amplificador de pot\u00eancia ou em um par de alto-falantes ativos &#8212; qualquer um dos quais pode ter uma sensibilidade de entrada maior que 1V. <\/p>\n<p>O conector de fone de ouvido tem uma sa\u00edda m\u00e1xima de 80 mW e uma imped\u00e2ncia m\u00e1xima reivindicada de 32 ohms. Eu me pergunto se eles queriam dizer imped\u00e2ncia m\u00ednima , porque fones de ouvido de alta imped\u00e2ncia s\u00e3o realmente mais f\u00e1ceis de acionar &#8212; ou seja , requerem menos corrente para uma determinada voltagem &#8212; do que fones de ouvido de baixa imped\u00e2ncia. Durante o curso da an\u00e1lise, usei o GT40 com v\u00e1rios fones de ouvido, incluindo o Sennheiser HD 600, que tem uma imped\u00e2ncia nominal de 300 ohms, e n\u00e3o tive problemas reais em acionar nenhum deles. Eu senti, no entanto, que o GT40 empurrou um pouco a resposta de frequ\u00eancia dos HD 600s em dire\u00e7\u00e3o ao brilho. Isso n\u00e3o tem nada a ver com a imped\u00e2ncia nominalmente alta desses fones de ouvido, mas com o fato de que sua curva de imped\u00e2ncia n\u00e3o \u00e9 plana. <\/p>\n<p>Especifica\u00e7\u00e3o:<br \/>\nSistema de \u00e1udio multim\u00eddia de reprodu\u00e7\u00e3o e grava\u00e7\u00e3o USB e anal\u00f3gico<br \/>\nConectividade: Interface USB B, entrada\/sa\u00edda anal\u00f3gica RCA<br \/>\nResolu\u00e7\u00e3o de reprodu\u00e7\u00e3o USB: 24 bits\/192 kHz (m\u00e1x.)<br \/>\nResolu\u00e7\u00e3o de grava\u00e7\u00e3o USB: 24 bits\/192 kHz (m\u00e1x.), suporta: 44,1 \/48 \/88,2 \/ 96 \/ 176,4 \/ 192 (kHz)<br \/>\nResposta de frequ\u00eancia: 20Hz ~ 20kHz (+ \/-0,5 dB)<br \/>\nRela\u00e7\u00e3o SN: &gt;90dB (A-wtd) \/ Sa\u00edda de linha<br \/>\nN\u00edvel de sa\u00edda de linha: 5 Vrms<br \/>\nN\u00edvel de entrada de linha: MC 0,4 mV \/ MM 4,0 mV \/ Linha 2 Vrms<br \/>\nN\u00edvel de sa\u00edda do fone de ouvido: 1% THD 1 kHz (m\u00e1x.), 94 mW (16 ohm), 110 mW (32 ohm), 98,6 mW (56 ohm), 23 mW (300 ohm)<br \/>\nClassifica\u00e7\u00e3o do adaptador CA da fonte de alimenta\u00e7\u00e3o: compat\u00edvel com Erp step2, tipo de entrada CA de 2 fios, classe II, sa\u00edda do adaptador de comuta\u00e7\u00e3o CA\/CC CC 15 V \/ 0,8 A \/ 12 W<br \/>\nDimens\u00f5es (LxPxA): 150 mm x 111 mm x 57 mm<br \/>\nChip IC ADC e DAC USB de alto desempenho de 24 bits\/192 kHz<br \/>\nDesfrute de \u00e1udio em alta resolu\u00e7\u00e3o a 24 bits\/192 kHz, superando os padr\u00f5es convencionais de 16 bits\/44,1 kHz<br \/>\nIncorpora o driver mais confi\u00e1vel em \u00e1udio profissional para grava\u00e7\u00e3o e reprodu\u00e7\u00e3o de 24 bits\/192 kHz<br \/>\nFonte de alimenta\u00e7\u00e3o externa: embora um dispositivo alimentado por USB possa ser conveniente, ele n\u00e3o desenvolver\u00e1 a energia necess\u00e1ria para reprodu\u00e7\u00e3o de alta resolu\u00e7\u00e3o, ent\u00e3o projetamos o GT40\u03b1 com uma fonte de alimenta\u00e7\u00e3o externa para resolver o problema<br \/>\nAmplificador de fone de ouvido: cont\u00e9m um amplificador de fone de ouvido de alto desempenho com amplo drive para bons fones de ouvido<br \/>\nConversor anal\u00f3gico para digital: o GT40\u03b1 possui um chip ADC IC de alto desempenho para grava\u00e7\u00f5es de alta resolu\u00e7\u00e3o por meio de entradas anal\u00f3gicas, incluindo phono, r\u00e1dio AM\/FM ou outros sinais anal\u00f3gicos<br \/>\nInterruptor de altern\u00e2ncia de sinal de clipe conveniente para atenua\u00e7\u00e3o de grava\u00e7\u00e3o: ajuste a atenua\u00e7\u00e3o de grava\u00e7\u00e3o para evitar qualquer distor\u00e7\u00e3o durante a grava\u00e7\u00e3o: 0 dB, 6 dB ou 12 dB (a luz de sinal RecAtt\/db acende quando o n\u00edvel de entrada excede o ganho do circuito)<br \/>\nPr\u00e9-amplificador Phono: Uma novidade para esta classe, o GT40\u03b1 apresenta um equalizador phono para gravar seus preciosos LPs. Alterne entre Moving Magnet (MM) e Moving Coil (MC) ou entrada de linha<br \/>\nPe\u00e7as da mais alta qualidade: O GT40\u03b1 possui um amplificador e condensador de alta qualidade que suportam seu circuito anal\u00f3gico de alto desempenho<br \/>\nConex\u00f5es de \u00e1udio de alta qualidade: O GT40\u03b1 \u00e9 equipado com conectores RCA isolados com Teflon banhados a ouro com um chassi de alum\u00ednio de alt\u00edssima qualidade e bot\u00e3o de volume usinado<\/p>\n","protected":false},"excerpt":{"rendered":"<p>ESTADO 9\/10 Furutech Alpha Design Labs GT40 DAC e amplificador de fone de ouvido Com o crescimento explosivo dos sistemas de m\u00fasica baseados em computador, os conversores digitais para anal\u00f3gicos (DACs) externos voltaram a ser a \u00faltima moda. De particular interesse s\u00e3o aqueles que podem se conectar diretamente a um computador via USB ou FireWire. [&hellip;]<\/p>\n","protected":false},"featured_media":3667,"template":"","meta":{"_acf_changed":false},"product_brand":[],"product_cat":[89,78,43,41,107,63,79],"product_tag":[],"class_list":{"0":"post-3668","1":"product","2":"type-product","3":"status-publish","4":"has-post-thumbnail","6":"product_cat-acessorios","7":"product_cat-analogico-audio","8":"product_cat-dac","9":"product_cat-digital","10":"product_cat-fones-de-ouvido","11":"product_cat-furutech","12":"product_cat-pre-de-phono","14":"first","15":"instock","16":"sold-individually","17":"shipping-taxable","18":"purchasable","19":"product-type-simple"},"acf":[],"aioseo_notices":[],"_links":{"self":[{"href":"https:\/\/hificlub.com.br\/loja\/wp-json\/wp\/v2\/product\/3668","targetHints":{"allow":["GET"]}}],"collection":[{"href":"https:\/\/hificlub.com.br\/loja\/wp-json\/wp\/v2\/product"}],"about":[{"href":"https:\/\/hificlub.com.br\/loja\/wp-json\/wp\/v2\/types\/product"}],"wp:featuredmedia":[{"embeddable":true,"href":"https:\/\/hificlub.com.br\/loja\/wp-json\/wp\/v2\/media\/3667"}],"wp:attachment":[{"href":"https:\/\/hificlub.com.br\/loja\/wp-json\/wp\/v2\/media?parent=3668"}],"wp:term":[{"taxonomy":"product_brand","embeddable":true,"href":"https:\/\/hificlub.com.br\/loja\/wp-json\/wp\/v2\/product_brand?post=3668"},{"taxonomy":"product_cat","embeddable":true,"href":"https:\/\/hificlub.com.br\/loja\/wp-json\/wp\/v2\/product_cat?post=3668"},{"taxonomy":"product_tag","embeddable":true,"href":"https:\/\/hificlub.com.br\/loja\/wp-json\/wp\/v2\/product_tag?post=3668"}],"curies":[{"name":"wp","href":"https:\/\/api.w.org\/{rel}","templated":true}]}}