{"id":3638,"date":"2023-10-17T20:07:30","date_gmt":"2023-10-17T23:07:30","guid":{"rendered":"https:\/\/hificlub.com.br\/loja2\/produto\/gamut-c2r\/"},"modified":"2026-02-25T14:59:55","modified_gmt":"2026-02-25T17:59:55","slug":"gamut-c2r","status":"publish","type":"product","link":"https:\/\/hificlub.com.br\/loja\/produto\/gamut-c2r\/","title":{"rendered":"GAMUT C2R Preamplificador Mosfet Full Balanced"},"content":{"rendered":"<p><strong>Gamut C2R \u00e9 um cl\u00e1ssico, um aparelho consagrado, de excelente qualidade com entrada e sa\u00edda balanceadas. A qualidade sonora \u00e9 extremamente equilibrada com uma musicalidade de alt\u00edssimo n\u00edvel e te entrega um grave na medida, por\u00e9m potente e intenso, onde voc\u00ea ouve desde conjuntos pequenos at\u00e9 uma grande orquestra com clareza e intensidade. \u00c9 um equipamento extremamente refinado, elegante e de um conforto auditivo impressionante.<\/strong><\/p>\n<p><strong>Os inputs e outputs de RCA s\u00e3o balanceados. Os midbands s\u00e3o bem expressivos e os low ends bem definidos. Possui fun\u00e7\u00e3o de Bypass. 4 entradas RCA stereo, 1 XLR balanceada. 2 sa\u00eddas paralelas balanceadas XLR, possibilitando a bi-amplifica\u00e7\u00e3o. 1 sa\u00edda RCA stereo. 1 sa\u00edda RCA stereo para grava\u00e7\u00e3o. Especifica\u00e7\u00f5es: Frequency range 20-20kHz +\/-0.1dB Distortion less than 0.001% mainly 2nd harmonic Noise better than 100 dBA ref 2 Volt Gain 6dB Input impedance 40 kOhms balanced XLR Input impedance 20 kOhms RCA Output impedance 150 ohm balanced XLR Output impedance 75 ohms RCA Detalhes em Ingl\u00eas: &#8211; 4 RCA stereo inputs, 1 XLR balanced stereo input &#8211; 2 parallel balanced XLR outputs, making bi-amping easy. &#8211; 1 RCA unbalanced stereo output &#8211; 1 RCA record unbalanced stereo output &#8211; High-quality engraved text panel. &#8211; Internal MM\/high output MC board optional. &#8211; Level control implemented with motor-driven high quality ALPS potentiometer. &#8211; Inputs selected using high-quality NEC EA2 relays. &#8211; Electronics built using the new Burr Brown OPA2134 special op-amp optimised for audio. &#8211; To ensure best audio performance, the recording output has a buffer op-amp, so loading from the recording machine does not affect the main signal path. &#8211; The RCA unbalanced output has also a buffer amplifier, keeping it independent of the balanced XLR out put. So the loading of the RCA output does not reduce the balanced output\u0092s common-mode rejection ratio (CMRR). &#8211; Bypass-function means that an XLR input is sent directly to XLR output, and all other circuits are bypassed. This allows a CD player or DAC with level control to drive the power amplifiers directly, without moving cables. &#8211; The GamuT C2R is a relatively low cost solution for owners of very expensive CD playing systems, who want to add a FM tuner or other secondary sources, and still keep a direct path for the CD signal.<\/strong><\/p>\n<p>&nbsp;<\/p>\n<ul>\n<li>Frequency range 20-20kHz +\/-0.1dB<\/li>\n<li>Distortion less than 0.001% mainly 2nd harmonic Noise better than 100 dBA ref 2 Volt<\/li>\n<li>Gain 6dB<\/li>\n<li>Input impedance 40 kOhms balanced XLR<\/li>\n<li>Input impedance 20 kOhms RCA<\/li>\n<li>Output impedance 150 ohm balanced XLR<\/li>\n<li>Output impedance 75 ohms RCA<\/li>\n<\/ul>\n","protected":false},"excerpt":{"rendered":"<p>Gamut C2R \u00e9 um cl\u00e1ssico, um aparelho consagrado, de excelente qualidade com entrada e sa\u00edda balanceadas. A qualidade sonora \u00e9 extremamente equilibrada com uma musicalidade de alt\u00edssimo n\u00edvel e te entrega um grave na medida, por\u00e9m potente e intenso, onde voc\u00ea ouve desde conjuntos pequenos at\u00e9 uma grande orquestra com clareza e intensidade. \u00c9 um [&hellip;]<\/p>\n","protected":false},"featured_media":3636,"template":"","meta":{"_acf_changed":false},"product_brand":[],"product_cat":[91,38],"product_tag":[],"class_list":{"0":"post-3638","1":"product","2":"type-product","3":"status-publish","4":"has-post-thumbnail","6":"product_cat-gamut","7":"product_cat-pre-amplificador","9":"first","10":"instock","11":"sold-individually","12":"shipping-taxable","13":"purchasable","14":"product-type-simple"},"acf":[],"aioseo_notices":[],"_links":{"self":[{"href":"https:\/\/hificlub.com.br\/loja\/wp-json\/wp\/v2\/product\/3638","targetHints":{"allow":["GET"]}}],"collection":[{"href":"https:\/\/hificlub.com.br\/loja\/wp-json\/wp\/v2\/product"}],"about":[{"href":"https:\/\/hificlub.com.br\/loja\/wp-json\/wp\/v2\/types\/product"}],"wp:featuredmedia":[{"embeddable":true,"href":"https:\/\/hificlub.com.br\/loja\/wp-json\/wp\/v2\/media\/3636"}],"wp:attachment":[{"href":"https:\/\/hificlub.com.br\/loja\/wp-json\/wp\/v2\/media?parent=3638"}],"wp:term":[{"taxonomy":"product_brand","embeddable":true,"href":"https:\/\/hificlub.com.br\/loja\/wp-json\/wp\/v2\/product_brand?post=3638"},{"taxonomy":"product_cat","embeddable":true,"href":"https:\/\/hificlub.com.br\/loja\/wp-json\/wp\/v2\/product_cat?post=3638"},{"taxonomy":"product_tag","embeddable":true,"href":"https:\/\/hificlub.com.br\/loja\/wp-json\/wp\/v2\/product_tag?post=3638"}],"curies":[{"name":"wp","href":"https:\/\/api.w.org\/{rel}","templated":true}]}}