{"id":3629,"date":"2023-10-17T20:07:24","date_gmt":"2023-10-17T23:07:24","guid":{"rendered":"https:\/\/hificlub.com.br\/loja2\/produto\/roksan-blak-anthracite-usb-dac\/"},"modified":"2026-03-03T22:20:43","modified_gmt":"2026-03-04T01:20:43","slug":"roksan-blak-anthracite-usb-dac","status":"publish","type":"product","link":"https:\/\/hificlub.com.br\/loja\/produto\/roksan-blak-anthracite-usb-dac\/","title":{"rendered":"ROKSAN BLAK com Phono, USB e DAC 150 watts"},"content":{"rendered":"<p>Descri\u00e7\u00e3o do produto<br \/>\nO amplificador integrado Roksan Blak \u00e9 um premiado design de \u00faltima gera\u00e7\u00e3o de 150 watts com USB DAC e \u00e9 a mais recente personifica\u00e7\u00e3o do trabalho cont\u00ednuo da Roksan na fus\u00e3o de qualidade de som premium com est\u00e9tica elegante. Blak \u00e9 o amplificador carro-chefe da Roksan e se destaca acima da j\u00e1 l\u00edder classe C\u00e1spio. Tamb\u00e9m vendemos o CD player Blak correspondente . Dispon\u00edvel em carv\u00e3o ou antracite (observe que o acabamento \u00f3pio foi descontinuado e n\u00e3o est\u00e1 mais dispon\u00edvel).<\/p>\n<p>Se\u00e7\u00e3o do amplificador<br \/>\nA se\u00e7\u00e3o do amplificador do blak tem um design totalmente novo que oferece poderosos 140 Watts por canal em 8\u03a9. O amplificador oferece MM phono e Bluetooth aptX junto com um DAC USB Tipo B integrado para conectar um computador. S\u00e3o suportadas entradas XLR balanceadas e RCA n\u00e3o balanceadas. Al\u00e9m disso, o blak possui um amplificador de fone de ouvido integrado e um controle remoto do sistema.<\/p>\n<p>Desempenho<br \/>\nBaseando-se na sensa\u00e7\u00e3o de ar e espa\u00e7o criada com a s\u00e9rie K3, os resultados s\u00e3o elevados para um som suave, poderoso e altamente transparente, adequado para uma ampla gama de estilos e g\u00eaneros de grava\u00e7\u00e3o. Os graves s\u00e3o r\u00e1pidos, profundos e excepcionalmente tensos, combinados com m\u00e9dios e agudos ultra-espa\u00e7osos e meticulosos. Pe\u00e7as audi\u00f3filas escolhidas a dedo s\u00e3o incorporadas ao lado de transformadores de primeira classe para fornecer a melhor qualidade de \u00e1udio e pot\u00eancia de corrente poss\u00edveis.<\/p>\n<p>Painel frontal<br \/>\nO painel frontal foi projetado para ser simples e minimalista, ao mesmo tempo que oferece \u00f3timo controle da unidade. O bot\u00e3o de volume combinado com o novo display digital proporciona uma apar\u00eancia elegante e elegante. O controle remoto oferece maior flexibilidade com bot\u00f5es de entrada direta para seu amplificador, DAC ou Bluetooth, etc. Voc\u00ea tamb\u00e9m pode usar o controle remoto para reproduzir aleatoriamente e silenciar ou ajustar o display.<\/p>\n<p>Conex\u00f5es<br \/>\nAs entradas incluem entrada fono MM, seguida por tr\u00eas entradas RCA anal\u00f3gicas e uma entrada XLR. As conex\u00f5es dos alto-falantes alinham-se em ambos os lados e, por \u00faltimo, h\u00e1 a entrada USB Tipo B para conex\u00e3o ao PC\/Mac. O conector de fone de ouvido aparece na frente com um bot\u00e3o liga \/ desliga na parte inferior. H\u00e1 um amplificador dedicado completamente separado para os fones de ouvido que desliga todo o resto quando ligado para isolar o amplificador do fone de ouvido.<\/p>\n<p>Plataforma DAC<br \/>\nO DAC avan\u00e7ado suporta taxas de amostragem PCM de at\u00e9 192 kHz e tamb\u00e9m formatos DSD para DSD64\/128. Isso s\u00f3 pode ser usado quando um computador estiver conectado \u00e0 porta USB.  <\/p>\n<p>Especifica\u00e7\u00f5es t\u00e9cnicas<br \/>\n&#8211; 3 entradas de linha RCA<br \/>\n&#8211; 1 x Par de entradas XLR anal\u00f3gicas<br \/>\n&#8211; Entrada phono MM<br \/>\n&#8211; Entrada Bluetooth aptX<br \/>\n&#8211; Entrada MM \u2013 ganho, 77dB@1kHz<br \/>\n&#8211; Imped\u00e2ncia de entrada 47k ohm, 150pF<br \/>\n&#8211; Imped\u00e2ncia 24kO XLR, 40kO RCA<br \/>\n&#8211; Ganho @ 1kHz, 8ohm 37dB<br \/>\n&#8211; THD @ 1W, 8ohm, 5kHz &lt;0,02%<br \/>\n&#8211; THD @ 12W, 8ohm, 5kHz  150W<br \/>\n&#8211; Pot\u00eancia de sa\u00edda @ 1kHz, 4ohm &gt; 230W<br \/>\n&#8211; Resposta de frequ\u00eancia: @-3dB, 12W<br \/>\n&#8211; Balan\u00e7o de canal: 8 ohm, 12 W, 0,3 dB<br \/>\n&#8211; Conversa cruzada: @1kHz, 8ohm 76dB<\/p>\n","protected":false},"excerpt":{"rendered":"<p>Descri\u00e7\u00e3o do produto O amplificador integrado Roksan Blak \u00e9 um premiado design de \u00faltima gera\u00e7\u00e3o de 150 watts com USB DAC e \u00e9 a mais recente personifica\u00e7\u00e3o do trabalho cont\u00ednuo da Roksan na fus\u00e3o de qualidade de som premium com est\u00e9tica elegante. Blak \u00e9 o amplificador carro-chefe da Roksan e se destaca acima da j\u00e1 [&hellip;]<\/p>\n","protected":false},"featured_media":3628,"template":"","meta":{"_acf_changed":false},"product_brand":[],"product_cat":[27,51],"product_tag":[],"class_list":{"0":"post-3629","1":"product","2":"type-product","3":"status-publish","4":"has-post-thumbnail","6":"product_cat-amplificador","7":"product_cat-integrado","9":"first","10":"instock","11":"sold-individually","12":"shipping-taxable","13":"purchasable","14":"product-type-simple"},"acf":[],"aioseo_notices":[],"_links":{"self":[{"href":"https:\/\/hificlub.com.br\/loja\/wp-json\/wp\/v2\/product\/3629","targetHints":{"allow":["GET"]}}],"collection":[{"href":"https:\/\/hificlub.com.br\/loja\/wp-json\/wp\/v2\/product"}],"about":[{"href":"https:\/\/hificlub.com.br\/loja\/wp-json\/wp\/v2\/types\/product"}],"wp:featuredmedia":[{"embeddable":true,"href":"https:\/\/hificlub.com.br\/loja\/wp-json\/wp\/v2\/media\/3628"}],"wp:attachment":[{"href":"https:\/\/hificlub.com.br\/loja\/wp-json\/wp\/v2\/media?parent=3629"}],"wp:term":[{"taxonomy":"product_brand","embeddable":true,"href":"https:\/\/hificlub.com.br\/loja\/wp-json\/wp\/v2\/product_brand?post=3629"},{"taxonomy":"product_cat","embeddable":true,"href":"https:\/\/hificlub.com.br\/loja\/wp-json\/wp\/v2\/product_cat?post=3629"},{"taxonomy":"product_tag","embeddable":true,"href":"https:\/\/hificlub.com.br\/loja\/wp-json\/wp\/v2\/product_tag?post=3629"}],"curies":[{"name":"wp","href":"https:\/\/api.w.org\/{rel}","templated":true}]}}