{"id":3602,"date":"2023-10-17T20:07:19","date_gmt":"2023-10-17T23:07:19","guid":{"rendered":"https:\/\/hificlub.com.br\/loja2\/produto\/hegel-c55-5x-150-watts\/"},"modified":"2026-03-03T22:20:43","modified_gmt":"2026-03-04T01:20:43","slug":"hegel-c55-5x-150-watts","status":"publish","type":"product","link":"https:\/\/hificlub.com.br\/loja\/produto\/hegel-c55-5x-150-watts\/","title":{"rendered":"HEGEL C55  5x 150 Watts"},"content":{"rendered":"<h4>Um amplificador multicanal projetado para desempenho de som&#8230; n\u00e3o custa caro como diamantes.\u00a0E ainda sob medida para suas necessidades.\u00a0Parece bom demais para ser verdade?\u00a0Bem, costumava ser, mas n\u00e3o mais.\u00a0A s\u00e9rie Hegel C5: amplificadores de pot\u00eancia de 3, 4 ou 5 canais podem ser montados em rack, configur\u00e1veis, especificados para suas necessidades e ir\u00e3o &#8211; o mais importante &#8211; surpreend\u00ea-lo com seu desempenho de som.\u00a0At\u00e9 5 canais de pot\u00eancia de amplificador anal\u00f3gico de 150w\/pc, com Ooompf suficiente para dan\u00e7ar com quase qualquer alto-falante do mercado.\u00a0Conhe\u00e7a a s\u00e9rie Hegel C5.<\/h4>\n<p>&nbsp;<\/p>\n<p>Apresentamos os amplificadores multicanais de alto desempenho mais vers\u00e1teis do mercado &#8211; a s\u00e9rie Hegel C5.\u00a0O C5 est\u00e1 dispon\u00edvel em 3 vers\u00f5es diferentes, adaptadas \u00e0s suas necessidades.\u00a0Voc\u00ea pode optar por uma configura\u00e7\u00e3o de 3 canais, 4 canais ou 5 canais.\u00a0O que significa que voc\u00ea pode construir um teatro 5.1 ou Atmos usando um ou mais C5s.\u00a0Talvez voc\u00ea queira bi-amplificar alto-falantes ou usar cross overs ativos?\u00a0Voc\u00ea tamb\u00e9m pode us\u00e1-lo para alimentar v\u00e1rios alto-falantes em um est\u00fadio de masteriza\u00e7\u00e3o, em um restaurante ou em casa.\u00a0Resumindo, onde quer que voc\u00ea precise de som de alto desempenho com din\u00e2mica e distor\u00e7\u00e3o ultrabaixa.<\/p>\n<p>Por mais flex\u00edvel que seja, a s\u00e9rie C5 de amplificadores ainda mant\u00e9m o Hegel Sound completo.\u00a0C5 usa a tecnologia patenteada SoundEngine2 com seus muitos benef\u00edcios.\u00a0Uma delas \u00e9 a possibilidade de operar com baixa polariza\u00e7\u00e3o, fazendo com que o amplificador classe A\/B de alta pot\u00eancia n\u00e3o aque\u00e7a tanto quanto o normal, permitindo a instala\u00e7\u00e3o em um rack de 19\u201d.\u00a0Outro benef\u00edcio do SoundEngine2 \u00e9 o fator de amortecimento muito alto (mais de 2.000).\u00a0Maior fator de amortecimento significa graves profundos e profundos e controle completo dos drivers de graves.\u00a0\u00c9 uma das raz\u00f5es pelas quais as pessoas est\u00e3o falando sobre o som din\u00e2mico de Hegel.\u00a0No entanto, o mais importante \u00e9 a sua baixa distor\u00e7\u00e3o.\u00a0Os amplificadores SoundEngine2 patenteados da Hegel funcionam quase como um fone de ouvido com cancelamento de ru\u00eddo.\u00a0Todos os elementos de distor\u00e7\u00e3o criados dentro dos circuitos do amplificador s\u00e3o cancelados dinamicamente, sendo reproduzidos em uma fase negativa.\u00a0Portanto, n\u00e3o importa como voc\u00ea escolha configurar, a s\u00e9rie C5 fornecer\u00e1 um palco sonoro espetacular.\u00a0Nunca duro ou desagrad\u00e1vel.\u00a0Sempre natural, suave e com uma din\u00e2mica incr\u00edvel.<\/p>\n<p>A versatilidade vai al\u00e9m do n\u00famero de canais de \u00e1udio e formas de uso.\u00a0A capacidade de alternar a fase individualmente para cada canal ou selecionar entre diferentes configura\u00e7\u00f5es de ganho para cada canal facilita muito a integra\u00e7\u00e3o em um sistema maior.\u00a0A entrada e sa\u00edda do gatilho (permite encadeamento) significa que voc\u00ea pode coloc\u00e1-lo em uma sala separada e nunca se preocupar em lig\u00e1-lo ou deslig\u00e1-lo.\u00a0O C55 tem 3u de altura, com enormes orelhas de montagem em rack que s\u00e3o uma parte integrada do inv\u00f3lucro do amplificador.\u00a0Quando instalado em rack, recomendamos espa\u00e7amento de 1u na parte superior e inferior.\u00a0H\u00e1 tamb\u00e9m orelhas de montagem traseira ajust\u00e1veis \u200b\u200be destac\u00e1veis.\u00a0Caso opte por n\u00e3o instalar em rack, os p\u00e9s s\u00e3o fornecidos na caixa de acess\u00f3rios.\u00a0Ou seja, a s\u00e9rie C5 pode caber em qualquer aplica\u00e7\u00e3o.<\/p>\n<h2>Especifica\u00e7\u00f5es t\u00e9cnicas<\/h2>\n<p><strong>Pot\u00eancia de sa\u00edda:<\/strong>\u00a0\u00a05 x 150\/300\/600 W em 8\/4\/2 ohms<br \/>\n<strong>Carga m\u00ednima:<\/strong>\u00a0\u00a02 ohms<br \/>\n<strong>Entradas anal\u00f3gicas:<\/strong>\u00a0\u00a05 x balanceadas (XLR), 5 x n\u00e3o balanceadas (RCA)<br \/>\n<strong>Entradas de controle:<\/strong>\u00a0\u00a01 x mini-jack 5-12 V trigger<br \/>\n<strong>Sa\u00eddas de controle:<\/strong>\u00a0\u00a01 x mini-jack 11,9 V trigger out<br \/>\n<strong>Controle de ganho:<\/strong>\u00a0\u00a0Comut\u00e1vel entre 23 dB ou 29 dB (individual)<br \/>\n<strong>Controle de fase:<\/strong>\u00a0\u00a0Comut\u00e1vel 1\/180 (individual)<br \/>\n<strong>Resposta de frequ\u00eancia:<\/strong>\u00a0\u00a05 Hz &#8211; 100 kHz<br \/>\n<strong>Signal-to -rela\u00e7\u00e3o de ru\u00eddo:<\/strong>\u00a0\u00a0Mais de 100 dB<br \/>\n<strong>Diafonia:<\/strong>\u00a0\u00a0Menos de -100 dB<br \/>\n<strong>Distor\u00e7\u00e3o:<\/strong>\u00a0\u00a0Menos de 0,01% @ 100W 8 Ohms 1 kHz<br \/>\n<strong>Intermodula\u00e7\u00e3o:<\/strong>\u00a0\u00a0Menos de 0,01% (19 kHz + 20 kHz)<br \/>\n<strong>Fator de amortecimento:<\/strong>\u00a0Mais de 2000 (est\u00e1gio de sa\u00edda de energia principal)<br \/>\n<strong>Peso L\u00edquido:<\/strong>\u00a0\u00a037,5 kg<br \/>\n<strong>Peso Bruto:<\/strong>\u00a0\u00a043 kg<br \/>\n<strong>Peso L\u00edquido EUA:<\/strong>\u00a0\u00a082 lbs<br \/>\n<strong>Peso Bruto EUA:<\/strong>\u00a0\u00a095 lbs<br \/>\n<strong>Dimens\u00f5es nota:<\/strong>\u00a0\u00a0Para dimens\u00f5es precisas de instala\u00e7\u00e3o, consulte o manual do usu\u00e1rio<br \/>\n<strong>Dimens\u00f5es:<\/strong>\u00a0\u00a048,2 cm x 13,2 cm x 52 cm (BxHxD incl al\u00e7as, ex p\u00e9s)<br \/>\n<strong>Dimens\u00f5es EUA:<\/strong>\u00a0\u00a018,97 pol x 5,2 pol x 20,47 pol (BxAxD incl al\u00e7as, ex p\u00e9s)<br \/>\n<strong>Caracter\u00edsticas especiais:<\/strong>\u00a0\u00a0Entradas balanceadas e n\u00e3o balanceadas, Trigger in\/out, Modular design, montagem em rack traseiro ajust\u00e1vel, seletores de ganho e fase<\/p>\n","protected":false},"excerpt":{"rendered":"<p>Um amplificador multicanal projetado para desempenho de som&#8230; n\u00e3o custa caro como diamantes.\u00a0E ainda sob medida para suas necessidades.\u00a0Parece bom demais para ser verdade?\u00a0Bem, costumava ser, mas n\u00e3o mais.\u00a0A s\u00e9rie Hegel C5: amplificadores de pot\u00eancia de 3, 4 ou 5 canais podem ser montados em rack, configur\u00e1veis, especificados para suas necessidades e ir\u00e3o &#8211; o [&hellip;]<\/p>\n","protected":false},"featured_media":3597,"template":"","meta":{"_acf_changed":false},"product_brand":[],"product_cat":[27,93,48],"product_tag":[],"class_list":{"0":"post-3602","1":"product","2":"type-product","3":"status-publish","4":"has-post-thumbnail","6":"product_cat-amplificador","7":"product_cat-hegel","8":"product_cat-multicanal","10":"first","11":"instock","12":"sold-individually","13":"shipping-taxable","14":"purchasable","15":"product-type-simple"},"acf":[],"aioseo_notices":[],"_links":{"self":[{"href":"https:\/\/hificlub.com.br\/loja\/wp-json\/wp\/v2\/product\/3602","targetHints":{"allow":["GET"]}}],"collection":[{"href":"https:\/\/hificlub.com.br\/loja\/wp-json\/wp\/v2\/product"}],"about":[{"href":"https:\/\/hificlub.com.br\/loja\/wp-json\/wp\/v2\/types\/product"}],"wp:featuredmedia":[{"embeddable":true,"href":"https:\/\/hificlub.com.br\/loja\/wp-json\/wp\/v2\/media\/3597"}],"wp:attachment":[{"href":"https:\/\/hificlub.com.br\/loja\/wp-json\/wp\/v2\/media?parent=3602"}],"wp:term":[{"taxonomy":"product_brand","embeddable":true,"href":"https:\/\/hificlub.com.br\/loja\/wp-json\/wp\/v2\/product_brand?post=3602"},{"taxonomy":"product_cat","embeddable":true,"href":"https:\/\/hificlub.com.br\/loja\/wp-json\/wp\/v2\/product_cat?post=3602"},{"taxonomy":"product_tag","embeddable":true,"href":"https:\/\/hificlub.com.br\/loja\/wp-json\/wp\/v2\/product_tag?post=3602"}],"curies":[{"name":"wp","href":"https:\/\/api.w.org\/{rel}","templated":true}]}}