{"id":3580,"date":"2023-10-17T20:07:13","date_gmt":"2023-10-17T23:07:13","guid":{"rendered":"https:\/\/hificlub.com.br\/loja2\/produto\/yamaha-ns-sw050-8-100-watts\/"},"modified":"2026-03-03T22:20:44","modified_gmt":"2026-03-04T01:20:44","slug":"yamaha-ns-sw050-8-100-watts","status":"publish","type":"product","link":"https:\/\/hificlub.com.br\/loja\/produto\/yamaha-ns-sw050-8-100-watts\/","title":{"rendered":"YAMAHA NS-SW050  8&#8243;  100 Watts"},"content":{"rendered":"<p>Este subwoofer compacto incorpora uma s\u00e9rie de tecnologias de graves avan\u00e7adas e de alto desempenho da Yamaha como, por exemplo, a Twisted Flare Port e a Advanced YST II (Yamaha Active Servo Technology II) com circuito de amplificador discreto e unidade de woofer de 20 cm (8 pol.) de alta qualidade. Isto resulta em uma resposta de graves sensacional que melhora a satisfa\u00e7\u00e3o de audi\u00e7\u00e3o geral de m\u00fasicas e filmes.<\/p>\n<ul>\n<li>A nova tecnologia Twisted Flare Port contribui para graves claros e firmes<\/li>\n<li>Advanced YST II (Yamaha Active Servo Technology II)<\/li>\n<li>Woofer com cone de 20 cm (8 pol;)<\/li>\n<li>Adi\u00e7\u00e3o estilosa em qualquer sala<\/li>\n<li><\/li>\n<li>\n<table class=\"table table-bordered\">\n<thead>\n<tr class=\"active\">\n<th colspan=\"2\"><\/th>\n<th class=\"spectable-colnumber-0\" scope=\"col\">NS-SW050<\/th>\n<\/tr>\n<\/thead>\n<tbody>\n<tr class=\"active\">\n<th colspan=\"3\">Subwoofer<\/th>\n<\/tr>\n<tr>\n<th class=\"active\" colspan=\"2\" scope=\"row\">Driver<\/th>\n<td class=\"spectable-colnumber-0\">20 cm (8\u201d) cone<\/td>\n<\/tr>\n<tr>\n<th class=\"active\" colspan=\"2\" scope=\"row\">Dynamic Power<\/th>\n<td class=\"spectable-colnumber-0\">100 W (5 ohms)<\/td>\n<\/tr>\n<tr>\n<th class=\"active\" colspan=\"2\" scope=\"row\">Output Power<\/th>\n<td class=\"spectable-colnumber-0\">50 W (100 Hz, 5 ohms, 10% THD)<\/td>\n<\/tr>\n<tr>\n<th class=\"active\" colspan=\"2\" scope=\"row\">Frequency Response<\/th>\n<td class=\"spectable-colnumber-0\">28\u2013200 Hz<\/td>\n<\/tr>\n<tr>\n<th class=\"active\" colspan=\"2\" scope=\"row\">Advanced YST<\/th>\n<td class=\"spectable-colnumber-0\">Yes<\/td>\n<\/tr>\n<tr>\n<th class=\"active\" colspan=\"2\" scope=\"row\">Twisted Flare Port<\/th>\n<td class=\"spectable-colnumber-0\">Yes<\/td>\n<\/tr>\n<tr>\n<th class=\"active\" colspan=\"2\" scope=\"row\">Dimensions (W x H x D)<\/th>\n<td class=\"spectable-colnumber-0\">291 x 292 x 341 mm; 11-1\/2\u201d x 11-1\/2\u201d x 13-3\/8\u201d<\/td>\n<\/tr>\n<tr>\n<th class=\"active\" colspan=\"2\" scope=\"row\">Weight<\/th>\n<td class=\"spectable-colnumber-0\">8.5 kg; 18.7 lbs.<\/td>\n<\/tr>\n<\/tbody>\n<\/table>\n<\/li>\n<\/ul>\n<h2><\/h2>\n<h2><\/h2>\n","protected":false},"excerpt":{"rendered":"<p>Este subwoofer compacto incorpora uma s\u00e9rie de tecnologias de graves avan\u00e7adas e de alto desempenho da Yamaha como, por exemplo, a Twisted Flare Port e a Advanced YST II (Yamaha Active Servo Technology II) com circuito de amplificador discreto e unidade de woofer de 20 cm (8 pol.) de alta qualidade. Isto resulta em uma [&hellip;]<\/p>\n","protected":false},"featured_media":3579,"template":"","meta":{"_acf_changed":false},"product_brand":[],"product_cat":[17,36,112],"product_tag":[],"class_list":{"0":"post-3580","1":"product","2":"type-product","3":"status-publish","4":"has-post-thumbnail","6":"product_cat-caixas","7":"product_cat-subwoofer","8":"product_cat-yamaha","10":"first","11":"instock","12":"sold-individually","13":"shipping-taxable","14":"purchasable","15":"product-type-simple"},"acf":[],"aioseo_notices":[],"_links":{"self":[{"href":"https:\/\/hificlub.com.br\/loja\/wp-json\/wp\/v2\/product\/3580","targetHints":{"allow":["GET"]}}],"collection":[{"href":"https:\/\/hificlub.com.br\/loja\/wp-json\/wp\/v2\/product"}],"about":[{"href":"https:\/\/hificlub.com.br\/loja\/wp-json\/wp\/v2\/types\/product"}],"wp:featuredmedia":[{"embeddable":true,"href":"https:\/\/hificlub.com.br\/loja\/wp-json\/wp\/v2\/media\/3579"}],"wp:attachment":[{"href":"https:\/\/hificlub.com.br\/loja\/wp-json\/wp\/v2\/media?parent=3580"}],"wp:term":[{"taxonomy":"product_brand","embeddable":true,"href":"https:\/\/hificlub.com.br\/loja\/wp-json\/wp\/v2\/product_brand?post=3580"},{"taxonomy":"product_cat","embeddable":true,"href":"https:\/\/hificlub.com.br\/loja\/wp-json\/wp\/v2\/product_cat?post=3580"},{"taxonomy":"product_tag","embeddable":true,"href":"https:\/\/hificlub.com.br\/loja\/wp-json\/wp\/v2\/product_tag?post=3580"}],"curies":[{"name":"wp","href":"https:\/\/api.w.org\/{rel}","templated":true}]}}