{"id":3577,"date":"2023-10-17T20:07:12","date_gmt":"2023-10-17T23:07:12","guid":{"rendered":"https:\/\/hificlub.com.br\/loja2\/produto\/evolution-acoustics-mm-micro-one-com-pedestal\/"},"modified":"2026-02-15T13:04:42","modified_gmt":"2026-02-15T16:04:42","slug":"evolution-acoustics-mm-micro-one-com-pedestal","status":"publish","type":"product","link":"https:\/\/hificlub.com.br\/loja\/produto\/evolution-acoustics-mm-micro-one-com-pedestal\/","title":{"rendered":"EVOLUTION ACOUSTICS MM MICRO ONE com Pedestal Original"},"content":{"rendered":"<p>ESTADO 9\/10<\/p>\n<p><strong>\u00a0<\/strong><\/p>\n<p>Os alto-falantes Evolution Acoustics MM MicroOne s\u00e3o projetados e projetados nos EUA, compostos inteiramente por componentes de ferramentas personalizadas, com absolutamente nenhuma pe\u00e7a &#8220;pronta para uso&#8221;. Todos os aspectos desses alto-falantes s\u00e3o minuciosamente pesquisados \u200b\u200be analisados \u200b\u200bpara produzir um desempenho micro e macro din\u00e2mico incr\u00edvel, al\u00e9m do mais alto n\u00edvel de clareza do setor. Somente as melhores pe\u00e7as s\u00e3o usadas, incluindo capacitores de pel\u00edcula de refer\u00eancia, indutores de n\u00facleo de ar de cobre de alta pureza superdimensionada, resistores de precis\u00e3o de enrolamento por fio de corrente ultra alta e fia\u00e7\u00e3o de cobre de n\u00facleo s\u00f3lido com m\u00faltiplos condutores individualmente isolada. Todas essas pe\u00e7as s\u00e3o soldadas \u00e0 m\u00e3o e soldadas em nossas redes de crossover de tens\u00e3o constante em placas de circuito impresso de alto calibre que s\u00e3o imersas em resina ep\u00f3xi para eliminar microfones indesejados.A clareza e a din\u00e2mica s\u00e3o alcan\u00e7adas com o uso dos tweeters de alta qualidade e alta velocidade da PDAV, da Evolution Acoustics, e unidades de acionamento de woofer intermedi\u00e1rio Ceramic Matrix (CMAT). Esses componentes s\u00e3o alojados em gabinetes ac\u00fasticos avan\u00e7ados, que s\u00e3o estruturalmente inertes e difundidos sonoramente pelo uso da constru\u00e7\u00e3o de m\u00faltiplas camadas. Como as camadas s\u00e3o unidas individualmente por um composto adesivo, as paredes do gabinete t\u00eam resist\u00eancia superior. Al\u00e9m disso, o perfil da curva francesa ajuda a reduzir significativamente as reflex\u00f5es internas das ondas de retorno dos transdutores. Embora de tamanho compacto, as paredes laterais curvas e laminadas com cola dupla de 25 mm, defletores de 50 mm e placas superior e inferior de 50 mm, combinam-se para criar um monitor denso e pesado capaz de obter desempenho de classe mundial.Voc\u00ea tamb\u00e9m apreciar\u00e1 a beleza desses alto-falantes, pois eles s\u00e3o acabados \u00e0 m\u00e3o com v\u00e1rias camadas polidas para produzir um brilho intenso e alto brilho. Combine todos esses elementos com um objetivo de engenharia alinhado no tempo e na fase e voc\u00ea ter\u00e1 um sistema de alto-falantes not\u00e1vel.<\/p>\n<p>\u201cIsso \u00e9 t\u00e3o impressionante que dificilmente \u00e9 uma \u201cimagem est\u00e9reo\u201d: \u00e9 mais como um \u201ccampo surround\u201d. Sente-se no ponto ideal ao ouvir os MicroOnes e voc\u00ea realmente acreditar\u00e1 que est\u00e1 l\u00e1 na apresenta\u00e7\u00e3o original ao vivo, porque a imagem que eles criam tem tudo de sobra: altura total, largura total, profundidade total. Combine isso com a din\u00e2mica e a qualidade do som liberadas quando demos aos MicroOnes a pot\u00eancia que eles desejam, e aquele alongamento arejado de ponta acima de 20 kHz, e esses s\u00e3o alto-falantes de montagem em suporte especiais de fato\u201d. Best Buys Audio &amp; AV<\/p>\n<ul>\n<li>Tweeter 2\u201d Pleated Diaphragm Air Velocity PDAV<\/li>\n<li>Midrange 4\u201d Ceramic Matrix Mid Bass CMAT<\/li>\n<li>Woofer N\/A<\/li>\n<li>Frequency Response +\/-3dB 35Hz-30kHz (In-Room Response Non-Anechoic)<\/li>\n<li>Frequency Response -6dB 30Hz-35kHz (In-Room Response Non-Anechoic)<\/li>\n<li>Impedance 6 Ohm<\/li>\n<li>Impedance Deviation +\/- 2 Ohm<\/li>\n<li>Sensitivity 87dB<\/li>\n<li>Alignment 2-Way<\/li>\n<li>Crossover Type Constant Voltage<\/li>\n<li>Time Aligned Yes<\/li>\n<li>Phase Aligned Yes<\/li>\n<li>User Controls N\/A<\/li>\n<li>Internal Amplifier Power N\/A<\/li>\n<li>Maximum Boost N\/A<\/li>\n<li>Maximum Power Handling 250 WRMS<\/li>\n<li>Minimum Amplifier Power 10 WRMS<\/li>\n<\/ul>\n","protected":false},"excerpt":{"rendered":"<p>ESTADO 9\/10 \u00a0 Os alto-falantes Evolution Acoustics MM MicroOne s\u00e3o projetados e projetados nos EUA, compostos inteiramente por componentes de ferramentas personalizadas, com absolutamente nenhuma pe\u00e7a &#8220;pronta para uso&#8221;. Todos os aspectos desses alto-falantes s\u00e3o minuciosamente pesquisados \u200b\u200be analisados \u200b\u200bpara produzir um desempenho micro e macro din\u00e2mico incr\u00edvel, al\u00e9m do mais alto n\u00edvel de clareza [&hellip;]<\/p>\n","protected":false},"featured_media":3575,"template":"","meta":{"_acf_changed":false},"product_brand":[],"product_cat":[25,17],"product_tag":[],"class_list":{"0":"post-3577","1":"product","2":"type-product","3":"status-publish","4":"has-post-thumbnail","6":"product_cat-bookshelf","7":"product_cat-caixas","9":"first","10":"instock","11":"sold-individually","12":"shipping-taxable","13":"purchasable","14":"product-type-simple"},"acf":[],"aioseo_notices":[],"_links":{"self":[{"href":"https:\/\/hificlub.com.br\/loja\/wp-json\/wp\/v2\/product\/3577","targetHints":{"allow":["GET"]}}],"collection":[{"href":"https:\/\/hificlub.com.br\/loja\/wp-json\/wp\/v2\/product"}],"about":[{"href":"https:\/\/hificlub.com.br\/loja\/wp-json\/wp\/v2\/types\/product"}],"wp:featuredmedia":[{"embeddable":true,"href":"https:\/\/hificlub.com.br\/loja\/wp-json\/wp\/v2\/media\/3575"}],"wp:attachment":[{"href":"https:\/\/hificlub.com.br\/loja\/wp-json\/wp\/v2\/media?parent=3577"}],"wp:term":[{"taxonomy":"product_brand","embeddable":true,"href":"https:\/\/hificlub.com.br\/loja\/wp-json\/wp\/v2\/product_brand?post=3577"},{"taxonomy":"product_cat","embeddable":true,"href":"https:\/\/hificlub.com.br\/loja\/wp-json\/wp\/v2\/product_cat?post=3577"},{"taxonomy":"product_tag","embeddable":true,"href":"https:\/\/hificlub.com.br\/loja\/wp-json\/wp\/v2\/product_tag?post=3577"}],"curies":[{"name":"wp","href":"https:\/\/api.w.org\/{rel}","templated":true}]}}