{"id":3569,"date":"2023-10-17T20:07:11","date_gmt":"2023-10-17T23:07:11","guid":{"rendered":"https:\/\/hificlub.com.br\/loja2\/produto\/audio-research-ls22-valvulado-full-balanced\/"},"modified":"2026-04-22T02:50:36","modified_gmt":"2026-04-22T05:50:36","slug":"audio-research-ls22-valvulado-full-balanced","status":"publish","type":"product","link":"https:\/\/hificlub.com.br\/loja\/produto\/audio-research-ls22-valvulado-full-balanced\/","title":{"rendered":"AUDIO RESEARCH LS22 Preamplificador Valvulado Full Balanced"},"content":{"rendered":"<p>O pr\u00e9-amplificador de est\u00e1gio de linha LS22 da Audio Research Corporation possui diversos recursos e muito potencial que o tornam atraente :<\/p>\n<p>\u2022 A op\u00e7\u00e3o de conex\u00f5es XLR balanceadas ou RCA desbalanceadas para todas as entradas e os dois conjuntos de sa\u00eddas.<br \/>\n\u2022 Possui um cabo de alimenta\u00e7\u00e3o com fio r\u00edgido que muitos dizem oferecer melhor desempenho do que usar um cabo de alimenta\u00e7\u00e3o especial com conex\u00f5es extras. (veja abaixo para atualiza\u00e7\u00e3o.)<br \/>\n\u2022 Possui um caminho de sinal simples e uma placa de circuito grande e de f\u00e1cil acesso.<br \/>\n\u2022 A placa de circuito \u00e9 de alta qualidade e possui trilhas grossas e largas. Isso ajuda nas modifica\u00e7\u00f5es porque \u00e9 prov\u00e1vel que ocorram menos danos \u00e0s trilhas ao remover componentes como capacitores ou ao soldar novas pe\u00e7as.<\/p>\n<p data-path-to-node=\"2\">O <strong>Audio Research LS22<\/strong> \u00e9 um pr\u00e9-amplificador de linha est\u00e9reo altamente respeitado, fabricado pela Audio Research Corporation (ARC), uma empresa americana lend\u00e1ria conhecida por sua expertise em eletr\u00f4nicos de <b>v\u00e1lvulas (tubos)<\/b> de alta fidelidade. O LS22 foi desenvolvido para ser o centro de controle e o cora\u00e7\u00e3o musical de um sistema de \u00e1udio de ponta.<\/p>\n<p data-path-to-node=\"3\"><b>Filosofia de V\u00e1lvulas e Musicalidade<\/b><\/p>\n<p data-path-to-node=\"4\">O LS22 incorpora a filosofia de design da ARC, utilizando exclusivamente circuitos de v\u00e1lvulas de v\u00e1cuo em seu est\u00e1gio de amplifica\u00e7\u00e3o. Esta topologia \u00e9 preferida por muitos audi\u00f3filos por sua capacidade de adicionar calor, textura e uma rica harmonia ao som, resultando em uma experi\u00eancia de audi\u00e7\u00e3o extremamente musical e envolvente.<\/p>\n<p data-path-to-node=\"5\"><b>Design Totalmente Balanceado<\/b><\/p>\n<p data-path-to-node=\"6\">Uma caracter\u00edstica crucial do LS22 \u00e9 sua opera\u00e7\u00e3o em <b>design totalmente balanceado (fully balanced)<\/b>. Isso significa que o sinal de \u00e1udio \u00e9 transmitido por meio de dois condutores id\u00eanticos (um positivo e um negativo) que se cancelam mutuamente o ru\u00eddo. Esta abordagem garante uma rejei\u00e7\u00e3o de ru\u00eddo superior e uma maior din\u00e2mica, especialmente quando o pr\u00e9-amplificador \u00e9 conectado a amplificadores de pot\u00eancia de forma balanceada (via conex\u00f5es XLR).<\/p>\n<p data-path-to-node=\"7\"><b>Qualidade de Constru\u00e7\u00e3o<\/b><\/p>\n<p data-path-to-node=\"8\">O pr\u00e9-amplificador \u00e9 constru\u00eddo com componentes de alt\u00edssima qualidade e uma fonte de alimenta\u00e7\u00e3o robusta, que \u00e9 essencial para o desempenho das v\u00e1lvulas. O chassi \u00e9 robusto e possui o visual cl\u00e1ssico e profissional que \u00e9 marca registrada da Audio Research.<\/p>\n<p data-path-to-node=\"9\">O <strong>Audio Research LS22<\/strong> \u00e9 um pr\u00e9-amplificador de refer\u00eancia que se destaca por sua musicalidade, calor e transpar\u00eancia, proporcionados por seu circuito de v\u00e1lvulas de v\u00e1cuo de alta fidelidade e design totalmente balanceado.<\/p>\n<p>&nbsp;<\/p>\n","protected":false},"excerpt":{"rendered":"<p>O pr\u00e9-amplificador de est\u00e1gio de linha LS22 da Audio Research Corporation possui diversos recursos e muito potencial que o tornam atraente : \u2022 A op\u00e7\u00e3o de conex\u00f5es XLR balanceadas ou RCA desbalanceadas para todas as entradas e os dois conjuntos de sa\u00eddas. \u2022 Possui um cabo de alimenta\u00e7\u00e3o com fio r\u00edgido que muitos dizem oferecer [&hellip;]<\/p>\n","protected":false},"featured_media":3564,"template":"","meta":{"_acf_changed":false},"product_brand":[],"product_cat":[29,38,26],"product_tag":[],"class_list":{"0":"post-3569","1":"product","2":"type-product","3":"status-publish","4":"has-post-thumbnail","6":"product_cat-audio-research","7":"product_cat-pre-amplificador","8":"product_cat-vintage","10":"first","11":"instock","12":"sold-individually","13":"shipping-taxable","14":"purchasable","15":"product-type-simple"},"acf":[],"aioseo_notices":[],"_links":{"self":[{"href":"https:\/\/hificlub.com.br\/loja\/wp-json\/wp\/v2\/product\/3569","targetHints":{"allow":["GET"]}}],"collection":[{"href":"https:\/\/hificlub.com.br\/loja\/wp-json\/wp\/v2\/product"}],"about":[{"href":"https:\/\/hificlub.com.br\/loja\/wp-json\/wp\/v2\/types\/product"}],"wp:featuredmedia":[{"embeddable":true,"href":"https:\/\/hificlub.com.br\/loja\/wp-json\/wp\/v2\/media\/3564"}],"wp:attachment":[{"href":"https:\/\/hificlub.com.br\/loja\/wp-json\/wp\/v2\/media?parent=3569"}],"wp:term":[{"taxonomy":"product_brand","embeddable":true,"href":"https:\/\/hificlub.com.br\/loja\/wp-json\/wp\/v2\/product_brand?post=3569"},{"taxonomy":"product_cat","embeddable":true,"href":"https:\/\/hificlub.com.br\/loja\/wp-json\/wp\/v2\/product_cat?post=3569"},{"taxonomy":"product_tag","embeddable":true,"href":"https:\/\/hificlub.com.br\/loja\/wp-json\/wp\/v2\/product_tag?post=3569"}],"curies":[{"name":"wp","href":"https:\/\/api.w.org\/{rel}","templated":true}]}}