{"id":3560,"date":"2023-10-17T20:07:06","date_gmt":"2023-10-17T23:07:06","guid":{"rendered":"https:\/\/hificlub.com.br\/loja2\/produto\/monitor-audio-silver-rx6-black-oak\/"},"modified":"2024-10-07T17:06:08","modified_gmt":"2024-10-07T20:06:08","slug":"monitor-audio-silver-rx6-black-oak","status":"publish","type":"product","link":"https:\/\/hificlub.com.br\/loja\/produto\/monitor-audio-silver-rx6-black-oak\/","title":{"rendered":"MONITOR AUDIO SILVER RX6  Black Oak"},"content":{"rendered":"<p>Estado 9\/10<\/p>\n<p class=\"h2 product-page-title\">Monitor Audio RX6<\/p>\n<div class=\"product-page-description\">\n<hr \/>\n<p>O elegante design RX6 de piso coloca o tweeter RX de largura de banda mais ampla em conjunto com os drivers de graves\/m\u00e9dios C-CAM\u00ae de 6&#8243; e os drivers de graves\/m\u00e9dios C-CAM\u00ae de 6&#8243; para formar um sistema balanceado de duas vias e meia.<\/p>\n<div class=\"product-page marBot-90lg\">\n<div class=\"container\">\n<div class=\"product-page-further row\">\n<div class=\"col-lg-8\">\n<div class=\"tab-content\">\n<div id=\"detail\" class=\"tab-pane active\">\n<p>C\u00e2maras separadas s\u00e3o usadas dentro do gabinete para fornecer ajuste diferencial para os drivers de 6\u201d, produzindo maior efici\u00eancia e extens\u00e3o excepcional de baixa frequ\u00eancia.\u00a0Para um alto-falante t\u00e3o fino e f\u00e1cil de posicionar, o inovador RX6 produz uma largura de banda extraordinariamente ampla, aprimorada com uma tonalidade natural que d\u00e1 vida a todos os formatos &#8211; at\u00e9 \u00e1udio HD.\u00a0Um pedestal de base ajust\u00e1vel \u00e9 fornecido para maior estabilidade.<\/p>\n<hr \/>\n<p>Tecnologia<\/p>\n<ul>\n<li>Design C-CAM\u00ae com c\u00e2mara traseira amortecida, proporcionando maior clareza e faixa de opera\u00e7\u00e3o mais ampla para formatos de \u00e1udio HD<\/li>\n<li>Drivers de graves e graves\/m\u00e9dios C-CAM\u00ae de 6\u201d incorporam a tecnologia RST\u00ae<\/li>\n<li>Design de chassi de baixo de pol\u00edmero fundido para melhor rigidez e propriedades de menor reflex\u00e3o<\/li>\n<li>Bass reflex de c\u00e2mara dupla com afina\u00e7\u00e3o diferencial<\/li>\n<li>Tecnologia de porta HiVe\u00aeII para melhor resposta transit\u00f3ria e graves mais firmes<\/li>\n<li>Parafuso \u00fanico atrav\u00e9s do sistema de acionamento, para maior refor\u00e7o geral e rigidez<\/li>\n<li>Constru\u00e7\u00e3o r\u00edgida em MDF de 19 mm, empregando t\u00e9cnicas radiais e cruzadas para alta rigidez, resultando em baixa colora\u00e7\u00e3o do gabinete<\/li>\n<li>Localiza\u00e7\u00e3o do terminal no n\u00edvel do ch\u00e3o para f\u00e1cil acesso e roteamento de cabos limpo<\/li>\n<li>A fixa\u00e7\u00e3o da grade magn\u00e9tica invis\u00edvel proporciona um estilo visual limpo quando usado com a grade desligada<\/li>\n<li>Folheados de madeira de qualidade premium selecionados ou acabamentos de piano de alto brilho.<\/li>\n<\/ul>\n<\/div>\n<\/div>\n<\/div>\n<div class=\"col-lg-4\">\n<p>\u00a0<b>Especifica\u00e7\u00f5es<\/b><\/p>\n<p><b>Descri\u00e7\u00e3o:<\/b>\u00a0Alto-falante de piso portado de duas vias e meia.\u00a0Unidades de acionamento: tweeter de c\u00fapula dourada C-CAM de 1&#8243; (25 mm), woofer\/m\u00e9dio RST de 6&#8243;, woofer RST de 6&#8243;. Frequ\u00eancias de cruzamento: 700Hz LF, 2,7kHz MF\/HF. Faixa de frequ\u00eancia: 38Hz\u201335kHz. Sensibilidade: 90dB \/W\/m. Imped\u00e2ncia nominal: 6 ohms. SPL m\u00e1ximo: 114,8 dBA. Pot\u00eancia: 125 W RMS. Amplifica\u00e7\u00e3o recomendada: 40\u2013125 W RMS.<br \/>\n<b>Dimens\u00f5es:<\/b>\u00a035 5\/8&#8243; (905 mm) H por 1013\/16&#8243; (275 mm) W por 123\/16&#8243; (310mm) D (inclui rodap\u00e9 e p\u00e9s).\u00a0Peso: 36,13 libras (16,4 kg).<\/p>\n<\/div>\n<\/div>\n<\/div>\n<\/div>\n<\/div>\n","protected":false},"excerpt":{"rendered":"<p>Estado 9\/10 Monitor Audio RX6 O elegante design RX6 de piso coloca o tweeter RX de largura de banda mais ampla em conjunto com os drivers de graves\/m\u00e9dios C-CAM\u00ae de 6&#8243; e os drivers de graves\/m\u00e9dios C-CAM\u00ae de 6&#8243; para formar um sistema balanceado de duas vias e meia. C\u00e2maras separadas s\u00e3o usadas dentro do [&hellip;]<\/p>\n","protected":false},"featured_media":3553,"template":"","meta":{"_acf_changed":false},"product_brand":[],"product_cat":[17,109,18],"product_tag":[],"class_list":{"0":"post-3560","1":"product","2":"type-product","3":"status-publish","4":"has-post-thumbnail","6":"product_cat-caixas","7":"product_cat-monitor-audio","8":"product_cat-torres","10":"first","11":"instock","12":"sold-individually","13":"shipping-taxable","14":"purchasable","15":"product-type-simple"},"acf":[],"aioseo_notices":[],"_links":{"self":[{"href":"https:\/\/hificlub.com.br\/loja\/wp-json\/wp\/v2\/product\/3560","targetHints":{"allow":["GET"]}}],"collection":[{"href":"https:\/\/hificlub.com.br\/loja\/wp-json\/wp\/v2\/product"}],"about":[{"href":"https:\/\/hificlub.com.br\/loja\/wp-json\/wp\/v2\/types\/product"}],"wp:featuredmedia":[{"embeddable":true,"href":"https:\/\/hificlub.com.br\/loja\/wp-json\/wp\/v2\/media\/3553"}],"wp:attachment":[{"href":"https:\/\/hificlub.com.br\/loja\/wp-json\/wp\/v2\/media?parent=3560"}],"wp:term":[{"taxonomy":"product_brand","embeddable":true,"href":"https:\/\/hificlub.com.br\/loja\/wp-json\/wp\/v2\/product_brand?post=3560"},{"taxonomy":"product_cat","embeddable":true,"href":"https:\/\/hificlub.com.br\/loja\/wp-json\/wp\/v2\/product_cat?post=3560"},{"taxonomy":"product_tag","embeddable":true,"href":"https:\/\/hificlub.com.br\/loja\/wp-json\/wp\/v2\/product_tag?post=3560"}],"curies":[{"name":"wp","href":"https:\/\/api.w.org\/{rel}","templated":true}]}}