{"id":3549,"date":"2023-10-17T20:06:58","date_gmt":"2023-10-17T23:06:58","guid":{"rendered":"https:\/\/hificlub.com.br\/loja2\/produto\/classe-ssp25-pre-e-av-processador\/"},"modified":"2024-10-07T17:06:08","modified_gmt":"2024-10-07T20:06:08","slug":"classe-ssp25-pre-e-av-processador","status":"publish","type":"product","link":"https:\/\/hificlub.com.br\/loja\/produto\/classe-ssp25-pre-e-av-processador\/","title":{"rendered":"CLASSE SSP25 Pre e AV Processador"},"content":{"rendered":"<p>Estado de conserva&ccedil;&atilde;o: <strong>9\/10<\/strong><\/p>\n<p>Embora esta unidade esteja um pouco desatualizada em termos de recursos de v\u00eddeo, ela ainda \u00e9 um excelente pr\u00e9-amplificador de \u00e1udio anal\u00f3gico. Principalmente porque a Classe era l\u00edder em \u00e1udio de 2 canais muito antes de come\u00e7arem a fabricar produtos de v\u00eddeo.  <\/p>\n<p>Existem dois recursos que tornam este um \u00f3timo pr\u00e9-amplificador. Primeiro, existem entradas e sa\u00eddas balanceadas para a melhor transmiss\u00e3o de sinal poss\u00edvel. Segundo, existe uma fun\u00e7\u00e3o de desvio anal\u00f3gico que faz exatamente isso. Envia o sinal de \u00e1udio por todos os circuitos de v\u00eddeo.  <\/p>\n<p>Tamb\u00e9m existe a possibilidade de utiliz\u00e1-lo como DAC, pois possui entradas digitais \u00f3pticas e coaxiais.  <\/p>\n","protected":false},"excerpt":{"rendered":"<p>Estado de conserva&ccedil;&atilde;o: 9\/10 Embora esta unidade esteja um pouco desatualizada em termos de recursos de v\u00eddeo, ela ainda \u00e9 um excelente pr\u00e9-amplificador de \u00e1udio anal\u00f3gico. Principalmente porque a Classe era l\u00edder em \u00e1udio de 2 canais muito antes de come\u00e7arem a fabricar produtos de v\u00eddeo. Existem dois recursos que tornam este um \u00f3timo pr\u00e9-amplificador. [&hellip;]<\/p>\n","protected":false},"featured_media":3544,"template":"","meta":{"_acf_changed":false},"product_brand":[],"product_cat":[123,21,23],"product_tag":[],"class_list":{"0":"post-3549","1":"product","2":"type-product","3":"status-publish","4":"has-post-thumbnail","6":"product_cat-classe","7":"product_cat-home-theater","8":"product_cat-processador","10":"first","11":"instock","12":"sold-individually","13":"shipping-taxable","14":"purchasable","15":"product-type-simple"},"acf":[],"aioseo_notices":[],"_links":{"self":[{"href":"https:\/\/hificlub.com.br\/loja\/wp-json\/wp\/v2\/product\/3549","targetHints":{"allow":["GET"]}}],"collection":[{"href":"https:\/\/hificlub.com.br\/loja\/wp-json\/wp\/v2\/product"}],"about":[{"href":"https:\/\/hificlub.com.br\/loja\/wp-json\/wp\/v2\/types\/product"}],"wp:featuredmedia":[{"embeddable":true,"href":"https:\/\/hificlub.com.br\/loja\/wp-json\/wp\/v2\/media\/3544"}],"wp:attachment":[{"href":"https:\/\/hificlub.com.br\/loja\/wp-json\/wp\/v2\/media?parent=3549"}],"wp:term":[{"taxonomy":"product_brand","embeddable":true,"href":"https:\/\/hificlub.com.br\/loja\/wp-json\/wp\/v2\/product_brand?post=3549"},{"taxonomy":"product_cat","embeddable":true,"href":"https:\/\/hificlub.com.br\/loja\/wp-json\/wp\/v2\/product_cat?post=3549"},{"taxonomy":"product_tag","embeddable":true,"href":"https:\/\/hificlub.com.br\/loja\/wp-json\/wp\/v2\/product_tag?post=3549"}],"curies":[{"name":"wp","href":"https:\/\/api.w.org\/{rel}","templated":true}]}}