{"id":3514,"date":"2023-10-17T20:06:50","date_gmt":"2023-10-17T23:06:50","guid":{"rendered":"https:\/\/hificlub.com.br\/loja2\/produto\/viola-cadenza-ii\/"},"modified":"2025-09-14T17:51:33","modified_gmt":"2025-09-14T20:51:33","slug":"viola-cadenza-ii","status":"publish","type":"product","link":"https:\/\/hificlub.com.br\/loja\/produto\/viola-cadenza-ii\/","title":{"rendered":"VIOLA CADENZA Full Balanced"},"content":{"rendered":"<p>ESTADO 9\/10<\/p>\n<p>Viola Audio Laboratories pode ser uma empresa nova com um nome desconhecido, mas tem profundas ra\u00edzes audi\u00f3filas. \u00c9 a mais recente encarna\u00e7\u00e3o de parte do grupo de c\u00e9rebros por tr\u00e1s da Cello Music and Film: os designers de \u00e1udio Tom Colangelo e Paul Jayson, ambos veteranos do Mark Levinson Audio Systems (MLAS) original; e COO Tony Disalvo (que desde ent\u00e3o deixou a Viola para seguir outros interesses).<\/p>\n<p>Viola est\u00e1 contrariando toda a tend\u00eancia da \u201cconverg\u00eancia\u201d. Ele fabrica equipamentos exclusivamente de dois canais e evita o design digital, e seus projetistas j\u00e1 provaram a si mesmos que mesmo algo t\u00e3o &#8220;b\u00e1sico&#8221; como o design anal\u00f3gico requer uma vida inteira de dom\u00ednio. Em suas palavras, a Viola cria \u201creprodu\u00e7\u00e3o de \u00e1udio de alta qualidade na tradi\u00e7\u00e3o dos primeiros equipamentos MLAS: melhores pe\u00e7as, mais altos padr\u00f5es, inspe\u00e7\u00e3o minuciosa, acabamento de qualidade e design simples\u201d. E, claro, \u201cuma cren\u00e7a na validade da medi\u00e7\u00e3o, bem como uma aceita\u00e7\u00e3o de que a m\u00fasica \u00e9 experimentada al\u00e9m de ser medida e entregue por f\u00f3rmulas matem\u00e1ticas\u201d.<\/p>\n<p>Os designers da Viola trabalham em equipe, mas, como numa m\u00fasica dos Beatles, um membro geralmente assume a lideran\u00e7a enquanto o outro melhora. No caso do Cadenza, Paul Jayson foi o prim\u00e1rio. O amplificador de pot\u00eancia Symphony, que tamb\u00e9m usei para fazer o teste do Cadenza, era mais o beb\u00ea de Tom Colangelo.<\/p>\n<p>O Cadenza usa uma fonte de alimenta\u00e7\u00e3o externa com entrada de estrangulamento, uma topologia que Jayson diz que produz menos interfer\u00eancia eletromagn\u00e9tica do que um projeto convencional de entrada de capacitor. Ele tamb\u00e9m produz menos correntes de ondula\u00e7\u00e3o de pico alto, diz ele, o que significa menos distor\u00e7\u00e3o de intermodula\u00e7\u00e3o nos trilhos da fonte de alimenta\u00e7\u00e3o e nos retornos de terra. Tradu\u00e7\u00e3o: um pr\u00e9-amplificador mais silencioso com muito menos ru\u00eddo de alta frequ\u00eancia. Jayson ressalta que o afogador tamb\u00e9m \u201cprotege\u201d os componentes da fonte de alimenta\u00e7\u00e3o contra grandes flutua\u00e7\u00f5es, o que prolonga a confiabilidade.<\/p>\n<p>A parte de \u00e1udio do Cadenza emprega circuitos classe A totalmente balanceados. A placa-m\u00e3e abriga os rel\u00e9s de comuta\u00e7\u00e3o de sinal, se\u00e7\u00f5es de fonte de alimenta\u00e7\u00e3o local e conectores de entrada e sa\u00edda \u2013 uma topologia que mant\u00e9m os caminhos de sinal o mais curtos poss\u00edvel. Os est\u00e1gios de amplifica\u00e7\u00e3o s\u00e3o controlados por tr\u00eas m\u00f3dulos de ganho OTA personalizados, que combinam entrada FET monol\u00edtica dupla e topologia cascode para preservar a ampla faixa din\u00e2mica enquanto minimizam os efeitos das varia\u00e7\u00f5es da fonte de alimenta\u00e7\u00e3o. Jayson avalia que os m\u00f3dulos OTA \u201caproximam-se de um est\u00e1gio de ganho idealizado\u201d. Constru\u00eddo a partir de componentes discretos, cada m\u00f3dulo emprega resistores de pel\u00edcula fina de ultra-alta precis\u00e3o (0,1%) (por suas caracter\u00edsticas de baixo ru\u00eddo) e \u00e9 otimizado para sua aplica\u00e7\u00e3o espec\u00edfica dentro do circuito.<\/p>\n<p>Jayson projetou a se\u00e7\u00e3o de entrada para ter uma imped\u00e2ncia de entrada de 1 megohm, raciocinando que imped\u00e2ncias altas: 1) reduzem erros nas jun\u00e7\u00f5es de contato do conector; 2) conservar a corrente de acionamento de sa\u00edda da fonte, o que disponibiliza mais corrente de sa\u00edda da unidade de fonte para acionar as interconex\u00f5es, melhorando assim o desempenho de alta frequ\u00eancia e a resposta transit\u00f3ria; e 3) preservar a capacidade da entrada balanceada de rejeitar interfer\u00eancias se as imped\u00e2ncias de sa\u00edda da fonte de sinal n\u00e3o forem perfeitamente combinadas.<\/p>\n<p>Em rela\u00e7\u00e3o a este \u00faltimo ponto, Jayson diz que pequenas diferen\u00e7as &#8211; digamos, 1% &#8211; nas imped\u00e2ncias de sa\u00edda das duas metades de uma sa\u00edda balanceada (uma ocorr\u00eancia n\u00e3o rara) podem levar a uma &#8220;redu\u00e7\u00e3o significativa na taxa de rejei\u00e7\u00e3o de modo comum do pr\u00e9-amplificador ( CMRR) &#8211; e conseq\u00fcente aumento no n\u00edvel de ru\u00eddo &#8211; quando usado com imped\u00e2ncia de entrada na faixa convencional de 10k ohms a 50k ohms. N\u00e3o tanto com imped\u00e2ncias altas&#8221;, diz ele.<\/p>\n<p>Os m\u00f3dulos de est\u00e1gio de sa\u00edda do Cadenza empregam um \u201ctipo especial de compensa\u00e7\u00e3o que preserva a integridade da fase do sinal de sa\u00edda balanceado em todo o espectro de \u00e1udio\u201d. Tradu\u00e7\u00e3o: maior precis\u00e3o do timbre e imagem tridimensional e encena\u00e7\u00e3o sonora. O est\u00e1gio de sa\u00edda \u00e9 silenciado durante a ativa\u00e7\u00e3o e desativa\u00e7\u00e3o.<\/p>\n<p>Al\u00e9m de seu controle de volume est\u00e9reo, o Cadenza possui duas chaves de ganho escalonadas de 11 posi\u00e7\u00f5es que controlam o equil\u00edbrio do canal e permitem a correspond\u00eancia de fontes de entrada com n\u00edveis de sa\u00edda amplamente divergentes. Jayson os colocou no ciclo de feedback inverso porque \u00e9 onde eles ficam mais silenciosos.<\/p>\n<p>Depois, h\u00e1 o pr\u00f3prio controle de volume, um atenuador escalonado feito sob medida com 59 incrementos de 1dB cada. Ele usa resistores de filme Vishay de 0,1% e o material de contato \u00e9 uma liga com alto teor de ouro que tamb\u00e9m cont\u00e9m platina, prata e cobre. O contato do limpador foi projetado para que \u201ca vibra\u00e7\u00e3o externa n\u00e3o module a press\u00e3o\u201d, pois isso afetaria o som. Este \u00e9 um controle de volume sexy &#8211; tive que me conter para n\u00e3o clicar nele para cima e para baixo enquanto gargalhava Bwah-ha-ha-hah! Voc\u00ea ri, mas apenas porque ainda n\u00e3o experimentou nada parecido com a sensa\u00e7\u00e3o t\u00e1til deste trabalhador.<\/p>\n<p>O Cadenza tem quatro entradas RCA, uma XLR e \u2013 uma explos\u00e3o do passado \u2013 uma entrada estilo baioneta Fischer. As sa\u00eddas consistem em um RCA (mais uma sa\u00edda de fita RCA), dois XLR e um Fischer. (Voc\u00eas, jovens, n\u00e3o se lembrar\u00e3o de Fischer, mas todos os primeiros componentes do MLAS e do Cello os exibiam; \u00e9 um legado.) Ah, sim, e h\u00e1 um espa\u00e7o na placa de circuito para uma placa opcional &#8211; uma se\u00e7\u00e3o fono a ser anunciada mais tarde. .?<\/p>\n<p>E, apesar da \u00eanfase de dois canais do Viola, o Cadenza possui um switch montado na placa que permite usar uma entrada balanceada ou de termina\u00e7\u00e3o \u00fanica como um loop de processador se voc\u00ea quiser incorpor\u00e1-lo em um sistema multicanal.<\/p>\n<p>O Cadenza tem um lindo chassi, um painel frontal fresado em s\u00f3lido, um \u00f3timo trabalho de anodiza\u00e7\u00e3o e alguns pequenos toques interessantes &#8211; como os bot\u00f5es perfurados. Uma grande pe\u00e7a de metal em todos os aspectos, \u00e9 discreta, no que diz respeito \u00e0s joias de \u00e1udio &#8211; a maior parte da eleg\u00e2ncia do Cadenza est\u00e1 no interior. Seu exterior erra mais no extremo utilit\u00e1rio da escala, o que eu respeito. \u00c9 mais Bentley do que Lamborghini.<\/p>\n<p>Especifica\u00e7\u00f5es<br \/>\nDescri\u00e7\u00e3o: Pr\u00e9-amplificador de est\u00e1gio de linha de dois canais de estado s\u00f3lido com fonte de alimenta\u00e7\u00e3o externa. Entradas: 4 RCA single-ended (1 com espa\u00e7o para cart\u00e3o opcional), 1 Fischer, 1 XLR. Sa\u00eddas: 1 single-ended (RCA), 1 tape loop, 1 Fisher, 2 XLR. Resposta de frequ\u00eancia: 20Hz\u201320kHz, \u00b10,1dB. Imped\u00e2ncia de entrada: 1 megaohm. IMD: &lt;0,005% na entrada de 1V. THD: &lt;0,01% a 20kHz, entrada de 1V.<br \/>\nDimens\u00f5es: Pr\u00e9-amplificador: 17,5&#8243; (447 mm) L por 3,5&#8243; (91 mm) H por 16&#8243; (406 mm) D. Peso: 16 lbs (7,3 kg). Fonte de alimenta\u00e7\u00e3o: 8,75&#8243; (223 mm) W por 3,5&#8243; (91 mm) H por 16&#8243; (406 mm) D. Peso: 20 lbs (9,1 kg).<\/p>\n","protected":false},"excerpt":{"rendered":"<p>ESTADO 9\/10 Viola Audio Laboratories pode ser uma empresa nova com um nome desconhecido, mas tem profundas ra\u00edzes audi\u00f3filas. \u00c9 a mais recente encarna\u00e7\u00e3o de parte do grupo de c\u00e9rebros por tr\u00e1s da Cello Music and Film: os designers de \u00e1udio Tom Colangelo e Paul Jayson, ambos veteranos do Mark Levinson Audio Systems (MLAS) original; [&hellip;]<\/p>\n","protected":false},"featured_media":3511,"template":"","meta":{"_acf_changed":false},"product_brand":[],"product_cat":[38],"product_tag":[],"class_list":{"0":"post-3514","1":"product","2":"type-product","3":"status-publish","4":"has-post-thumbnail","6":"product_cat-pre-amplificador","8":"first","9":"instock","10":"sold-individually","11":"shipping-taxable","12":"purchasable","13":"product-type-simple"},"acf":[],"aioseo_notices":[],"_links":{"self":[{"href":"https:\/\/hificlub.com.br\/loja\/wp-json\/wp\/v2\/product\/3514","targetHints":{"allow":["GET"]}}],"collection":[{"href":"https:\/\/hificlub.com.br\/loja\/wp-json\/wp\/v2\/product"}],"about":[{"href":"https:\/\/hificlub.com.br\/loja\/wp-json\/wp\/v2\/types\/product"}],"wp:featuredmedia":[{"embeddable":true,"href":"https:\/\/hificlub.com.br\/loja\/wp-json\/wp\/v2\/media\/3511"}],"wp:attachment":[{"href":"https:\/\/hificlub.com.br\/loja\/wp-json\/wp\/v2\/media?parent=3514"}],"wp:term":[{"taxonomy":"product_brand","embeddable":true,"href":"https:\/\/hificlub.com.br\/loja\/wp-json\/wp\/v2\/product_brand?post=3514"},{"taxonomy":"product_cat","embeddable":true,"href":"https:\/\/hificlub.com.br\/loja\/wp-json\/wp\/v2\/product_cat?post=3514"},{"taxonomy":"product_tag","embeddable":true,"href":"https:\/\/hificlub.com.br\/loja\/wp-json\/wp\/v2\/product_tag?post=3514"}],"curies":[{"name":"wp","href":"https:\/\/api.w.org\/{rel}","templated":true}]}}