{"id":3474,"date":"2023-10-17T20:06:44","date_gmt":"2023-10-17T23:06:44","guid":{"rendered":"https:\/\/hificlub.com.br\/loja2\/produto\/unison-research-unico-cde-hibrido\/"},"modified":"2025-12-11T07:01:00","modified_gmt":"2025-12-11T10:01:00","slug":"unison-research-unico-cde-hibrido","status":"publish","type":"product","link":"https:\/\/hificlub.com.br\/loja\/produto\/unison-research-unico-cde-hibrido\/","title":{"rendered":"UNISON RESEARCH UNICO CDE CD Player Valvulado"},"content":{"rendered":"<h3><em>S\u00e9rie Unico<\/em><\/h3>\n<p>Para oferecer a seus clientes o m\u00e1ximo de desempenho e valor, a Unison Research investe muitos recursos em testes e experimentos, e estamos constantemente em busca de novos componentes e novas configura\u00e7\u00f5es.\u00a0O leitor de CD Unico CDE apresenta uma facilidade de atualiza\u00e7\u00e3o sem precedentes do DAC atrav\u00e9s da inser\u00e7\u00e3o de um cart\u00e3o opcional.<\/p>\n<p>O novo Unico CDE \u00e9 a evolu\u00e7\u00e3o natural do dell&#8217;UnicoCD, um lend\u00e1rio CD player na hist\u00f3ria da Unison Research.\u00a0O Unico CDE tamb\u00e9m vem com um novo visual gra\u00e7as a uma estrutura de alum\u00ednio escovado e um design l\u00f3gico, mas elegante do painel frontal.<\/p>\n<p><strong><span dir=\"auto\">A tecnologia aprimora o desempenho.<\/span><\/strong><br \/>\n<span dir=\"auto\">D\u00ea uma olhada no interior do CDE e voc\u00ea encontrar\u00e1 os layouts de circuitos cuidadosamente executados da Unison e um quarteto de v\u00e1lvulas no est\u00e1gio de sa\u00edda. A empresa tem d\u00e9cadas de experi\u00eancia em tecnologia de v\u00e1lvulas, portanto, n\u00e3o \u00e9 surpresa ver circuitos valvulados neste reprodutor de CD.<\/span><\/p>\n<p><span dir=\"auto\">Os circuitos valvulados geralmente soam mais agrad\u00e1veis \u200b\u200bdo que as alternativas baseadas em transistores, adicionando uma riqueza e fluidez ao \u00e1udio que \u00e9 muito dif\u00edcil de obter de outra forma.<\/span><\/p>\n<p><span dir=\"auto\">Outras caracter\u00edsticas t\u00e9cnicas incluem uma entrada digital coaxial para que voc\u00ea possa usar o DAC interno de alta qualidade com uma fonte digital externa e um par de sa\u00eddas anal\u00f3gicas balanceadas.<\/span><\/p>\n<p><strong>Caracter\u00edsticas principais:<\/strong><\/p>\n<ul>\n<li>Leitor de CD de alta qualidade<\/li>\n<li>Cristal CS4392 DAC<\/li>\n<li>Visor LCD retroiluminado para feedback de informa\u00e7\u00f5es<\/li>\n<li>Interface de usu\u00e1rio intuitiva baseada em controle remoto RC2<\/li>\n<li>1x v\u00e1lvula ECC82 usada no est\u00e1gio de \u00e1udio<\/li>\n<li>Acabamento em prata jateado premium ou acabamento em preto<\/li>\n<li>\n<h3>Dados t\u00e9cnicos<\/h3>\n<table class=\"table table-striped table-bordered table-responsive;\" border=\"0.5px\">\n<tbody>\n<tr>\n<td>Transporte:<\/td>\n<td>TEAC CD5010A<\/td>\n<\/tr>\n<tr>\n<td>Interface Digital:<\/td>\n<td>Cristal CS8420<\/td>\n<\/tr>\n<tr>\n<td>Conversor de taxa de amostra:<\/td>\n<td>Burr Brown SRC4192<\/td>\n<\/tr>\n<tr>\n<td>Conversor D\/A:<\/td>\n<td>Crystal CS4392, 24 bits, 192 kHz<\/td>\n<\/tr>\n<tr>\n<td>Amostragem:<\/td>\n<td>24 bits \/ 96kHz<\/td>\n<\/tr>\n<tr>\n<td>Padr\u00e3o digital:<\/td>\n<td>AES3, IEC60958 (S\/PDIF) e EIAJ CP-1201<\/td>\n<\/tr>\n<tr>\n<td>Sa\u00edda digital:<\/td>\n<td>96kHz<\/td>\n<\/tr>\n<tr>\n<td>Est\u00e1gio de sa\u00edda:<\/td>\n<td>Seguidor de c\u00e1todo triodo duplo em paralelo<\/td>\n<\/tr>\n<tr>\n<td>Sa\u00eddas:<\/td>\n<td>1x Sa\u00edda RCA<br \/>\n1x XLR<\/td>\n<\/tr>\n<tr>\n<td>Ganho:<\/td>\n<td>0dB (Baixo), +6dB (Alto)<\/td>\n<\/tr>\n<tr>\n<td>V\u00e1lvula:<\/td>\n<td>4 x ECC83 (12AX7)<\/td>\n<\/tr>\n<tr>\n<td>Consumo de energia:<\/td>\n<td>100 W (m\u00e1x.)<\/td>\n<\/tr>\n<tr>\n<td>Dimens\u00f5es:<\/td>\n<td>43,5 x 13 x 43 cm<\/td>\n<\/tr>\n<tr>\n<td>Peso:<\/td>\n<td>12kg<\/td>\n<\/tr>\n<\/tbody>\n<\/table>\n<\/li>\n<\/ul>\n","protected":false},"excerpt":{"rendered":"<p>S\u00e9rie Unico Para oferecer a seus clientes o m\u00e1ximo de desempenho e valor, a Unison Research investe muitos recursos em testes e experimentos, e estamos constantemente em busca de novos componentes e novas configura\u00e7\u00f5es.\u00a0O leitor de CD Unico CDE apresenta uma facilidade de atualiza\u00e7\u00e3o sem precedentes do DAC atrav\u00e9s da inser\u00e7\u00e3o de um cart\u00e3o opcional. [&hellip;]<\/p>\n","protected":false},"featured_media":3470,"template":"","meta":{"_acf_changed":false},"product_brand":[],"product_cat":[42,41,227],"product_tag":[],"class_list":{"0":"post-3474","1":"product","2":"type-product","3":"status-publish","4":"has-post-thumbnail","6":"product_cat-cd-players","7":"product_cat-digital","8":"product_cat-unison-research","10":"first","11":"instock","12":"sold-individually","13":"shipping-taxable","14":"purchasable","15":"product-type-simple"},"acf":[],"aioseo_notices":[],"_links":{"self":[{"href":"https:\/\/hificlub.com.br\/loja\/wp-json\/wp\/v2\/product\/3474","targetHints":{"allow":["GET"]}}],"collection":[{"href":"https:\/\/hificlub.com.br\/loja\/wp-json\/wp\/v2\/product"}],"about":[{"href":"https:\/\/hificlub.com.br\/loja\/wp-json\/wp\/v2\/types\/product"}],"wp:featuredmedia":[{"embeddable":true,"href":"https:\/\/hificlub.com.br\/loja\/wp-json\/wp\/v2\/media\/3470"}],"wp:attachment":[{"href":"https:\/\/hificlub.com.br\/loja\/wp-json\/wp\/v2\/media?parent=3474"}],"wp:term":[{"taxonomy":"product_brand","embeddable":true,"href":"https:\/\/hificlub.com.br\/loja\/wp-json\/wp\/v2\/product_brand?post=3474"},{"taxonomy":"product_cat","embeddable":true,"href":"https:\/\/hificlub.com.br\/loja\/wp-json\/wp\/v2\/product_cat?post=3474"},{"taxonomy":"product_tag","embeddable":true,"href":"https:\/\/hificlub.com.br\/loja\/wp-json\/wp\/v2\/product_tag?post=3474"}],"curies":[{"name":"wp","href":"https:\/\/api.w.org\/{rel}","templated":true}]}}