{"id":3458,"date":"2023-10-17T20:06:34","date_gmt":"2023-10-17T23:06:34","guid":{"rendered":"https:\/\/hificlub.com.br\/loja2\/produto\/monitor-audio-plc150-ii-ebony\/"},"modified":"2026-04-08T05:18:46","modified_gmt":"2026-04-08T08:18:46","slug":"monitor-audio-plc150-ii-ebony","status":"publish","type":"product","link":"https:\/\/hificlub.com.br\/loja\/produto\/monitor-audio-plc150-ii-ebony\/","title":{"rendered":"MONITOR AUDIO PLC150 II Ebony"},"content":{"rendered":"<div class=\"g tile--1x1 tile--g\">\n<nav class=\"info-buttons\"><a class=\"active\" data-click=\"info\">Descri\u00e7\u00e3o\u00a0<\/a><\/nav>\n<nav class=\"info-buttons\"><\/nav>\n<div class=\"product-info\" data-target=\"info\">\n<div class=\"productDescription\">\n<p>Caixa central equipado com uma configura\u00e7\u00e3o de driver de 6,5&#8243; RDT II bass driver, 6.5&#8243; RDT II bass\/mid e MPD tweeter, o PLC150 II complementar\u00e1 suas contrapartes do canal esquerdo e direito para criar uma unidade perfeita de som, que tece seus sentidos com cada cena .<\/p>\n<p>A a\u00e7\u00e3o cinematogr\u00e1fica e a m\u00fasica est\u00e3o carregadas de uma nova gravidade emocional que se mostrar\u00e1 irresist\u00edvel.<\/p>\n<p>Caracter\u00edsticas:<br \/>\n&#8211; Driver de baixo RDT II de 1 x 6,5&#8243;<br \/>\n&#8211; Driver de baixo \/ m\u00e9dio RDT II de 1 x 6,5&#8243;<br \/>\n&#8211; Transdutor de alta frequ\u00eancia MPD (diafragma micro plissado) projetado especificamente para Platinum II<br \/>\n&#8211; Porta traseira \u00fanica HiVe II<br \/>\n&#8211; Mecanismo patenteado &#8216;DCF&#8217; (Dynamic Coupling Filter) para um som mais natural<br \/>\n&#8211; Terminais de alto-falante sob medida<br \/>\n&#8211; Bobinas de voz submersas: maior efici\u00eancia do motorista e din\u00e2mica realista, menos distor\u00e7\u00e3o<br \/>\n&#8211; Parafuso de uma ponta a outra dos drivers: som mais limpo e est\u00e9tica mais limpa<br \/>\n&#8211; Compartimentos de m\u00e9dio alcance ARC (Anti-Resonance Composite) e componentes do defletor: vibra\u00e7\u00e3o reduzida do gabinete, qualidade de som mais pura<br \/>\n&#8211; Defletor dianteiro estofado \u00e0 m\u00e3o: o couro Inglestone da mais alta qualidade fornecido por Andrew Muirhead<br \/>\n&#8211; Telas de condu\u00e7\u00e3o individuais<\/p>\n<p>Especifica\u00e7\u00f5es:<br \/>\n&#8211; Resposta de Frequ\u00eancia: 45 Hz &#8211; 100 kHz<br \/>\n&#8211; Sensibilidade (1W @ 1M): 89 Db<br \/>\n&#8211; Imped\u00e2ncia Nominal: 4 ohms<br \/>\n&#8211; SPL m\u00e1ximo: 112,8 dBA<br \/>\n&#8211; Manipula\u00e7\u00e3o de energia (RMS): 200 W<br \/>\n&#8211; Requisitos recomendados do amplificador: 60 &#8211; 200 W<br \/>\n&#8211; Alinhamento de baixo: Portas Traseiras &#8211; Tecnologia HiVe II<br \/>\n&#8211; Frequ\u00eancia de Crossover Mid \/ HF: 3000 Hz<br \/>\n&#8211; Frequ\u00eancia de Crossover Low Pass: 600 Hz<br \/>\n&#8211; Driver de baixo \/ m\u00e9dio alcance: 1 x 6,5&#8243; RDT II unidade de graves \/ 1x 6,5&#8243; RDT II baixo \/ meio condutor<br \/>\n&#8211; Dimens\u00f5es externas (Lx A x P): 58 x 22,5 x 32,65 cm<br \/>\n&#8211; Peso: 23,98Kg<\/p>\n<\/div>\n<\/div>\n<p class=\"specification--property\">\n<p class=\"specification--property\">System Format<\/p>\n<p class=\"specification--specification\">21\/2\u00a0Way &#8211; 3 Driver<\/p>\n<\/div>\n<div class=\"g tile--1x1 tile--g\">\n<p class=\"specification--property\">Frequency Response (-6dB &#8211; IEC 268-13)<\/p>\n<p class=\"specification--specification\">45Hz &#8211; 100kHz<\/p>\n<\/div>\n<div class=\"g tile--1x1 tile--g\">\n<p class=\"specification--property\">Sensitivity (1W@1M)<\/p>\n<p class=\"specification--specification\">89dB<\/p>\n<\/div>\n<div class=\"g tile--1x1 tile--g\">\n<p class=\"specification--property\">Maximum S.P.L.<\/p>\n<p class=\"specification--specification\">112dBA<\/p>\n<\/div>\n<div class=\"grid-clear grid-clear__specification\"><\/div>\n<div class=\"g tile--1x1 tile--g\">\n<p class=\"specification--property\">Nominal Impedance<\/p>\n<p class=\"specification--specification\">6\u03a9 (4.5\u03a9 min. @ 170Hz)<\/p>\n<\/div>\n<div class=\"g tile--1x1 tile--g\">\n<p class=\"specification--property\">Power Handling (RMS)<\/p>\n<p class=\"specification--specification\">200W<\/p>\n<\/div>\n<div class=\"g tile--1x1 tile--g\">\n<p class=\"specification--property\">Recommended Amplifier Requirements (RMS)<\/p>\n<p class=\"specification--specification\">60 &#8211; 200W<\/p>\n<\/div>\n<div class=\"g tile--1x1 tile--g\">\n<p class=\"specification--property\">Cabinet Design<\/p>\n<p class=\"specification--specification\">Single rear HiVe\u00aeII port<\/p>\n<\/div>\n<div class=\"grid-clear grid-clear__specification\"><\/div>\n<div class=\"g tile--1x1 tile--g\">\n<p class=\"specification--property\">Drive Unit Compliment<\/p>\n<p class=\"specification--specification\">1 x 61\/2&#8243; RDT\u00aeII bass driver<br \/>\n1 x 61\/2&#8243; RDT II bass \/ mid driver<br \/>\n1 x MPD high frequency transducer<\/p>\n<\/div>\n<div class=\"g tile--1x1 tile--g\">\n<p class=\"specification--property\">Crossover Frequency<\/p>\n<p class=\"specification--specification\">MF\/HF: 3.0kHz<br \/>\nLF\/MF: 600Hz (-6dB LF)<\/p>\n<\/div>\n<div class=\"g tile--1x1 tile--g\">\n<p class=\"specification--property\">External Dimensions (H x W x D)<\/p>\n<p class=\"specification--specification\">225 x 583 x 291.2mm<br \/>\n(2215\/16 x 87\/8 x 117\/16\u201d)<\/p>\n<\/div>\n<div class=\"g tile--1x1 tile--g\">\n<p class=\"specification--property\">Weight (each)<\/p>\n<p class=\"specification--specification\">23.98kg (52lb 12oz)<\/p>\n<\/div>\n","protected":false},"excerpt":{"rendered":"<p>Descri\u00e7\u00e3o\u00a0 Caixa central equipado com uma configura\u00e7\u00e3o de driver de 6,5&#8243; RDT II bass driver, 6.5&#8243; RDT II bass\/mid e MPD tweeter, o PLC150 II complementar\u00e1 suas contrapartes do canal esquerdo e direito para criar uma unidade perfeita de som, que tece seus sentidos com cada cena . A a\u00e7\u00e3o cinematogr\u00e1fica e a m\u00fasica est\u00e3o [&hellip;]<\/p>\n","protected":false},"featured_media":3454,"template":"","meta":{"_acf_changed":false},"product_brand":[],"product_cat":[35,17,109],"product_tag":[],"class_list":{"0":"post-3458","1":"product","2":"type-product","3":"status-publish","4":"has-post-thumbnail","6":"product_cat-caixas-centrais","7":"product_cat-caixas","8":"product_cat-monitor-audio","10":"first","11":"instock","12":"sold-individually","13":"shipping-taxable","14":"purchasable","15":"product-type-simple"},"acf":[],"aioseo_notices":[],"_links":{"self":[{"href":"https:\/\/hificlub.com.br\/loja\/wp-json\/wp\/v2\/product\/3458","targetHints":{"allow":["GET"]}}],"collection":[{"href":"https:\/\/hificlub.com.br\/loja\/wp-json\/wp\/v2\/product"}],"about":[{"href":"https:\/\/hificlub.com.br\/loja\/wp-json\/wp\/v2\/types\/product"}],"wp:featuredmedia":[{"embeddable":true,"href":"https:\/\/hificlub.com.br\/loja\/wp-json\/wp\/v2\/media\/3454"}],"wp:attachment":[{"href":"https:\/\/hificlub.com.br\/loja\/wp-json\/wp\/v2\/media?parent=3458"}],"wp:term":[{"taxonomy":"product_brand","embeddable":true,"href":"https:\/\/hificlub.com.br\/loja\/wp-json\/wp\/v2\/product_brand?post=3458"},{"taxonomy":"product_cat","embeddable":true,"href":"https:\/\/hificlub.com.br\/loja\/wp-json\/wp\/v2\/product_cat?post=3458"},{"taxonomy":"product_tag","embeddable":true,"href":"https:\/\/hificlub.com.br\/loja\/wp-json\/wp\/v2\/product_tag?post=3458"}],"curies":[{"name":"wp","href":"https:\/\/api.w.org\/{rel}","templated":true}]}}