{"id":3450,"date":"2023-10-17T20:06:32","date_gmt":"2023-10-17T23:06:32","guid":{"rendered":"https:\/\/hificlub.com.br\/loja2\/produto\/monitor-audio-pl100-ii\/"},"modified":"2026-04-21T17:39:21","modified_gmt":"2026-04-21T20:39:21","slug":"monitor-audio-pl100-ii","status":"publish","type":"product","link":"https:\/\/hificlub.com.br\/loja\/produto\/monitor-audio-pl100-ii\/","title":{"rendered":"MONITOR AUDIO PL100 II Black Piano"},"content":{"rendered":"<p>Toda a maravilha da precis\u00e3o de tom cristalino do Platinum II \u00e9 concentrada por este belo alto-falante de duas vias composto por um \u00fanico driver de m\u00e9dios RDT II de 6,5&#8243; e um tweeter MPD .<\/p>\n<p>F\u00e1cil de colocar em seu ambiente, o PL100 II ir\u00e1, no entanto, compensar as suas dimens\u00f5es compactas com um amplo espa\u00e7o sonoro, interrompido por uma din\u00e2mica de tirar o f\u00f4lego e reflexos t\u00e3o est\u00e1veis que voc\u00ea quase pode toc\u00e1-lo.<\/p>\n<p>Caracter\u00edsticas<\/p>\n<p>&#8211; Driver de baixo\/m\u00e9dio RDT II de 6,5&#8243;<br \/>\n&#8211; Transdutor de alta frequ\u00eancia MPD (diafragma micro plissado) projetado especificamente para Platinum II<br \/>\n&#8211; Porta traseira \u00fanica HiVe II<br \/>\n&#8211; Mecanismo patenteado &#8216;DCF&#8217; (Dynamic Coupling Filter) para um som mais natural<br \/>\n&#8211; Terminais e suportes de colunas sob medida<br \/>\n&#8211; Bobinas de voz submersas: maior efici\u00eancia do driver e din\u00e2mica realista, menos distor\u00e7\u00e3o<br \/>\n&#8211; Parafuso de um ponta a outra dos drivers: som mais limpo e est\u00e9tica mais limpa<br \/>\n&#8211; Compartimentos de alcance m\u00e9dio composto de anti-resson\u00e2ncia e defletores: vibra\u00e7\u00e3o reduzida do gabinete, qualidade de som mais pura<br \/>\n&#8211; Defletor dianteiro estofado \u00e0 m\u00e3o: o couro Inglestone da mais alta qualidade fornecido por Andrew Muirhead<br \/>\n&#8211; Grades com drivers individual<br \/>\n&#8211; Acabamento: preto laqueado<\/p>\n","protected":false},"excerpt":{"rendered":"<p>Toda a maravilha da precis\u00e3o de tom cristalino do Platinum II \u00e9 concentrada por este belo alto-falante de duas vias composto por um \u00fanico driver de m\u00e9dios RDT II de 6,5&#8243; e um tweeter MPD . F\u00e1cil de colocar em seu ambiente, o PL100 II ir\u00e1, no entanto, compensar as suas dimens\u00f5es compactas com um [&hellip;]<\/p>\n","protected":false},"featured_media":42395,"template":"","meta":{"_acf_changed":false},"product_brand":[],"product_cat":[25,17,109],"product_tag":[],"class_list":{"0":"post-3450","1":"product","2":"type-product","3":"status-publish","4":"has-post-thumbnail","6":"product_cat-bookshelf","7":"product_cat-caixas","8":"product_cat-monitor-audio","10":"first","11":"instock","12":"sold-individually","13":"shipping-taxable","14":"purchasable","15":"product-type-simple"},"acf":[],"aioseo_notices":[],"_links":{"self":[{"href":"https:\/\/hificlub.com.br\/loja\/wp-json\/wp\/v2\/product\/3450","targetHints":{"allow":["GET"]}}],"collection":[{"href":"https:\/\/hificlub.com.br\/loja\/wp-json\/wp\/v2\/product"}],"about":[{"href":"https:\/\/hificlub.com.br\/loja\/wp-json\/wp\/v2\/types\/product"}],"wp:featuredmedia":[{"embeddable":true,"href":"https:\/\/hificlub.com.br\/loja\/wp-json\/wp\/v2\/media\/42395"}],"wp:attachment":[{"href":"https:\/\/hificlub.com.br\/loja\/wp-json\/wp\/v2\/media?parent=3450"}],"wp:term":[{"taxonomy":"product_brand","embeddable":true,"href":"https:\/\/hificlub.com.br\/loja\/wp-json\/wp\/v2\/product_brand?post=3450"},{"taxonomy":"product_cat","embeddable":true,"href":"https:\/\/hificlub.com.br\/loja\/wp-json\/wp\/v2\/product_cat?post=3450"},{"taxonomy":"product_tag","embeddable":true,"href":"https:\/\/hificlub.com.br\/loja\/wp-json\/wp\/v2\/product_tag?post=3450"}],"curies":[{"name":"wp","href":"https:\/\/api.w.org\/{rel}","templated":true}]}}