{"id":3443,"date":"2023-10-17T20:06:31","date_gmt":"2023-10-17T23:06:31","guid":{"rendered":"https:\/\/hificlub.com.br\/loja2\/produto\/monitor-audio-pl200-ii-black-piano\/"},"modified":"2026-04-21T17:42:45","modified_gmt":"2026-04-21T20:42:45","slug":"monitor-audio-pl200-ii-black-piano","status":"publish","type":"product","link":"https:\/\/hificlub.com.br\/loja\/produto\/monitor-audio-pl200-ii-black-piano\/","title":{"rendered":"MONITOR AUDIO PL200 II Black Piano"},"content":{"rendered":"<div class=\"g tile--1x1 tile--g\">\n<p class=\"specification--property\">ESTADO NOVA<\/p>\n<p>\u00c9 improv\u00e1vel que voc\u00ea descubra um alto-falante mais persuasivo do que o PL100 II em sua classe de pre\u00e7o, mas compare o PL200 II de ch\u00e3o com seu irm\u00e3o menor e imediatamente voc\u00ea notar\u00e1 o efeito de quatro drivers em um gabinete maior.\u00a0Tal \u00e9 a qualidade da engenharia do Platinum II que o car\u00e1ter do som permanece poderosamente consistente e expressivo, mas com a adi\u00e7\u00e3o de um segundo driver RDT\u00aeII de 6,5\u201d, os graves do PL200 II t\u00eam mais peso, enquanto seus m\u00e9dios dedicados de 4\u201d RDT II driver traz mais defini\u00e7\u00e3o para vocais e cordas.\u00a0Atrav\u00e9s do PL200 II, as texturas sutis s\u00e3o descritas de forma mais v\u00edvida e cada nota reproduzida com maior autoridade.\u00a0\u00c9 um fator de escala.\u00a0A precis\u00e3o l\u00edder da classe do Platinum II \u00e9 um dado, voc\u00ea simplesmente precisa combin\u00e1-lo com o tamanho do seu quarto.<\/p>\n<ul>\n<li>2 drivers de graves de longo alcance RDT\u00aeII de 6 1\/2&#8243;<\/li>\n<li>Driver de m\u00e9dio alcance RDT II de 4&#8243;<\/li>\n<li>Transdutor de alta frequ\u00eancia MPD (Micro plissado diafragma) projetado especificamente para Platinum II<\/li>\n<li>2 portas HiVe\u00aeII<\/li>\n<li>Novo mecanismo patenteado &#8216;DCF&#8217; (Dynamic Coupling Filter) para um som mais natural<\/li>\n<li>Terminais e sapatas de alto-falante sob medida<\/li>\n<li>Bobinas de voz enroladas na borda: maior efici\u00eancia do driver e din\u00e2mica realista, menos distor\u00e7\u00e3o<\/li>\n<li>Parafuso atrav\u00e9s de drivers: som mais claro e est\u00e9tica mais limpa<\/li>\n<li>Composto anti-resson\u00e2ncia (ARC) caixas de m\u00e9dio alcance e componentes defletores: vibra\u00e7\u00e3o reduzida do gabinete, qualidade de som mais pura<\/li>\n<li>Caixa interna selada TLE (Tapered Line Enclosure) para drivers de m\u00e9dio alcance: maior precis\u00e3o de som e vibra\u00e7\u00e3o reduzida do gabinete<\/li>\n<li>Defletor frontal estofado \u00e0 m\u00e3o: couro Inglestone da mais alta qualidade fornecido por Andrew Muirhead<\/li>\n<li>Grades de motorista individuais<\/li>\n<li>Op\u00e7\u00f5es de acabamento: folheados de madeira natural Santos Rosewood ou Ebony com laca de piano brilhante transparente ou laca preta brilhante de piano<\/li>\n<\/ul>\n<p>ESPECIFICA\u00c7\u00d5ES<\/p>\n<p>Formato do sistema<br \/>\n3 Way \u2013 4 Driver<\/p>\n<p>Resposta de Freq\u00fc\u00eancia (-6dB \u2013 IEC 268-13)<br \/>\n35Hz \u2013 100kHz<\/p>\n<p>Sensibilidade (1W @ 1M)<br \/>\n90dB<\/p>\n<p>SPL m\u00e1ximo<br \/>\n117dBA (par)<\/p>\n<p>imped\u00e2ncia nominal<br \/>\n4\u03a9 (4.0\u03a9 min. @ 135Hz)<\/p>\n<p>Poder de movimenta\u00e7\u00e3o (RMS)<br \/>\n250W<\/p>\n<p>Requisitos de amplifica\u00e7\u00e3o recomendada (RMS)<br \/>\n100 \u2013 250W<\/p>\n<p>Cabinet design<br \/>\nDuas portas HiVe\u00aeII<br \/>\nSealed mid-range cerco TLE<\/p>\n<p>Unidade Unidade de Complemento<br \/>\n2 x 6 1\/2 \u201caltifalantes de graves de longo alcance RDT\u00aeII<br \/>\n1 x 4\u2033 RDT II motorista mid-range<br \/>\n1 x MPD transdutor de alta frequ\u00eancia<\/p>\n<p>Frequ\u00eancia Crossover<br \/>\nMF \/ HF: 3.9kHz<br \/>\nLF \/ MF: 750Hz<\/p>\n<p>Externa Dimens\u00f5es (Inc. pedestal) (H x W x D)<br \/>\n998 x 360 x 375 mil\u00edmetros<br \/>\n(39 5\/16 x 14 3\/16 x 14 3\/4 \u201c)<\/p>\n<p>Dimens\u00f5es externas (Inc. p\u00e9s e picos) (H x W x D)<br \/>\n1043 x 360 x 375 mil\u00edmetros<br \/>\n(41 1\/16 x 14 3\/16 x 14 3\/4 \u201c)<\/p>\n<\/div>\n","protected":false},"excerpt":{"rendered":"<p>ESTADO NOVA \u00c9 improv\u00e1vel que voc\u00ea descubra um alto-falante mais persuasivo do que o PL100 II em sua classe de pre\u00e7o, mas compare o PL200 II de ch\u00e3o com seu irm\u00e3o menor e imediatamente voc\u00ea notar\u00e1 o efeito de quatro drivers em um gabinete maior.\u00a0Tal \u00e9 a qualidade da engenharia do Platinum II que o [&hellip;]<\/p>\n","protected":false},"featured_media":3441,"template":"","meta":{"_acf_changed":false},"product_brand":[],"product_cat":[17,109,18],"product_tag":[],"class_list":{"0":"post-3443","1":"product","2":"type-product","3":"status-publish","4":"has-post-thumbnail","6":"product_cat-caixas","7":"product_cat-monitor-audio","8":"product_cat-torres","10":"first","11":"instock","12":"sold-individually","13":"shipping-taxable","14":"purchasable","15":"product-type-simple"},"acf":[],"aioseo_notices":[],"_links":{"self":[{"href":"https:\/\/hificlub.com.br\/loja\/wp-json\/wp\/v2\/product\/3443","targetHints":{"allow":["GET"]}}],"collection":[{"href":"https:\/\/hificlub.com.br\/loja\/wp-json\/wp\/v2\/product"}],"about":[{"href":"https:\/\/hificlub.com.br\/loja\/wp-json\/wp\/v2\/types\/product"}],"wp:featuredmedia":[{"embeddable":true,"href":"https:\/\/hificlub.com.br\/loja\/wp-json\/wp\/v2\/media\/3441"}],"wp:attachment":[{"href":"https:\/\/hificlub.com.br\/loja\/wp-json\/wp\/v2\/media?parent=3443"}],"wp:term":[{"taxonomy":"product_brand","embeddable":true,"href":"https:\/\/hificlub.com.br\/loja\/wp-json\/wp\/v2\/product_brand?post=3443"},{"taxonomy":"product_cat","embeddable":true,"href":"https:\/\/hificlub.com.br\/loja\/wp-json\/wp\/v2\/product_cat?post=3443"},{"taxonomy":"product_tag","embeddable":true,"href":"https:\/\/hificlub.com.br\/loja\/wp-json\/wp\/v2\/product_tag?post=3443"}],"curies":[{"name":"wp","href":"https:\/\/api.w.org\/{rel}","templated":true}]}}