{"id":3427,"date":"2023-10-17T20:06:26","date_gmt":"2023-10-17T23:06:26","guid":{"rendered":"https:\/\/hificlub.com.br\/loja2\/produto\/vitus-audio-reference-linestage-rl-101\/"},"modified":"2025-11-09T21:39:28","modified_gmt":"2025-11-10T00:39:28","slug":"vitus-audio-reference-linestage-rl-101","status":"publish","type":"product","link":"https:\/\/hificlub.com.br\/loja\/produto\/vitus-audio-reference-linestage-rl-101\/","title":{"rendered":"VITUS AUDIO Reference Linestage RL-101 &#8211; Pr\u00e9-Amplificador de Linha Est\u00e9reo"},"content":{"rendered":"<p>O Vitus Audio Reference Linestage RL-101 \u00e9 um pr\u00e9-amplificador de linha est\u00e9reo que representa o compromisso da Vitus Audio, uma marca dinamarquesa de ultra <i>high-end<\/i>, com a pureza e a fidelidade sonora.<\/p>\n<p><b>Filosofia de Design:<\/b><\/p>\n<p>O RL-101 foi concebido para atuar como o cora\u00e7\u00e3o de um sistema de \u00e1udio de ponta, com uma filosofia de design que prioriza o <b>caminho de sinal mais curto e limpo poss\u00edvel<\/b>. O objetivo \u00e9 garantir que o sinal da fonte chegue ao amplificador de pot\u00eancia sem ser colorado ou degradado. Ele \u00e9 not\u00e1vel por sua constru\u00e7\u00e3o modular e foco em componentes de alt\u00edssima qualidade.<\/p>\n<p><b>Qualidade Sonora:<\/b><\/p>\n<p>Os pr\u00e9-amplificadores da Vitus Audio s\u00e3o aclamados por sua capacidade de oferecer um som incrivelmente <b>natural, org\u00e2nico e com grande resolu\u00e7\u00e3o<\/b>. O RL-101 \u00e9 projetado para ter uma apresenta\u00e7\u00e3o sonora muito aberta, com um palco sonoro profundo e uma din\u00e2mica fiel, permitindo que a m\u00fasica flua com realismo.<\/p>\n<p><b>Recursos e Flexibilidade:<\/b><\/p>\n<p>O RL-101 geralmente inclui recursos avan\u00e7ados, como est\u00e1gios de sa\u00edda balanceados e controle de volume baseado em resistores de precis\u00e3o, que s\u00e3o cruciais para manter a integridade do sinal em todos os n\u00edveis de volume. \u00c9 um componente feito para ser pareado com os amplificadores de pot\u00eancia de refer\u00eancia da pr\u00f3pria Vitus Audio, mas sua neutralidade e flexibilidade de conex\u00e3o o tornam compat\u00edvel com qualquer sistema de \u00e1udio <i>high-end<\/i>.<\/p>\n<p>O RL-101 \u00e9 uma das nossas mais recentes adi\u00e7\u00f5es \u00e0 S\u00e9rie Reference. Em 2004, Roy Gregory, da revista HiFi+, analisou o RP e o RL-100. Ele ficou extremamente impressionado com o desempenho de ambos os aparelhos, e, por isso, ambos receberam um pr\u00eamio por sua performance.<\/p>\n<p>O novo RL-101 \u00e9 simplesmente uma vers\u00e3o aprimorada do RL-100. O RL-101 n\u00e3o utiliza alimenta\u00e7\u00e3o por bateria, pois a tecnologia que desenvolvemos para nossas s\u00e9ries Signature e Master Piece oferece desempenho superior a qualquer fonte de alimenta\u00e7\u00e3o por bateria.<\/p>\n<p>Assim como todos os nossos outros produtos, o RL-101 \u00e9 baseado em m\u00f3dulos, o que garante ao propriet\u00e1rio uma garantia vital\u00edcia de desempenho, j\u00e1 que quaisquer novos m\u00f3dulos de aprimoramento de som podem ser facilmente instalados pelo pr\u00f3prio usu\u00e1rio.<\/p>\n<p>O controle de volume utiliza nossa tecnologia padr\u00e3o baseada em rel\u00e9s, presente em toda a nossa linha de produtos. Ele \u00e9 projetado de forma que apenas um resistor fixo esteja em s\u00e9rie com o sinal em cada ajuste de volume.<\/p>\n<p>Oferece entradas e sa\u00eddas RCA e XLR para compatibilidade ideal com qualquer configura\u00e7\u00e3o de sistema.<\/p>\n<p>O Vitus Audio RL-101 \u00e9 uma pe\u00e7a de engenharia de \u00e1udio que oferece controle transparente e musicalidade excepcional para os sistemas mais exigentes.<\/p>\n<div class=\"module_textblock\">\n<p>&nbsp;<\/p>\n<\/div>\n","protected":false},"excerpt":{"rendered":"<p>O Vitus Audio Reference Linestage RL-101 \u00e9 um pr\u00e9-amplificador de linha est\u00e9reo que representa o compromisso da Vitus Audio, uma marca dinamarquesa de ultra high-end, com a pureza e a fidelidade sonora. Filosofia de Design: O RL-101 foi concebido para atuar como o cora\u00e7\u00e3o de um sistema de \u00e1udio de ponta, com uma filosofia de [&hellip;]<\/p>\n","protected":false},"featured_media":3423,"template":"","meta":{"_acf_changed":false},"product_brand":[],"product_cat":[38],"product_tag":[],"class_list":{"0":"post-3427","1":"product","2":"type-product","3":"status-publish","4":"has-post-thumbnail","6":"product_cat-pre-amplificador","8":"first","9":"instock","10":"sold-individually","11":"shipping-taxable","12":"purchasable","13":"product-type-simple"},"acf":[],"aioseo_notices":[],"_links":{"self":[{"href":"https:\/\/hificlub.com.br\/loja\/wp-json\/wp\/v2\/product\/3427","targetHints":{"allow":["GET"]}}],"collection":[{"href":"https:\/\/hificlub.com.br\/loja\/wp-json\/wp\/v2\/product"}],"about":[{"href":"https:\/\/hificlub.com.br\/loja\/wp-json\/wp\/v2\/types\/product"}],"wp:featuredmedia":[{"embeddable":true,"href":"https:\/\/hificlub.com.br\/loja\/wp-json\/wp\/v2\/media\/3423"}],"wp:attachment":[{"href":"https:\/\/hificlub.com.br\/loja\/wp-json\/wp\/v2\/media?parent=3427"}],"wp:term":[{"taxonomy":"product_brand","embeddable":true,"href":"https:\/\/hificlub.com.br\/loja\/wp-json\/wp\/v2\/product_brand?post=3427"},{"taxonomy":"product_cat","embeddable":true,"href":"https:\/\/hificlub.com.br\/loja\/wp-json\/wp\/v2\/product_cat?post=3427"},{"taxonomy":"product_tag","embeddable":true,"href":"https:\/\/hificlub.com.br\/loja\/wp-json\/wp\/v2\/product_tag?post=3427"}],"curies":[{"name":"wp","href":"https:\/\/api.w.org\/{rel}","templated":true}]}}