{"id":3408,"date":"2023-10-17T20:06:22","date_gmt":"2023-10-17T23:06:22","guid":{"rendered":"https:\/\/hificlub.com.br\/loja2\/produto\/nordost-qrt-qx4\/"},"modified":"2025-12-02T07:04:32","modified_gmt":"2025-12-02T10:04:32","slug":"nordost-qrt-qx4","status":"publish","type":"product","link":"https:\/\/hificlub.com.br\/loja\/produto\/nordost-qrt-qx4\/","title":{"rendered":"NORDOST QUANTUM QRT Qx4 Purificador de Energia"},"content":{"rendered":"<p>&nbsp;<\/p>\n<p>PURIFICADOR DE POT\u00caNCIA QX<\/p>\n<p>As unidades QX2 e QX4 s\u00e3o purificadores de energia eficazes sem comprometer as capacidades de corrente de pico da sua fonte de alimenta\u00e7\u00e3o ou a integridade do seu aterramento. Cada unidade QX cont\u00e9m geradores de campo QRT (dois no QX2, quatro no QX4 duas vezes mais potente) que aliviam o impacto da energia CA de baixa qualidade em seus componentes eletr\u00f4nicos sens\u00edveis, limitando RFI e erros de temporiza\u00e7\u00e3o. Coloque a(s) sua(s) unidade(s) QX no centro do seu sistema e voc\u00ea ouvir\u00e1 um n\u00edvel de ru\u00eddo mais baixo, maior faixa din\u00e2mica, express\u00e3o musical mais fluida e maior espa\u00e7o e ambiente. As unidades QX permitem que voc\u00ea ou\u00e7a mais da sua m\u00fasica (e menos do seu sistema). Usados em conjunto entre si, bem como com os QBASE-Mark IIs, Qv2s e Qk1s, tanto o QX2 quanto o Qx4 fornecem uma resposta altamente eficaz \u00e0 influ\u00eancia insidiosa de fontes CA de baixa qualidade na reprodu\u00e7\u00e3o musical. E devido \u00e0 abordagem modular do QRT para tratamento de AC, voc\u00ea pode adicionar unidades adicionais \u00e0 medida que avan\u00e7a \u2013 elas nunca se tornam redundantes. Depois de ouvir a sensa\u00e7\u00e3o de vida e o fluxo musical sem esfor\u00e7o que adv\u00e9m da tecnologia QRT em seu sistema, voc\u00ea vai querer mais \u2013 que \u00e9 o que torna a natureza modular dos produtos QRT t\u00e3o atraente.<\/p>\n<h3><span dir=\"auto\">Especifica\u00e7\u00e3o:<\/span><\/h3>\n<ul>\n<li><span dir=\"auto\">Dimens\u00f5es (LxAxP): 270 x 80 x 195 mm<\/span><\/li>\n<li><span dir=\"auto\">Peso (l\u00edquido): 5 kg<\/span><\/li>\n<li><span dir=\"auto\">Entrada: 15A IEC<\/span><\/li>\n<li><span dir=\"auto\">Sa\u00edda: Schuko ou 13A Reino Unido<\/span><\/li>\n<li><span dir=\"auto\">Fus\u00edvel: Nenhum<\/span><\/li>\n<\/ul>\n","protected":false},"excerpt":{"rendered":"<p>&nbsp; PURIFICADOR DE POT\u00caNCIA QX As unidades QX2 e QX4 s\u00e3o purificadores de energia eficazes sem comprometer as capacidades de corrente de pico da sua fonte de alimenta\u00e7\u00e3o ou a integridade do seu aterramento. Cada unidade QX cont\u00e9m geradores de campo QRT (dois no QX2, quatro no QX4 duas vezes mais potente) que aliviam o [&hellip;]<\/p>\n","protected":false},"featured_media":3406,"template":"","meta":{"_acf_changed":false},"product_brand":[],"product_cat":[89,106,118],"product_tag":[],"class_list":{"0":"post-3408","1":"product","2":"type-product","3":"status-publish","4":"has-post-thumbnail","6":"product_cat-acessorios","7":"product_cat-energia","8":"product_cat-nordost","10":"first","11":"instock","12":"sold-individually","13":"shipping-taxable","14":"purchasable","15":"product-type-simple"},"acf":[],"aioseo_notices":[],"_links":{"self":[{"href":"https:\/\/hificlub.com.br\/loja\/wp-json\/wp\/v2\/product\/3408","targetHints":{"allow":["GET"]}}],"collection":[{"href":"https:\/\/hificlub.com.br\/loja\/wp-json\/wp\/v2\/product"}],"about":[{"href":"https:\/\/hificlub.com.br\/loja\/wp-json\/wp\/v2\/types\/product"}],"wp:featuredmedia":[{"embeddable":true,"href":"https:\/\/hificlub.com.br\/loja\/wp-json\/wp\/v2\/media\/3406"}],"wp:attachment":[{"href":"https:\/\/hificlub.com.br\/loja\/wp-json\/wp\/v2\/media?parent=3408"}],"wp:term":[{"taxonomy":"product_brand","embeddable":true,"href":"https:\/\/hificlub.com.br\/loja\/wp-json\/wp\/v2\/product_brand?post=3408"},{"taxonomy":"product_cat","embeddable":true,"href":"https:\/\/hificlub.com.br\/loja\/wp-json\/wp\/v2\/product_cat?post=3408"},{"taxonomy":"product_tag","embeddable":true,"href":"https:\/\/hificlub.com.br\/loja\/wp-json\/wp\/v2\/product_tag?post=3408"}],"curies":[{"name":"wp","href":"https:\/\/api.w.org\/{rel}","templated":true}]}}