{"id":336,"date":"2023-10-17T19:51:07","date_gmt":"2023-10-17T22:51:07","guid":{"rendered":"https:\/\/hificlub.com.br\/loja2\/produto\/rotel-rmb1075-5x-120-watts\/"},"modified":"2026-02-18T05:50:26","modified_gmt":"2026-02-18T08:50:26","slug":"rotel-rmb1075-5x-120-watts","status":"publish","type":"product","link":"https:\/\/hificlub.com.br\/loja\/produto\/rotel-rmb1075-5x-120-watts\/","title":{"rendered":"ROTEL RMB-1075  Amplificador Multicanal THX 5x 120 watts"},"content":{"rendered":"<p>&nbsp;<\/p>\n<ul>\n<li style=\"list-style-type: none\">\n<ul>Descri\u00e7\u00e3o<\/ul>\n<\/li>\n<li style=\"list-style-type: none\">\n<ul>N\u00e3o h\u00e1 d\u00favida de que o RMB-1075 \u00e9 membro da fam\u00edlia Rotel. Possui certifica\u00e7\u00e3o THX e seu painel frontal \u00e9 coberto com o mesmo dissipador de calor vertical de seus irm\u00e3os, embora sua \u00e1rea de resfriamento aumentada seja uma das maneiras pelas quais o RMB-1075 \u00e9 uma melhoria em rela\u00e7\u00e3o ao agora descontinuado RB-985 Mk.II. Essas nadadeiras fizeram seu trabalho durante todas as minhas sess\u00f5es de audi\u00e7\u00e3o; o RMB-1075 nunca ficou mais do que ligeiramente quente ao toque. O centro do painel frontal possui o mesmo bot\u00e3o Power solit\u00e1rio de outros amplificadores Rotel. Acima est\u00e3o cinco LEDs que acendem se algum dos cinco canais do amplificador for for\u00e7ado a entrar no modo de prote\u00e7\u00e3o.<\/ul>\n<\/li>\n<\/ul>\n<p>O relativamente compacto RMB-1075 \u00e9 menor do que qualquer outro amplificador que tenho atualmente em meu est\u00fadio e, pesando apenas 43 libras, \u00e9 o mais gerenci\u00e1vel. Mas embora fosse pequeno em estatura, n\u00e3o poderia ser chamado de leve \u2013 como aquele garoto levantador de peso que costumava aparecer em todos os nossos quadrinhos, o RMB-1075 tinha pontos fortes que desmentiam seu tamanho.<\/p>\n<ul>\n<li>5 canais<\/li>\n<li>POT\u00caNCIA:<\/li>\n<li>120 Watts em 8 ohms por canal<\/li>\n<li>200 Watts em 4 ohms por canal<\/li>\n<li>THX Ultra2 Certified<\/li>\n<li>CONEX\u00c3O: RCA<\/li>\n<li>DIMENS\u00d5ES: 43,2cm x 40,2cm x 18,9cm (LxPxA)<\/li>\n<\/ul>\n<p>Continuous Power Output (20-20 kHz, &lt;0.03%) 5&#215;120 watts \/ch \/ 8 ohms DIN Power Output (1 kHz, 1%) 5&#215;200 watts \/ch \/ 4 ohms Total Harmonic Distortion (20 Hz &#8211; 20 kHz, 8 ohms) &lt;0.03% maximum cont. rated power one-half rated power one watt per channel Intermodulation Distortion (60 Hz: 7 kHz, 4:1) &lt;0.03%, maximum &lt;0.05%, maximum &lt;0.05%, maximum &lt;0.03%, maximum Frequency Response 15Hz &#8211; 100kHz +0.5dB, -3dB IM Distortion &lt;0.03% Damping Factor (8 Ohms) 180 Input Sensitivity \/ Impedance 1.0V \/ 33kOhms Signal to Noise Ratio (IHF A) 116dB Power Consumption 800 watts Dimensions (W x H x D) mm 432 x 189 x 402 mm Dimensions (W x H x D) in 17 1\/8 x 7 1\/2 x 15 13\/16 in Weight (net) 18 kg, 29.75 lbs<\/p>\n","protected":false},"excerpt":{"rendered":"<p>&nbsp; Descri\u00e7\u00e3o N\u00e3o h\u00e1 d\u00favida de que o RMB-1075 \u00e9 membro da fam\u00edlia Rotel. Possui certifica\u00e7\u00e3o THX e seu painel frontal \u00e9 coberto com o mesmo dissipador de calor vertical de seus irm\u00e3os, embora sua \u00e1rea de resfriamento aumentada seja uma das maneiras pelas quais o RMB-1075 \u00e9 uma melhoria em rela\u00e7\u00e3o ao agora descontinuado [&hellip;]<\/p>\n","protected":false},"featured_media":20668,"template":"","meta":{"_acf_changed":false},"product_brand":[],"product_cat":[27,48,24],"product_tag":[],"class_list":{"0":"post-336","1":"product","2":"type-product","3":"status-publish","4":"has-post-thumbnail","6":"product_cat-amplificador","7":"product_cat-multicanal","8":"product_cat-rotel","10":"first","11":"instock","12":"sold-individually","13":"shipping-taxable","14":"purchasable","15":"product-type-simple"},"acf":[],"aioseo_notices":[],"_links":{"self":[{"href":"https:\/\/hificlub.com.br\/loja\/wp-json\/wp\/v2\/product\/336","targetHints":{"allow":["GET"]}}],"collection":[{"href":"https:\/\/hificlub.com.br\/loja\/wp-json\/wp\/v2\/product"}],"about":[{"href":"https:\/\/hificlub.com.br\/loja\/wp-json\/wp\/v2\/types\/product"}],"wp:featuredmedia":[{"embeddable":true,"href":"https:\/\/hificlub.com.br\/loja\/wp-json\/wp\/v2\/media\/20668"}],"wp:attachment":[{"href":"https:\/\/hificlub.com.br\/loja\/wp-json\/wp\/v2\/media?parent=336"}],"wp:term":[{"taxonomy":"product_brand","embeddable":true,"href":"https:\/\/hificlub.com.br\/loja\/wp-json\/wp\/v2\/product_brand?post=336"},{"taxonomy":"product_cat","embeddable":true,"href":"https:\/\/hificlub.com.br\/loja\/wp-json\/wp\/v2\/product_cat?post=336"},{"taxonomy":"product_tag","embeddable":true,"href":"https:\/\/hificlub.com.br\/loja\/wp-json\/wp\/v2\/product_tag?post=336"}],"curies":[{"name":"wp","href":"https:\/\/api.w.org\/{rel}","templated":true}]}}